{"id":78412,"date":"2024-10-21T16:28:36","date_gmt":"2024-10-21T16:28:36","guid":{"rendered":"https:\/\/monlacata.cetrexmarketing.com\/producto\/celler-credo-and-the-winner-is\/"},"modified":"2024-10-21T16:28:36","modified_gmt":"2024-10-21T16:28:36","slug":"celler-credo-and-the-winner-is","status":"publish","type":"product","link":"https:\/\/monlacata.cetrexmarketing.com\/ca\/producto\/celler-credo-and-the-winner-is\/","title":{"rendered":"Celler Credo And The Winner Is&#8230;"},"content":{"rendered":"<p><strong>Celler Credo And The Winner Is&#8230;<\/strong><\/p>\n<p>Guanyar no vol dir ser sempre el primer, sin\u00f3 ser millor. Aquest \u00e9s un cupatge immillorable de varietats mediterr\u00e0nies. Ecol\u00f2gic i representatiu del Pened\u00e8s.  <\/p>\n<p>&nbsp;<\/p>\n","protected":false},"excerpt":{"rendered":"<p><strong>Celler Credo And The Winner Is&#8230;<\/strong><\/p>\n<p>Guanyar no vol dir ser sempre el primer, sin\u00f3 ser millor. Aquest \u00e9s un cupatge immillorable de varietats mediterr\u00e0nies. Ecol\u00f2gic i representatiu del Pened\u00e8s.  <\/p>\n","protected":false},"featured_media":78570,"comment_status":"closed","ping_status":"closed","template":"","meta":{"_acf_changed":false},"pwb-brand":[],"product_cat":[33020,33092,33048],"product_tag":[51797],"class_list":{"0":"post-78412","1":"product","2":"type-product","3":"status-publish","4":"has-post-thumbnail","6":"product_cat-vi-ca","7":"product_cat-vino-blanco-ca","8":"product_cat-ecologic-ca","9":"product_tag-celler-credo-and-the-winner-is-ca","10":"pa_anada-2023-ca","11":"pa_bodega-cellercredo-ca","12":"pa_ecologico-vegano-natural-ecologic","13":"pa_floral-blanc-floral","14":"pa_formatoenml-750-ca","15":"pa_graduacion-11_0-ca","16":"pa_maridaje-formatge-cremos","17":"pa_maridaje-marisc","18":"pa_maridaje-peix","19":"pa_pais-espanya-ca","20":"pa_region-cataluna-ca","21":"entry","22":"has-media","24":"first","25":"instock","26":"taxable","27":"shipping-taxable","28":"purchasable","29":"product-type-simple"},"acf":[],"yoast_head":"<!-- This site is optimized with the Yoast SEO Premium plugin v23.1 (Yoast SEO v24.1) - https:\/\/yoast.com\/wordpress\/plugins\/seo\/ -->\n<title>Celler Credo And The Winner Is...<\/title>\n<meta name=\"description\" content=\"Comprar online al millor preu el vi blanc Celler Credo And The Winner Is... a Mon la Cata. Web especilitzada en vins, destil\u00b7lats i alimentaci\u00f3.\" \/>\n<meta name=\"robots\" content=\"noindex, follow, max-snippet:-1, max-image-preview:large, max-video-preview:-1\" \/>\n<meta property=\"og:locale\" content=\"ca_ES\" \/>\n<meta property=\"og:type\" content=\"article\" \/>\n<meta property=\"og:title\" content=\"Celler Credo And The Winner Is...\" \/>\n<meta property=\"og:description\" content=\"Comprar online al millor preu el vi blanc Celler Credo And The Winner Is... a Mon la Cata. Web especilitzada en vins, destil\u00b7lats i alimentaci\u00f3.\" \/>\n<meta property=\"og:url\" content=\"https:\/\/monlacata.cetrexmarketing.com\/ca\/producto\/celler-credo-and-the-winner-is\/\" \/>\n<meta property=\"og:site_name\" content=\"M\u00f3n La Cata\" \/>\n<meta property=\"og:image\" content=\"https:\/\/monlacata.cetrexmarketing.com\/wp-content\/uploads\/2023\/07\/No-imagen.jpg\" \/>\n\t<meta property=\"og:image:width\" content=\"400\" \/>\n\t<meta property=\"og:image:height\" content=\"500\" \/>\n\t<meta property=\"og:image:type\" content=\"image\/jpeg\" \/>\n<meta name=\"twitter:card\" content=\"summary_large_image\" \/>\n<script type=\"application\/ld+json\" class=\"yoast-schema-graph\">{\"@context\":\"https:\/\/schema.org\",\"@graph\":[{\"@type\":\"WebPage\",\"@id\":\"https:\/\/monlacata.cetrexmarketing.com\/ca\/producto\/celler-credo-and-the-winner-is\/\",\"url\":\"https:\/\/monlacata.cetrexmarketing.com\/ca\/producto\/celler-credo-and-the-winner-is\/\",\"name\":\"Celler Credo And The Winner Is...\",\"isPartOf\":{\"@id\":\"https:\/\/monlacata.cetrexmarketing.com\/#website\"},\"primaryImageOfPage\":{\"@id\":\"https:\/\/monlacata.cetrexmarketing.com\/ca\/producto\/celler-credo-and-the-winner-is\/#primaryimage\"},\"image\":{\"@id\":\"https:\/\/monlacata.cetrexmarketing.com\/ca\/producto\/celler-credo-and-the-winner-is\/#primaryimage\"},\"thumbnailUrl\":\"https:\/\/monlacata.cetrexmarketing.com\/wp-content\/uploads\/2024\/10\/CELLER-CREDO-AND-THE-WINNER-IS.png\",\"datePublished\":\"2024-10-21T16:28:36+00:00\",\"dateModified\":\"2024-10-21T16:28:36+00:00\",\"description\":\"Comprar online al millor preu el vi blanc Celler Credo And The Winner Is... a Mon la Cata. Web especilitzada en vins, destil\u00b7lats i alimentaci\u00f3.\",\"breadcrumb\":{\"@id\":\"https:\/\/monlacata.cetrexmarketing.com\/ca\/producto\/celler-credo-and-the-winner-is\/#breadcrumb\"},\"inLanguage\":\"ca\",\"potentialAction\":[{\"@type\":\"ReadAction\",\"target\":[\"https:\/\/monlacata.cetrexmarketing.com\/ca\/producto\/celler-credo-and-the-winner-is\/\"]}]},{\"@type\":\"ImageObject\",\"inLanguage\":\"ca\",\"@id\":\"https:\/\/monlacata.cetrexmarketing.com\/ca\/producto\/celler-credo-and-the-winner-is\/#primaryimage\",\"url\":\"https:\/\/monlacata.cetrexmarketing.com\/wp-content\/uploads\/2024\/10\/CELLER-CREDO-AND-THE-WINNER-IS.png\",\"contentUrl\":\"https:\/\/monlacata.cetrexmarketing.com\/wp-content\/uploads\/2024\/10\/CELLER-CREDO-AND-THE-WINNER-IS.png\",\"width\":765,\"height\":1024,\"caption\":\"CELLER CREDO AND THE WINNER IS\"},{\"@type\":\"BreadcrumbList\",\"@id\":\"https:\/\/monlacata.cetrexmarketing.com\/ca\/producto\/celler-credo-and-the-winner-is\/#breadcrumb\",\"itemListElement\":[{\"@type\":\"ListItem\",\"position\":1,\"name\":\"Home\",\"item\":\"https:\/\/monlacata.cetrexmarketing.com\/ca\/\"},{\"@type\":\"ListItem\",\"position\":2,\"name\":\"Tienda\",\"item\":\"https:\/\/monlacata.cetrexmarketing.com\/ca\/tienda-2\/\"},{\"@type\":\"ListItem\",\"position\":3,\"name\":\"Celler Credo And The Winner Is&#8230;\"}]},{\"@type\":\"WebSite\",\"@id\":\"https:\/\/monlacata.cetrexmarketing.com\/#website\",\"url\":\"https:\/\/monlacata.cetrexmarketing.com\/\",\"name\":\"M\u00f3n La Cata\",\"description\":\"Tienda de vinos, licores, cervezas y gourmet\",\"publisher\":{\"@id\":\"https:\/\/monlacata.cetrexmarketing.com\/#organization\"},\"potentialAction\":[{\"@type\":\"SearchAction\",\"target\":{\"@type\":\"EntryPoint\",\"urlTemplate\":\"https:\/\/monlacata.cetrexmarketing.com\/?s={search_term_string}\"},\"query-input\":{\"@type\":\"PropertyValueSpecification\",\"valueRequired\":true,\"valueName\":\"search_term_string\"}}],\"inLanguage\":\"ca\"},{\"@type\":\"Organization\",\"@id\":\"https:\/\/monlacata.cetrexmarketing.com\/#organization\",\"name\":\"M\u00f3n La Cata\",\"url\":\"https:\/\/monlacata.cetrexmarketing.com\/\",\"logo\":{\"@type\":\"ImageObject\",\"inLanguage\":\"ca\",\"@id\":\"https:\/\/monlacata.cetrexmarketing.com\/#\/schema\/logo\/image\/\",\"url\":\"https:\/\/monlacata.cetrexmarketing.com\/wp-content\/uploads\/2024\/02\/monlacata-logo-blanc.png\",\"contentUrl\":\"https:\/\/monlacata.cetrexmarketing.com\/wp-content\/uploads\/2024\/02\/monlacata-logo-blanc.png\",\"width\":454,\"height\":193,\"caption\":\"M\u00f3n La Cata\"},\"image\":{\"@id\":\"https:\/\/monlacata.cetrexmarketing.com\/#\/schema\/logo\/image\/\"}}]}<\/script>\n<!-- \/ Yoast SEO Premium plugin. -->","yoast_head_json":{"title":"Celler Credo And The Winner Is...","description":"Comprar online al millor preu el vi blanc Celler Credo And The Winner Is... a Mon la Cata. Web especilitzada en vins, destil\u00b7lats i alimentaci\u00f3.","robots":{"index":"noindex","follow":"follow","max-snippet":"max-snippet:-1","max-image-preview":"max-image-preview:large","max-video-preview":"max-video-preview:-1"},"og_locale":"ca_ES","og_type":"article","og_title":"Celler Credo And The Winner Is...","og_description":"Comprar online al millor preu el vi blanc Celler Credo And The Winner Is... a Mon la Cata. Web especilitzada en vins, destil\u00b7lats i alimentaci\u00f3.","og_url":"https:\/\/monlacata.cetrexmarketing.com\/ca\/producto\/celler-credo-and-the-winner-is\/","og_site_name":"M\u00f3n La Cata","og_image":[{"width":400,"height":500,"url":"https:\/\/monlacata.cetrexmarketing.com\/wp-content\/uploads\/2023\/07\/No-imagen.jpg","type":"image\/jpeg"}],"twitter_card":"summary_large_image","schema":{"@context":"https:\/\/schema.org","@graph":[{"@type":"WebPage","@id":"https:\/\/monlacata.cetrexmarketing.com\/ca\/producto\/celler-credo-and-the-winner-is\/","url":"https:\/\/monlacata.cetrexmarketing.com\/ca\/producto\/celler-credo-and-the-winner-is\/","name":"Celler Credo And The Winner Is...","isPartOf":{"@id":"https:\/\/monlacata.cetrexmarketing.com\/#website"},"primaryImageOfPage":{"@id":"https:\/\/monlacata.cetrexmarketing.com\/ca\/producto\/celler-credo-and-the-winner-is\/#primaryimage"},"image":{"@id":"https:\/\/monlacata.cetrexmarketing.com\/ca\/producto\/celler-credo-and-the-winner-is\/#primaryimage"},"thumbnailUrl":"https:\/\/monlacata.cetrexmarketing.com\/wp-content\/uploads\/2024\/10\/CELLER-CREDO-AND-THE-WINNER-IS.png","datePublished":"2024-10-21T16:28:36+00:00","dateModified":"2024-10-21T16:28:36+00:00","description":"Comprar online al millor preu el vi blanc Celler Credo And The Winner Is... a Mon la Cata. Web especilitzada en vins, destil\u00b7lats i alimentaci\u00f3.","breadcrumb":{"@id":"https:\/\/monlacata.cetrexmarketing.com\/ca\/producto\/celler-credo-and-the-winner-is\/#breadcrumb"},"inLanguage":"ca","potentialAction":[{"@type":"ReadAction","target":["https:\/\/monlacata.cetrexmarketing.com\/ca\/producto\/celler-credo-and-the-winner-is\/"]}]},{"@type":"ImageObject","inLanguage":"ca","@id":"https:\/\/monlacata.cetrexmarketing.com\/ca\/producto\/celler-credo-and-the-winner-is\/#primaryimage","url":"https:\/\/monlacata.cetrexmarketing.com\/wp-content\/uploads\/2024\/10\/CELLER-CREDO-AND-THE-WINNER-IS.png","contentUrl":"https:\/\/monlacata.cetrexmarketing.com\/wp-content\/uploads\/2024\/10\/CELLER-CREDO-AND-THE-WINNER-IS.png","width":765,"height":1024,"caption":"CELLER CREDO AND THE WINNER IS"},{"@type":"BreadcrumbList","@id":"https:\/\/monlacata.cetrexmarketing.com\/ca\/producto\/celler-credo-and-the-winner-is\/#breadcrumb","itemListElement":[{"@type":"ListItem","position":1,"name":"Home","item":"https:\/\/monlacata.cetrexmarketing.com\/ca\/"},{"@type":"ListItem","position":2,"name":"Tienda","item":"https:\/\/monlacata.cetrexmarketing.com\/ca\/tienda-2\/"},{"@type":"ListItem","position":3,"name":"Celler Credo And The Winner Is&#8230;"}]},{"@type":"WebSite","@id":"https:\/\/monlacata.cetrexmarketing.com\/#website","url":"https:\/\/monlacata.cetrexmarketing.com\/","name":"M\u00f3n La Cata","description":"Tienda de vinos, licores, cervezas y gourmet","publisher":{"@id":"https:\/\/monlacata.cetrexmarketing.com\/#organization"},"potentialAction":[{"@type":"SearchAction","target":{"@type":"EntryPoint","urlTemplate":"https:\/\/monlacata.cetrexmarketing.com\/?s={search_term_string}"},"query-input":{"@type":"PropertyValueSpecification","valueRequired":true,"valueName":"search_term_string"}}],"inLanguage":"ca"},{"@type":"Organization","@id":"https:\/\/monlacata.cetrexmarketing.com\/#organization","name":"M\u00f3n La Cata","url":"https:\/\/monlacata.cetrexmarketing.com\/","logo":{"@type":"ImageObject","inLanguage":"ca","@id":"https:\/\/monlacata.cetrexmarketing.com\/#\/schema\/logo\/image\/","url":"https:\/\/monlacata.cetrexmarketing.com\/wp-content\/uploads\/2024\/02\/monlacata-logo-blanc.png","contentUrl":"https:\/\/monlacata.cetrexmarketing.com\/wp-content\/uploads\/2024\/02\/monlacata-logo-blanc.png","width":454,"height":193,"caption":"M\u00f3n La Cata"},"image":{"@id":"https:\/\/monlacata.cetrexmarketing.com\/#\/schema\/logo\/image\/"}}]}},"brands":[],"tiered_pricing_type":"fixed","tiered_pricing_fixed_rules":[],"tiered_pricing_product_settings":{"layout":"default","base_unit_name":{"singular":null,"plural":null},"default_variation":null},"tiered_pricing_minimum_quantity":1,"tiered_pricing_roles_data":[],"tiered_pricing_percentage_rules":[],"tiered_pricing_maximum_quantity":null,"tiered_pricing_quantity_step":null,"_links":{"self":[{"href":"https:\/\/monlacata.cetrexmarketing.com\/ca\/wp-json\/wp\/v2\/product\/78412","targetHints":{"allow":["GET"]}}],"collection":[{"href":"https:\/\/monlacata.cetrexmarketing.com\/ca\/wp-json\/wp\/v2\/product"}],"about":[{"href":"https:\/\/monlacata.cetrexmarketing.com\/ca\/wp-json\/wp\/v2\/types\/product"}],"replies":[{"embeddable":true,"href":"https:\/\/monlacata.cetrexmarketing.com\/ca\/wp-json\/wp\/v2\/comments?post=78412"}],"wp:featuredmedia":[{"embeddable":true,"href":"https:\/\/monlacata.cetrexmarketing.com\/ca\/wp-json\/wp\/v2\/media\/78570"}],"wp:attachment":[{"href":"https:\/\/monlacata.cetrexmarketing.com\/ca\/wp-json\/wp\/v2\/media?parent=78412"}],"wp:term":[{"taxonomy":"pwb-brand","embeddable":true,"href":"https:\/\/monlacata.cetrexmarketing.com\/ca\/wp-json\/wp\/v2\/pwb-brand?post=78412"},{"taxonomy":"product_cat","embeddable":true,"href":"https:\/\/monlacata.cetrexmarketing.com\/ca\/wp-json\/wp\/v2\/product_cat?post=78412"},{"taxonomy":"product_tag","embeddable":true,"href":"https:\/\/monlacata.cetrexmarketing.com\/ca\/wp-json\/wp\/v2\/product_tag?post=78412"}],"curies":[{"name":"wp","href":"https:\/\/api.w.org\/{rel}","templated":true}]}}