{"id":81047,"date":"2025-01-16T12:26:07","date_gmt":"2025-01-16T12:26:07","guid":{"rendered":"https:\/\/monlacata.cetrexmarketing.com\/producto\/llopart-vi-brant\/"},"modified":"2025-06-12T08:27:41","modified_gmt":"2025-06-12T08:27:41","slug":"llopart-vi-brant","status":"publish","type":"product","link":"https:\/\/monlacata.cetrexmarketing.com\/ca\/producto\/llopart-vi-brant\/","title":{"rendered":"Llopart Vi-Brant"},"content":{"rendered":"<p>El <strong>Llopart Vi\u00b7brant<\/strong> \u00e9s un vi perlado de <strong>Xarel\u00b7lo Vermell<\/strong>, rosat de agulla natural, elaborat amb una \u00fanica fermentaci\u00f3 finalitzada en botella que genera bombolles subtils de forma natural i end\u00f2gena, preservant les seves caracter\u00edstiques de m\u00ednima intervenci\u00f3. Fermentaci\u00f3 amb llevats ind\u00edgenes pr\u00e8viament seleccionats. Vi sense sulfits afegits.<\/p>\n<h3>Elaboraci\u00f3:<\/h3>\n<p>Verema manual i transport a la bodega en caixes, on el ra\u00efm es despalilla i es pisa per iniciar una maceraci\u00f3 a baixa temperatura (8\u00baC) durant 4 hores. Premsat molt suau. Inicia la fermentaci\u00f3 en dip\u00f2sit i, quan est\u00e0 gaireb\u00e9 finalitzada, es embotella per retenir una petita part del carb\u00f2nic que produeixen els llevats, que preservar\u00e0 les caracter\u00edstiques d&#8217;aquest vi de m\u00ednima intervenci\u00f3. Els llevats emprats, pr\u00e8viament seleccionats, s\u00f3n ind\u00edgenes de la pr\u00f2pia vinya. Crian\u00e7a amb les pr\u00f2pies mares durant 5 mesos, passat aquest temps s&#8217;extreuen.<\/p>\n<h3>Nota de tast:<\/h3>\n<p>Color brillant salm\u00f3. El seu nas combina la frescor dels aromes primaris del <strong>Xarel\u00b7lo<\/strong> com la <strong>pera<\/strong>, amb aquells propis dels vins rosats com la <strong>maduixa fresca<\/strong> i la <strong>grosella<\/strong>, sobre un fons de subtils notes de <strong>molla de pa<\/strong> i destacats aromes de <strong>sotabosc<\/strong>. En boca \u00e9s molt equilibrat, amb una bombolla extremadament fina i cremosa que equilibra perfectament la frescor d&#8217;aquest vi. El seu postgust \u00e9s agradable i prolongat.<\/p>\n<h3>Maridatge:<\/h3>\n<p>\u00c9s ideal per acompanyar <strong>mariscos<\/strong>, <strong>peixos blancs<\/strong>, <strong>sushi<\/strong>, o entrants lleugers com <strong>bruschettas<\/strong> o <strong>taula de formatges<\/strong>. Tamb\u00e9 \u00e9s excel\u00b7lent amb la <strong>cuina mediterr\u00e0nia<\/strong> per la seva frescor i acidesa vibrant.<\/p>\n","protected":false},"excerpt":{"rendered":"<p>El <strong>Llopart Vi\u00b7brant<\/strong> \u00e9s un vi perlado rosat de <strong>Xarel\u00b7lo Vermell<\/strong>, elaborat amb una \u00fanica fermentaci\u00f3 en botella que genera bombolles naturals i subtils, sense sulfits afegits. La seva producci\u00f3 es realitza amb m\u00ednima intervenci\u00f3: es fa verema manual, maceraci\u00f3 a baixa temperatura i fermentaci\u00f3 amb llevats ind\u00edgenes seleccionats. Despr\u00e9s d\u2019una crian\u00e7a de 5 mesos sobre les lies, el vi destaca pel seu color salm\u00f3 brillant i aromes a pera, maduixa, grosella, miga de pa i sotabosc. En boca \u00e9s equilibrat, amb bombolla fina i cremosa, i un postgust prolongat. \u00c9s ideal per acompanyar mariscos, peixos blancs, sushi i cuina mediterr\u00e0nia.<\/p>\n","protected":false},"featured_media":81150,"comment_status":"closed","ping_status":"closed","template":"","meta":{"_acf_changed":false},"pwb-brand":[],"product_cat":[33020,33078,33048,33070],"product_tag":[],"class_list":{"0":"post-81047","1":"product","2":"type-product","3":"status-publish","4":"has-post-thumbnail","6":"product_cat-vi-ca","7":"product_cat-vino-rosado-ca","8":"product_cat-ecologic-ca","9":"product_cat-vega-ca","10":"product_shipping_class-enviament-en-7-10-dies","11":"pa_anada-2023-ca","12":"pa_bodega-llopart-ca","13":"pa_do-penedes-d-o-ca","14":"pa_ecologico-vegano-natural-ecologic","15":"pa_ecologico-vegano-natural-vega","16":"pa_formatoenml-750-ca","17":"pa_fresco-rosat-fresc","18":"pa_graduacion-11_0-ca","19":"pa_maridaje-embotits","20":"pa_maridaje-marisc","21":"pa_maridaje-midons","22":"pa_tipodevino-vi-dagulla","23":"pa_variedad-principal-xarello-vermell","24":"entry","25":"has-media","27":"first","28":"instock","29":"taxable","30":"shipping-taxable","31":"purchasable","32":"product-type-simple"},"acf":[],"yoast_head":"<!-- This site is optimized with the Yoast SEO Premium plugin v23.1 (Yoast SEO v24.1) - https:\/\/yoast.com\/wordpress\/plugins\/seo\/ -->\n<title>Compra Llopart Vi-Brant<\/title>\n<meta name=\"description\" content=\"Comprar al millor preu el vi rosat Llopart Vi-Brant a Mon la Cata. Botiga online especialitzada en vins, destil\u00b7lats i alimentaci\u00f3 gurmet.\" \/>\n<meta name=\"robots\" content=\"noindex, follow, max-snippet:-1, max-image-preview:large, max-video-preview:-1\" \/>\n<meta property=\"og:locale\" content=\"ca_ES\" \/>\n<meta property=\"og:type\" content=\"article\" \/>\n<meta property=\"og:title\" content=\"Llopart Vi-Brant\" \/>\n<meta property=\"og:description\" content=\"Comprar al millor preu el vi rosat Llopart Vi-Brant a Mon la Cata. Botiga online especialitzada en vins, destil\u00b7lats i alimentaci\u00f3 gurmet.\" \/>\n<meta property=\"og:url\" content=\"https:\/\/monlacata.cetrexmarketing.com\/producto\/llopart-vi-brant\/\" \/>\n<meta property=\"og:site_name\" content=\"M\u00f3n La Cata\" \/>\n<meta property=\"article:modified_time\" content=\"2025-06-12T08:27:41+00:00\" \/>\n<meta property=\"og:image\" content=\"https:\/\/monlacata.cetrexmarketing.com\/wp-content\/uploads\/2025\/01\/llopart-vi-brant.jpg.png\" \/>\n\t<meta property=\"og:image:width\" content=\"765\" \/>\n\t<meta property=\"og:image:height\" content=\"1024\" \/>\n\t<meta property=\"og:image:type\" content=\"image\/png\" \/>\n<meta name=\"twitter:card\" content=\"summary_large_image\" \/>\n<meta name=\"twitter:label1\" content=\"Temps estimat de lectura\" \/>\n\t<meta name=\"twitter:data1\" content=\"2 minuts\" \/>\n<script type=\"application\/ld+json\" class=\"yoast-schema-graph\">{\"@context\":\"https:\/\/schema.org\",\"@graph\":[{\"@type\":\"WebPage\",\"@id\":\"https:\/\/monlacata.cetrexmarketing.com\/producto\/llopart-vi-brant\/\",\"url\":\"https:\/\/monlacata.cetrexmarketing.com\/producto\/llopart-vi-brant\/\",\"name\":\"Compra Llopart Vi-Brant\",\"isPartOf\":{\"@id\":\"https:\/\/monlacata.cetrexmarketing.com\/#website\"},\"primaryImageOfPage\":{\"@id\":\"https:\/\/monlacata.cetrexmarketing.com\/producto\/llopart-vi-brant\/#primaryimage\"},\"image\":{\"@id\":\"https:\/\/monlacata.cetrexmarketing.com\/producto\/llopart-vi-brant\/#primaryimage\"},\"thumbnailUrl\":\"https:\/\/monlacata.cetrexmarketing.com\/wp-content\/uploads\/2025\/01\/llopart-vi-brant.jpg.png\",\"datePublished\":\"2025-01-16T12:26:07+00:00\",\"dateModified\":\"2025-06-12T08:27:41+00:00\",\"description\":\"Comprar al millor preu el vi rosat Llopart Vi-Brant a Mon la Cata. Botiga online especialitzada en vins, destil\u00b7lats i alimentaci\u00f3 gurmet.\",\"breadcrumb\":{\"@id\":\"https:\/\/monlacata.cetrexmarketing.com\/producto\/llopart-vi-brant\/#breadcrumb\"},\"inLanguage\":\"ca\",\"potentialAction\":[{\"@type\":\"ReadAction\",\"target\":[\"https:\/\/monlacata.cetrexmarketing.com\/producto\/llopart-vi-brant\/\"]}]},{\"@type\":\"ImageObject\",\"inLanguage\":\"ca\",\"@id\":\"https:\/\/monlacata.cetrexmarketing.com\/producto\/llopart-vi-brant\/#primaryimage\",\"url\":\"https:\/\/monlacata.cetrexmarketing.com\/wp-content\/uploads\/2025\/01\/llopart-vi-brant.jpg.png\",\"contentUrl\":\"https:\/\/monlacata.cetrexmarketing.com\/wp-content\/uploads\/2025\/01\/llopart-vi-brant.jpg.png\",\"width\":765,\"height\":1024,\"caption\":\"llopart vi-brant.jpg\"},{\"@type\":\"BreadcrumbList\",\"@id\":\"https:\/\/monlacata.cetrexmarketing.com\/producto\/llopart-vi-brant\/#breadcrumb\",\"itemListElement\":[{\"@type\":\"ListItem\",\"position\":1,\"name\":\"Home\",\"item\":\"https:\/\/monlacata.cetrexmarketing.com\/ca\/\"},{\"@type\":\"ListItem\",\"position\":2,\"name\":\"Tienda\",\"item\":\"https:\/\/monlacata.cetrexmarketing.com\/ca\/tienda-2\/\"},{\"@type\":\"ListItem\",\"position\":3,\"name\":\"Vi\",\"item\":\"https:\/\/monlacata.cetrexmarketing.com\/categoria-producto\/home-ca\/vi-ca\/\"},{\"@type\":\"ListItem\",\"position\":4,\"name\":\"Vi Rosat\",\"item\":\"https:\/\/monlacata.cetrexmarketing.com\/ca\/categoria-producto\/home-ca\/vi-ca\/vino-rosado-ca\/\"},{\"@type\":\"ListItem\",\"position\":5,\"name\":\"Llopart Vi-Brant\"}]},{\"@type\":\"WebSite\",\"@id\":\"https:\/\/monlacata.cetrexmarketing.com\/#website\",\"url\":\"https:\/\/monlacata.cetrexmarketing.com\/\",\"name\":\"M\u00f3n La Cata\",\"description\":\"Tienda de vinos, licores, cervezas y gourmet\",\"publisher\":{\"@id\":\"https:\/\/monlacata.cetrexmarketing.com\/#organization\"},\"potentialAction\":[{\"@type\":\"SearchAction\",\"target\":{\"@type\":\"EntryPoint\",\"urlTemplate\":\"https:\/\/monlacata.cetrexmarketing.com\/?s={search_term_string}\"},\"query-input\":{\"@type\":\"PropertyValueSpecification\",\"valueRequired\":true,\"valueName\":\"search_term_string\"}}],\"inLanguage\":\"ca\"},{\"@type\":\"Organization\",\"@id\":\"https:\/\/monlacata.cetrexmarketing.com\/#organization\",\"name\":\"M\u00f3n La Cata\",\"url\":\"https:\/\/monlacata.cetrexmarketing.com\/\",\"logo\":{\"@type\":\"ImageObject\",\"inLanguage\":\"ca\",\"@id\":\"https:\/\/monlacata.cetrexmarketing.com\/#\/schema\/logo\/image\/\",\"url\":\"https:\/\/monlacata.cetrexmarketing.com\/wp-content\/uploads\/2024\/02\/monlacata-logo-blanc.png\",\"contentUrl\":\"https:\/\/monlacata.cetrexmarketing.com\/wp-content\/uploads\/2024\/02\/monlacata-logo-blanc.png\",\"width\":454,\"height\":193,\"caption\":\"M\u00f3n La Cata\"},\"image\":{\"@id\":\"https:\/\/monlacata.cetrexmarketing.com\/#\/schema\/logo\/image\/\"}}]}<\/script>\n<!-- \/ Yoast SEO Premium plugin. -->","yoast_head_json":{"title":"Compra Llopart Vi-Brant","description":"Comprar al millor preu el vi rosat Llopart Vi-Brant a Mon la Cata. Botiga online especialitzada en vins, destil\u00b7lats i alimentaci\u00f3 gurmet.","robots":{"index":"noindex","follow":"follow","max-snippet":"max-snippet:-1","max-image-preview":"max-image-preview:large","max-video-preview":"max-video-preview:-1"},"og_locale":"ca_ES","og_type":"article","og_title":"Llopart Vi-Brant","og_description":"Comprar al millor preu el vi rosat Llopart Vi-Brant a Mon la Cata. Botiga online especialitzada en vins, destil\u00b7lats i alimentaci\u00f3 gurmet.","og_url":"https:\/\/monlacata.cetrexmarketing.com\/producto\/llopart-vi-brant\/","og_site_name":"M\u00f3n La Cata","article_modified_time":"2025-06-12T08:27:41+00:00","og_image":[{"width":765,"height":1024,"url":"https:\/\/monlacata.cetrexmarketing.com\/wp-content\/uploads\/2025\/01\/llopart-vi-brant.jpg.png","type":"image\/png"}],"twitter_card":"summary_large_image","twitter_misc":{"Temps estimat de lectura":"2 minuts"},"schema":{"@context":"https:\/\/schema.org","@graph":[{"@type":"WebPage","@id":"https:\/\/monlacata.cetrexmarketing.com\/producto\/llopart-vi-brant\/","url":"https:\/\/monlacata.cetrexmarketing.com\/producto\/llopart-vi-brant\/","name":"Compra Llopart Vi-Brant","isPartOf":{"@id":"https:\/\/monlacata.cetrexmarketing.com\/#website"},"primaryImageOfPage":{"@id":"https:\/\/monlacata.cetrexmarketing.com\/producto\/llopart-vi-brant\/#primaryimage"},"image":{"@id":"https:\/\/monlacata.cetrexmarketing.com\/producto\/llopart-vi-brant\/#primaryimage"},"thumbnailUrl":"https:\/\/monlacata.cetrexmarketing.com\/wp-content\/uploads\/2025\/01\/llopart-vi-brant.jpg.png","datePublished":"2025-01-16T12:26:07+00:00","dateModified":"2025-06-12T08:27:41+00:00","description":"Comprar al millor preu el vi rosat Llopart Vi-Brant a Mon la Cata. Botiga online especialitzada en vins, destil\u00b7lats i alimentaci\u00f3 gurmet.","breadcrumb":{"@id":"https:\/\/monlacata.cetrexmarketing.com\/producto\/llopart-vi-brant\/#breadcrumb"},"inLanguage":"ca","potentialAction":[{"@type":"ReadAction","target":["https:\/\/monlacata.cetrexmarketing.com\/producto\/llopart-vi-brant\/"]}]},{"@type":"ImageObject","inLanguage":"ca","@id":"https:\/\/monlacata.cetrexmarketing.com\/producto\/llopart-vi-brant\/#primaryimage","url":"https:\/\/monlacata.cetrexmarketing.com\/wp-content\/uploads\/2025\/01\/llopart-vi-brant.jpg.png","contentUrl":"https:\/\/monlacata.cetrexmarketing.com\/wp-content\/uploads\/2025\/01\/llopart-vi-brant.jpg.png","width":765,"height":1024,"caption":"llopart vi-brant.jpg"},{"@type":"BreadcrumbList","@id":"https:\/\/monlacata.cetrexmarketing.com\/producto\/llopart-vi-brant\/#breadcrumb","itemListElement":[{"@type":"ListItem","position":1,"name":"Home","item":"https:\/\/monlacata.cetrexmarketing.com\/ca\/"},{"@type":"ListItem","position":2,"name":"Tienda","item":"https:\/\/monlacata.cetrexmarketing.com\/ca\/tienda-2\/"},{"@type":"ListItem","position":3,"name":"Vi","item":"https:\/\/monlacata.cetrexmarketing.com\/categoria-producto\/home-ca\/vi-ca\/"},{"@type":"ListItem","position":4,"name":"Vi Rosat","item":"https:\/\/monlacata.cetrexmarketing.com\/ca\/categoria-producto\/home-ca\/vi-ca\/vino-rosado-ca\/"},{"@type":"ListItem","position":5,"name":"Llopart Vi-Brant"}]},{"@type":"WebSite","@id":"https:\/\/monlacata.cetrexmarketing.com\/#website","url":"https:\/\/monlacata.cetrexmarketing.com\/","name":"M\u00f3n La Cata","description":"Tienda de vinos, licores, cervezas y gourmet","publisher":{"@id":"https:\/\/monlacata.cetrexmarketing.com\/#organization"},"potentialAction":[{"@type":"SearchAction","target":{"@type":"EntryPoint","urlTemplate":"https:\/\/monlacata.cetrexmarketing.com\/?s={search_term_string}"},"query-input":{"@type":"PropertyValueSpecification","valueRequired":true,"valueName":"search_term_string"}}],"inLanguage":"ca"},{"@type":"Organization","@id":"https:\/\/monlacata.cetrexmarketing.com\/#organization","name":"M\u00f3n La Cata","url":"https:\/\/monlacata.cetrexmarketing.com\/","logo":{"@type":"ImageObject","inLanguage":"ca","@id":"https:\/\/monlacata.cetrexmarketing.com\/#\/schema\/logo\/image\/","url":"https:\/\/monlacata.cetrexmarketing.com\/wp-content\/uploads\/2024\/02\/monlacata-logo-blanc.png","contentUrl":"https:\/\/monlacata.cetrexmarketing.com\/wp-content\/uploads\/2024\/02\/monlacata-logo-blanc.png","width":454,"height":193,"caption":"M\u00f3n La Cata"},"image":{"@id":"https:\/\/monlacata.cetrexmarketing.com\/#\/schema\/logo\/image\/"}}]}},"brands":[],"tiered_pricing_type":"fixed","tiered_pricing_fixed_rules":[],"tiered_pricing_product_settings":{"layout":"default","base_unit_name":{"singular":null,"plural":null},"default_variation":null},"tiered_pricing_minimum_quantity":null,"tiered_pricing_roles_data":[],"tiered_pricing_percentage_rules":[],"tiered_pricing_maximum_quantity":null,"tiered_pricing_quantity_step":null,"_links":{"self":[{"href":"https:\/\/monlacata.cetrexmarketing.com\/ca\/wp-json\/wp\/v2\/product\/81047","targetHints":{"allow":["GET"]}}],"collection":[{"href":"https:\/\/monlacata.cetrexmarketing.com\/ca\/wp-json\/wp\/v2\/product"}],"about":[{"href":"https:\/\/monlacata.cetrexmarketing.com\/ca\/wp-json\/wp\/v2\/types\/product"}],"replies":[{"embeddable":true,"href":"https:\/\/monlacata.cetrexmarketing.com\/ca\/wp-json\/wp\/v2\/comments?post=81047"}],"wp:featuredmedia":[{"embeddable":true,"href":"https:\/\/monlacata.cetrexmarketing.com\/ca\/wp-json\/wp\/v2\/media\/81150"}],"wp:attachment":[{"href":"https:\/\/monlacata.cetrexmarketing.com\/ca\/wp-json\/wp\/v2\/media?parent=81047"}],"wp:term":[{"taxonomy":"pwb-brand","embeddable":true,"href":"https:\/\/monlacata.cetrexmarketing.com\/ca\/wp-json\/wp\/v2\/pwb-brand?post=81047"},{"taxonomy":"product_cat","embeddable":true,"href":"https:\/\/monlacata.cetrexmarketing.com\/ca\/wp-json\/wp\/v2\/product_cat?post=81047"},{"taxonomy":"product_tag","embeddable":true,"href":"https:\/\/monlacata.cetrexmarketing.com\/ca\/wp-json\/wp\/v2\/product_tag?post=81047"}],"curies":[{"name":"wp","href":"https:\/\/api.w.org\/{rel}","templated":true}]}}