{"id":81180,"date":"2025-01-17T17:52:58","date_gmt":"2025-01-17T17:52:58","guid":{"rendered":"https:\/\/monlacata.cetrexmarketing.com\/producto\/riera-ordeix-llonganissa-de-pages\/"},"modified":"2025-01-21T12:28:29","modified_gmt":"2025-01-21T12:28:29","slug":"riera-ordeix-llonganissa-de-pages","status":"publish","type":"product","link":"https:\/\/monlacata.cetrexmarketing.com\/ca?product=riera-ordeix-llonganissa-de-pages","title":{"rendered":"Riera Ordeix Llonganissa de Pag\u00e8s"},"content":{"rendered":"<div class=\"flex-shrink-0 flex flex-col relative items-end\">\n<div>\n<div class=\"pt-0\">\n<div class=\"gizmo-bot-avatar flex h-8 w-8 items-center justify-center overflow-hidden rounded-full\">\n<div class=\"relative p-1 rounded-sm flex items-center justify-center bg-token-main-surface-primary text-token-text-primary h-8 w-8\">La <strong>Llonganisa\u00a0de Pag\u00e8s<\/strong>\u00a0de <strong>Riera Ordeix<\/strong> \u00e9s un embotit tradicional de la <strong>Xarcuteria Riera Ordeix<\/strong>, una marca destacada pel seu comprom\u00eds amb la qualitat i el sabor aut\u00e8ntic dels productes de xarcuteria artesanal. Aquest salxix\u00f3 \u00e9s una versi\u00f3 en miniatura del cl\u00e0ssic salxix\u00f3 de pag\u00e8s, ideal per a aquells que busquen un mos delici\u00f3s i de gran qualitat.<\/div>\n<\/div>\n<\/div>\n<\/div>\n<\/div>\n<div class=\"group\/conversation-turn relative flex w-full min-w-0 flex-col agent-turn\">\n<div class=\"flex-col gap-1 md:gap-3\">\n<div class=\"flex max-w-full flex-col flex-grow\">\n<div class=\"min-h-8 text-message flex w-full flex-col items-end gap-2 whitespace-normal break-words text-start [.text-message+&amp;]:mt-5\" dir=\"auto\" data-message-author-role=\"assistant\" data-message-id=\"abaa64e8-59ae-44cb-94a7-ef99e1ae872b\" data-message-model-slug=\"gpt-4o\">\n<div class=\"flex w-full flex-col gap-1 empty:hidden first:pt-[3px]\">\n<div class=\"markdown prose w-full break-words dark:prose-invert light\">\n<h3>Caracter\u00edstiques del producte:<\/h3>\n<ul>\n<li><strong>Tamany<\/strong>: perfecte per degustar en porcions petites o per presentar-lo com a aperitiu o tapa. La seva mida compacta el fa ideal per a pica-pica o per compartir en reunions.<\/li>\n<li><strong>Elaboraci\u00f3<\/strong>: Aquesta llonganissa s&#8217;elabora de manera artesanal amb <strong>carn de porc de gran qualitat<\/strong>, esp\u00e8cies tradicionals i un toc de <strong>pebre vermell<\/strong>, que li confereix el seu caracter\u00edstic sabor suau i equilibrat.<\/li>\n<li><strong>Curaci\u00f3<\/strong>: El proc\u00e9s de curaci\u00f3 \u00e9s <strong>lent i natural<\/strong>, fet que permet que els sabors es desenvolupin de manera \u00f2ptima. Aix\u00f2 garanteix una textura <strong>ferma i sucosa<\/strong>, amb un sabor intens per\u00f2 delicat.<\/li>\n<li><strong>Aparen\u00e7a<\/strong>: la llonganissa t\u00e9 una forma compacta, amb una fina capa de greix que el fa sabor\u00f3s i suc\u00f3s. En el tall es pot apreciar una barreja homog\u00e8nia de carn magra i greix, en proporcions equilibrades, t\u00edpica del salxix\u00f3 de pag\u00e8s.<\/li>\n<\/ul>\n<h3>Sabor i textura:<\/h3>\n<p><strong>La Llonganisa<\/strong><strong>\u00a0de Pag\u00e8s Mini<\/strong> de <strong>Riera Ordeix<\/strong> destaca pel seu <strong>sabor suau i delicat<\/strong>, amb una barreja perfecta d&#8217;esp\u00e8cies que li atorguen un toc subtil d&#8217;all, pebre i pebre vermell. La textura \u00e9s <strong>tendra i sucosa<\/strong>, convertint-lo en una opci\u00f3 molt saborosa per als amants dels embotits artesanals.<\/p>\n<h3>Usos i maridatge:<\/h3>\n<ul>\n<li><strong>Aperitiu<\/strong>: Ideal per acompanyar una bona copa de vi negre o cava, o com a part d&#8217;una taula d&#8217;embotits.<\/li>\n<li><strong>Tapa<\/strong>: Perfecte per servir com a tapa en reunions o esdeveniments socials.<\/li>\n<li><strong>Acompanyament<\/strong>: Tamb\u00e9 pot ser un complement excel\u00b7lent en entrepans, sandvitxos o acompanyat de formatges i pa r\u00fastic.<\/li>\n<\/ul>\n<p>La <strong>Llonganisa<\/strong><strong>\u00a0de Pag\u00e8s Mini<\/strong> de <strong>Riera Ordeix<\/strong> \u00e9s una opci\u00f3 perfecta per a qui gaudeix dels embotits tradicionals, elaborats amb ingredients de qualitat i amb un sabor aut\u00e8ntic que evoca la gastronomia de la tradici\u00f3 catalana.<\/p>\n<\/div>\n<\/div>\n<\/div>\n<\/div>\n<\/div>\n<\/div>\n","protected":false},"excerpt":{"rendered":"<div class=\"flex-shrink-0 flex flex-col relative items-end\">\n<div>\n<div class=\"pt-0\">\n<div class=\"gizmo-bot-avatar flex h-8 w-8 items-center justify-center overflow-hidden rounded-full\">\n<div class=\"relative p-1 rounded-sm flex items-center justify-center bg-token-main-surface-primary text-token-text-primary h-8 w-8\">La<strong> Llonganissa de Pag\u00e8s<\/strong> de <strong>Riera Ordeix<\/strong> \u00e9s un embotit tradicional de la <strong>Casa Riera Ordeix<\/strong>, una marca destacada pel seu comprom\u00eds amb la qualitat i el sabor aut\u00e8ntic dels productes de xarcuteria artesanal. Aquesta llonganisa \u00e9s ideal per a aquells que busquen un mos delici\u00f3s i de gran qualitat.<\/div>\n<\/div>\n<\/div>\n<\/div>\n<\/div>\n","protected":false},"featured_media":81161,"comment_status":"closed","ping_status":"closed","template":"","meta":{"_acf_changed":false},"pwb-brand":[],"product_cat":[33046,33186,33210,33214],"product_tag":[],"class_list":{"0":"post-81180","1":"product","2":"type-product","3":"status-publish","4":"has-post-thumbnail","6":"product_cat-alimentacio-olis-conserves-embotits-formatges-ca","7":"product_cat-embotit-ca","8":"product_cat-gluten-free-ca","9":"product_cat-sense-lactosa-ca","10":"entry","11":"has-media","13":"first","14":"instock","15":"taxable","16":"shipping-taxable","17":"purchasable","18":"product-type-simple"},"acf":[],"yoast_head":"<!-- This site is optimized with the Yoast SEO Premium plugin v23.1 (Yoast SEO v24.1) - https:\/\/yoast.com\/wordpress\/plugins\/seo\/ -->\n<title>Comprar Riera Ordeix Llonganissa de Pag\u00e8s<\/title>\n<meta name=\"description\" content=\"Comprar al millor preu la Riera Ordeix Llonganissa de Pag\u00e8s en M\u00f3n La Cata. Botiga online especialitzada en vins, destil\u00b7lats i alimentaci\u00f3.\" \/>\n<meta name=\"robots\" content=\"index, follow, max-snippet:-1, max-image-preview:large, max-video-preview:-1\" \/>\n<link rel=\"canonical\" href=\"https:\/\/monlacata.cetrexmarketing.com\/producto\/riera-ordeix-salchichon-de-payes\/\" \/>\n<meta property=\"og:locale\" content=\"ca_ES\" \/>\n<meta property=\"og:type\" content=\"article\" \/>\n<meta property=\"og:title\" content=\"Riera Ordeix Llonganissa de Pag\u00e8s\" \/>\n<meta property=\"og:description\" content=\"Comprar al millor preu la Riera Ordeix Llonganissa de Pag\u00e8s en M\u00f3n La Cata. Botiga online especialitzada en vins, destil\u00b7lats i alimentaci\u00f3.\" \/>\n<meta property=\"og:url\" content=\"https:\/\/monlacata.cetrexmarketing.com\/producto\/riera-ordeix-salchichon-de-payes\/\" \/>\n<meta property=\"og:site_name\" content=\"M\u00f3n La Cata\" \/>\n<meta property=\"article:modified_time\" content=\"2025-01-21T12:28:29+00:00\" \/>\n<meta property=\"og:image\" content=\"https:\/\/monlacata.cetrexmarketing.com\/wp-content\/uploads\/2025\/01\/riera-ordeix-salchichon-de-payes.jpg.png\" \/>\n\t<meta property=\"og:image:width\" content=\"765\" \/>\n\t<meta property=\"og:image:height\" content=\"1024\" \/>\n\t<meta property=\"og:image:type\" content=\"image\/png\" \/>\n<meta name=\"twitter:card\" content=\"summary_large_image\" \/>\n<meta name=\"twitter:label1\" content=\"Temps estimat de lectura\" \/>\n\t<meta name=\"twitter:data1\" content=\"3 minuts\" \/>\n<script type=\"application\/ld+json\" class=\"yoast-schema-graph\">{\"@context\":\"https:\/\/schema.org\",\"@graph\":[{\"@type\":\"WebPage\",\"@id\":\"https:\/\/monlacata.cetrexmarketing.com\/producto\/riera-ordeix-salchichon-de-payes\/\",\"url\":\"https:\/\/monlacata.cetrexmarketing.com\/producto\/riera-ordeix-salchichon-de-payes\/\",\"name\":\"Comprar Riera Ordeix Llonganissa de Pag\u00e8s\",\"isPartOf\":{\"@id\":\"https:\/\/monlacata.cetrexmarketing.com\/#website\"},\"primaryImageOfPage\":{\"@id\":\"https:\/\/monlacata.cetrexmarketing.com\/producto\/riera-ordeix-salchichon-de-payes\/#primaryimage\"},\"image\":{\"@id\":\"https:\/\/monlacata.cetrexmarketing.com\/producto\/riera-ordeix-salchichon-de-payes\/#primaryimage\"},\"thumbnailUrl\":\"https:\/\/monlacata.cetrexmarketing.com\/wp-content\/uploads\/2025\/01\/riera-ordeix-salchichon-de-payes.jpg.png\",\"datePublished\":\"2025-01-17T17:52:58+00:00\",\"dateModified\":\"2025-01-21T12:28:29+00:00\",\"description\":\"Comprar al millor preu la Riera Ordeix Llonganissa de Pag\u00e8s en M\u00f3n La Cata. Botiga online especialitzada en vins, destil\u00b7lats i alimentaci\u00f3.\",\"breadcrumb\":{\"@id\":\"https:\/\/monlacata.cetrexmarketing.com\/producto\/riera-ordeix-salchichon-de-payes\/#breadcrumb\"},\"inLanguage\":\"ca\",\"potentialAction\":[{\"@type\":\"ReadAction\",\"target\":[\"https:\/\/monlacata.cetrexmarketing.com\/producto\/riera-ordeix-salchichon-de-payes\/\"]}]},{\"@type\":\"ImageObject\",\"inLanguage\":\"ca\",\"@id\":\"https:\/\/monlacata.cetrexmarketing.com\/producto\/riera-ordeix-salchichon-de-payes\/#primaryimage\",\"url\":\"https:\/\/monlacata.cetrexmarketing.com\/wp-content\/uploads\/2025\/01\/riera-ordeix-salchichon-de-payes.jpg.png\",\"contentUrl\":\"https:\/\/monlacata.cetrexmarketing.com\/wp-content\/uploads\/2025\/01\/riera-ordeix-salchichon-de-payes.jpg.png\",\"width\":765,\"height\":1024,\"caption\":\"riera ordeix salchichon de payes.jpg\"},{\"@type\":\"BreadcrumbList\",\"@id\":\"https:\/\/monlacata.cetrexmarketing.com\/producto\/riera-ordeix-salchichon-de-payes\/#breadcrumb\",\"itemListElement\":[{\"@type\":\"ListItem\",\"position\":1,\"name\":\"Home\",\"item\":\"https:\/\/monlacata.cetrexmarketing.com\/ca\/\"},{\"@type\":\"ListItem\",\"position\":2,\"name\":\"Tienda\",\"item\":\"https:\/\/monlacata.cetrexmarketing.com\/ca\/tienda-2\/\"},{\"@type\":\"ListItem\",\"position\":3,\"name\":\"Alimentaci\u00f3, olis, conserves, embotits, formatges....\",\"item\":\"https:\/\/monlacata.cetrexmarketing.com\/categoria-producto\/home-ca\/alimentacio-olis-conserves-embotits-formatges-ca\/\"},{\"@type\":\"ListItem\",\"position\":4,\"name\":\"Embotit\",\"item\":\"https:\/\/monlacata.cetrexmarketing.com\/ca\/categoria-producto\/home-ca\/alimentacio-olis-conserves-embotits-formatges-ca\/embotit-ca\/\"},{\"@type\":\"ListItem\",\"position\":5,\"name\":\"Riera Ordeix Llonganissa de Pag\u00e8s\"}]},{\"@type\":\"WebSite\",\"@id\":\"https:\/\/monlacata.cetrexmarketing.com\/#website\",\"url\":\"https:\/\/monlacata.cetrexmarketing.com\/\",\"name\":\"M\u00f3n La Cata\",\"description\":\"Tienda de vinos, licores, cervezas y gourmet\",\"publisher\":{\"@id\":\"https:\/\/monlacata.cetrexmarketing.com\/#organization\"},\"potentialAction\":[{\"@type\":\"SearchAction\",\"target\":{\"@type\":\"EntryPoint\",\"urlTemplate\":\"https:\/\/monlacata.cetrexmarketing.com\/?s={search_term_string}\"},\"query-input\":{\"@type\":\"PropertyValueSpecification\",\"valueRequired\":true,\"valueName\":\"search_term_string\"}}],\"inLanguage\":\"ca\"},{\"@type\":\"Organization\",\"@id\":\"https:\/\/monlacata.cetrexmarketing.com\/#organization\",\"name\":\"M\u00f3n La Cata\",\"url\":\"https:\/\/monlacata.cetrexmarketing.com\/\",\"logo\":{\"@type\":\"ImageObject\",\"inLanguage\":\"ca\",\"@id\":\"https:\/\/monlacata.cetrexmarketing.com\/#\/schema\/logo\/image\/\",\"url\":\"https:\/\/monlacata.cetrexmarketing.com\/wp-content\/uploads\/2024\/02\/monlacata-logo-blanc.png\",\"contentUrl\":\"https:\/\/monlacata.cetrexmarketing.com\/wp-content\/uploads\/2024\/02\/monlacata-logo-blanc.png\",\"width\":454,\"height\":193,\"caption\":\"M\u00f3n La Cata\"},\"image\":{\"@id\":\"https:\/\/monlacata.cetrexmarketing.com\/#\/schema\/logo\/image\/\"}}]}<\/script>\n<!-- \/ Yoast SEO Premium plugin. -->","yoast_head_json":{"title":"Comprar Riera Ordeix Llonganissa de Pag\u00e8s","description":"Comprar al millor preu la Riera Ordeix Llonganissa de Pag\u00e8s en M\u00f3n La Cata. Botiga online especialitzada en vins, destil\u00b7lats i alimentaci\u00f3.","robots":{"index":"index","follow":"follow","max-snippet":"max-snippet:-1","max-image-preview":"max-image-preview:large","max-video-preview":"max-video-preview:-1"},"canonical":"https:\/\/monlacata.cetrexmarketing.com\/producto\/riera-ordeix-salchichon-de-payes\/","og_locale":"ca_ES","og_type":"article","og_title":"Riera Ordeix Llonganissa de Pag\u00e8s","og_description":"Comprar al millor preu la Riera Ordeix Llonganissa de Pag\u00e8s en M\u00f3n La Cata. Botiga online especialitzada en vins, destil\u00b7lats i alimentaci\u00f3.","og_url":"https:\/\/monlacata.cetrexmarketing.com\/producto\/riera-ordeix-salchichon-de-payes\/","og_site_name":"M\u00f3n La Cata","article_modified_time":"2025-01-21T12:28:29+00:00","og_image":[{"width":765,"height":1024,"url":"https:\/\/monlacata.cetrexmarketing.com\/wp-content\/uploads\/2025\/01\/riera-ordeix-salchichon-de-payes.jpg.png","type":"image\/png"}],"twitter_card":"summary_large_image","twitter_misc":{"Temps estimat de lectura":"3 minuts"},"schema":{"@context":"https:\/\/schema.org","@graph":[{"@type":"WebPage","@id":"https:\/\/monlacata.cetrexmarketing.com\/producto\/riera-ordeix-salchichon-de-payes\/","url":"https:\/\/monlacata.cetrexmarketing.com\/producto\/riera-ordeix-salchichon-de-payes\/","name":"Comprar Riera Ordeix Llonganissa de Pag\u00e8s","isPartOf":{"@id":"https:\/\/monlacata.cetrexmarketing.com\/#website"},"primaryImageOfPage":{"@id":"https:\/\/monlacata.cetrexmarketing.com\/producto\/riera-ordeix-salchichon-de-payes\/#primaryimage"},"image":{"@id":"https:\/\/monlacata.cetrexmarketing.com\/producto\/riera-ordeix-salchichon-de-payes\/#primaryimage"},"thumbnailUrl":"https:\/\/monlacata.cetrexmarketing.com\/wp-content\/uploads\/2025\/01\/riera-ordeix-salchichon-de-payes.jpg.png","datePublished":"2025-01-17T17:52:58+00:00","dateModified":"2025-01-21T12:28:29+00:00","description":"Comprar al millor preu la Riera Ordeix Llonganissa de Pag\u00e8s en M\u00f3n La Cata. Botiga online especialitzada en vins, destil\u00b7lats i alimentaci\u00f3.","breadcrumb":{"@id":"https:\/\/monlacata.cetrexmarketing.com\/producto\/riera-ordeix-salchichon-de-payes\/#breadcrumb"},"inLanguage":"ca","potentialAction":[{"@type":"ReadAction","target":["https:\/\/monlacata.cetrexmarketing.com\/producto\/riera-ordeix-salchichon-de-payes\/"]}]},{"@type":"ImageObject","inLanguage":"ca","@id":"https:\/\/monlacata.cetrexmarketing.com\/producto\/riera-ordeix-salchichon-de-payes\/#primaryimage","url":"https:\/\/monlacata.cetrexmarketing.com\/wp-content\/uploads\/2025\/01\/riera-ordeix-salchichon-de-payes.jpg.png","contentUrl":"https:\/\/monlacata.cetrexmarketing.com\/wp-content\/uploads\/2025\/01\/riera-ordeix-salchichon-de-payes.jpg.png","width":765,"height":1024,"caption":"riera ordeix salchichon de payes.jpg"},{"@type":"BreadcrumbList","@id":"https:\/\/monlacata.cetrexmarketing.com\/producto\/riera-ordeix-salchichon-de-payes\/#breadcrumb","itemListElement":[{"@type":"ListItem","position":1,"name":"Home","item":"https:\/\/monlacata.cetrexmarketing.com\/ca\/"},{"@type":"ListItem","position":2,"name":"Tienda","item":"https:\/\/monlacata.cetrexmarketing.com\/ca\/tienda-2\/"},{"@type":"ListItem","position":3,"name":"Alimentaci\u00f3, olis, conserves, embotits, formatges....","item":"https:\/\/monlacata.cetrexmarketing.com\/categoria-producto\/home-ca\/alimentacio-olis-conserves-embotits-formatges-ca\/"},{"@type":"ListItem","position":4,"name":"Embotit","item":"https:\/\/monlacata.cetrexmarketing.com\/ca\/categoria-producto\/home-ca\/alimentacio-olis-conserves-embotits-formatges-ca\/embotit-ca\/"},{"@type":"ListItem","position":5,"name":"Riera Ordeix Llonganissa de Pag\u00e8s"}]},{"@type":"WebSite","@id":"https:\/\/monlacata.cetrexmarketing.com\/#website","url":"https:\/\/monlacata.cetrexmarketing.com\/","name":"M\u00f3n La Cata","description":"Tienda de vinos, licores, cervezas y gourmet","publisher":{"@id":"https:\/\/monlacata.cetrexmarketing.com\/#organization"},"potentialAction":[{"@type":"SearchAction","target":{"@type":"EntryPoint","urlTemplate":"https:\/\/monlacata.cetrexmarketing.com\/?s={search_term_string}"},"query-input":{"@type":"PropertyValueSpecification","valueRequired":true,"valueName":"search_term_string"}}],"inLanguage":"ca"},{"@type":"Organization","@id":"https:\/\/monlacata.cetrexmarketing.com\/#organization","name":"M\u00f3n La Cata","url":"https:\/\/monlacata.cetrexmarketing.com\/","logo":{"@type":"ImageObject","inLanguage":"ca","@id":"https:\/\/monlacata.cetrexmarketing.com\/#\/schema\/logo\/image\/","url":"https:\/\/monlacata.cetrexmarketing.com\/wp-content\/uploads\/2024\/02\/monlacata-logo-blanc.png","contentUrl":"https:\/\/monlacata.cetrexmarketing.com\/wp-content\/uploads\/2024\/02\/monlacata-logo-blanc.png","width":454,"height":193,"caption":"M\u00f3n La Cata"},"image":{"@id":"https:\/\/monlacata.cetrexmarketing.com\/#\/schema\/logo\/image\/"}}]}},"brands":[],"tiered_pricing_type":"fixed","tiered_pricing_fixed_rules":[],"tiered_pricing_product_settings":{"layout":"default","base_unit_name":{"singular":null,"plural":null},"default_variation":null},"tiered_pricing_minimum_quantity":null,"tiered_pricing_roles_data":[],"tiered_pricing_percentage_rules":[],"tiered_pricing_maximum_quantity":null,"tiered_pricing_quantity_step":null,"_links":{"self":[{"href":"https:\/\/monlacata.cetrexmarketing.com\/ca\/index.php?rest_route=\/wp\/v2\/product\/81180","targetHints":{"allow":["GET"]}}],"collection":[{"href":"https:\/\/monlacata.cetrexmarketing.com\/ca\/index.php?rest_route=\/wp\/v2\/product"}],"about":[{"href":"https:\/\/monlacata.cetrexmarketing.com\/ca\/index.php?rest_route=\/wp\/v2\/types\/product"}],"replies":[{"embeddable":true,"href":"https:\/\/monlacata.cetrexmarketing.com\/ca\/index.php?rest_route=%2Fwp%2Fv2%2Fcomments&post=81180"}],"wp:featuredmedia":[{"embeddable":true,"href":"https:\/\/monlacata.cetrexmarketing.com\/ca\/index.php?rest_route=\/wp\/v2\/media\/81161"}],"wp:attachment":[{"href":"https:\/\/monlacata.cetrexmarketing.com\/ca\/index.php?rest_route=%2Fwp%2Fv2%2Fmedia&parent=81180"}],"wp:term":[{"taxonomy":"pwb-brand","embeddable":true,"href":"https:\/\/monlacata.cetrexmarketing.com\/ca\/index.php?rest_route=%2Fwp%2Fv2%2Fpwb-brand&post=81180"},{"taxonomy":"product_cat","embeddable":true,"href":"https:\/\/monlacata.cetrexmarketing.com\/ca\/index.php?rest_route=%2Fwp%2Fv2%2Fproduct_cat&post=81180"},{"taxonomy":"product_tag","embeddable":true,"href":"https:\/\/monlacata.cetrexmarketing.com\/ca\/index.php?rest_route=%2Fwp%2Fv2%2Fproduct_tag&post=81180"}],"curies":[{"name":"wp","href":"https:\/\/api.w.org\/{rel}","templated":true}]}}