{"id":83164,"date":"2025-03-13T10:43:12","date_gmt":"2025-03-13T10:43:12","guid":{"rendered":"https:\/\/monlacata.cetrexmarketing.com\/?post_type=product&#038;p=83164"},"modified":"2025-05-26T14:08:48","modified_gmt":"2025-05-26T14:08:48","slug":"albet-i-noya-efecte-ancestral","status":"publish","type":"product","link":"https:\/\/monlacata.cetrexmarketing.com\/ca\/producto\/albet-i-noya-efecte-ancestral\/","title":{"rendered":"Albet i Noya Efecte Ancestral"},"content":{"rendered":"<article class=\"text-token-text-primary w-full\" dir=\"auto\" data-testid=\"conversation-turn-150\" data-scroll-anchor=\"true\">\n<div class=\"text-base my-auto mx-auto py-5 [--thread-content-margin:--spacing(4)] @[37rem]:[--thread-content-margin:--spacing(6)] @[72rem]:[--thread-content-margin:--spacing(16)] px-(--thread-content-margin)\">\n<div class=\"[--thread-content-max-width:32rem] @[34rem]:[--thread-content-max-width:40rem] @[64rem]:[--thread-content-max-width:48rem] mx-auto flex max-w-(--thread-content-max-width) flex-1 text-base gap-4 md:gap-5 lg:gap-6 group\/turn-messages focus-visible:outline-hidden\" tabindex=\"-1\">\n<div class=\"group\/conversation-turn relative flex w-full min-w-0 flex-col agent-turn\">\n<div class=\"relative flex-col gap-1 md:gap-3\">\n<div class=\"flex max-w-full flex-col grow\">\n<div class=\"min-h-8 text-message relative flex w-full flex-col items-end gap-2 text-start break-words whitespace-normal [.text-message+&amp;]:mt-5\" dir=\"auto\" data-message-author-role=\"assistant\" data-message-id=\"959f4e55-f62c-4d37-b23d-b9293d6d9e6e\" data-message-model-slug=\"gpt-4o\">\n<div class=\"flex w-full flex-col gap-1 empty:hidden first:pt-[3px]\">\n<div class=\"markdown prose dark:prose-invert w-full break-words light\">\n<p data-start=\"0\" data-end=\"390\"><strong data-start=\"0\" data-end=\"33\">Albet i Noya Efecte Ancestral<\/strong> \u00e9s un vi escum\u00f3s ecol\u00f2gic i natural elaborat pel celler Albet i Noya a la regi\u00f3 del Pened\u00e8s, Catalunya. Aquest escum\u00f3s es produeix mitjan\u00e7ant el m\u00e8tode ancestral, utilitzant exclusivament ra\u00efm de la varietat Xarel\u00b7lo conreat en s\u00f2ls calcaris. Sense addici\u00f3 de sulfits i amb una crian\u00e7a en rima d\u2019entre 9 i 18 mesos, ofereix una experi\u00e8ncia sensorial \u00fanica.<\/p>\n<h3 data-start=\"722\" data-end=\"738\"><strong>Nota de tast<\/strong><\/h3>\n<ul data-start=\"740\" data-end=\"1048\">\n<li data-start=\"740\" data-end=\"857\">\n<p data-start=\"742\" data-end=\"857\"><strong data-start=\"742\" data-end=\"751\">Vista<\/strong>: Color groc p\u00e0l\u00b7lid amb reflexos grisosos i una lleugera terbolesa natural; bombolla fina i persistent.<\/p>\n<\/li>\n<li data-start=\"858\" data-end=\"936\">\n<p data-start=\"860\" data-end=\"936\"><strong data-start=\"860\" data-end=\"867\">Nas<\/strong>: Aromes complexos amb notes de pastisseria, fonoll i poma rostida.<\/p>\n<\/li>\n<li data-start=\"937\" data-end=\"1048\">\n<p data-start=\"939\" data-end=\"1048\"><strong data-start=\"939\" data-end=\"947\">Boca<\/strong>: Fresc i sal\u00ed, amb una acidesa equilibrada i una textura cremosa; final llarg i lleugerament dol\u00e7.<\/p>\n<\/li>\n<\/ul>\n<h3 data-start=\"1050\" data-end=\"1073\"><strong>Maridatge recomanat<\/strong><\/h3>\n<p data-start=\"1075\" data-end=\"1162\">Ideal com a aperitiu o per acompanyar plats lleugers, marisc, amanides i cuina d\u2019autor.<\/p>\n<p data-start=\"1179\" data-end=\"1360\" data-is-last-node=\"\" data-is-only-node=\"\"><strong data-start=\"1179\" data-end=\"1199\">Efecte Ancestral<\/strong> \u00e9s una expressi\u00f3 aut\u00e8ntica del Pened\u00e8s, que reflecteix el comprom\u00eds d\u2019Albet i Noya amb la viticultura ecol\u00f2gica i l\u2019elaboraci\u00f3 de vins naturals d\u2019alta qualitat.<\/p>\n<\/div>\n<\/div>\n<\/div>\n<\/div>\n<div class=\"flex justify-start\">\n<div class=\"touch:-me-2 touch:-ms-3.5 -ms-2.5 -me-1 flex items-center p-1 select-none -mt-1 duration-[1.5s] focus-within:transition-none hover:transition-none pointer-events-none [mask-image:linear-gradient(to_right,black_33%,transparent_66%)] [mask-size:300%_100%] [mask-position:100%_0%] motion-safe:transition-[mask-position] group-hover\/turn-messages:pointer-events-auto group-hover\/turn-messages:[mask-position:0_0] group-focus-within\/turn-messages:pointer-events-auto group-focus-within\/turn-messages:[mask-position:0_0] has-data-[state=open]:pointer-events-auto has-data-[state=open]:[mask-position:0_0]\"><\/div>\n<\/div>\n<div class=\"mt-3 w-full empty:hidden\">\n<div class=\"text-center\"><\/div>\n<\/div>\n<\/div>\n<div class=\"absolute\">\n<div class=\"flex items-center justify-center\"><\/div>\n<\/div>\n<\/div>\n<\/div>\n<\/div>\n<\/article>\n<div class=\"pointer-events-none h-px w-px\" aria-hidden=\"true\" data-edge=\"true\"><\/div>\n","protected":false},"excerpt":{"rendered":"<p><strong data-start=\"0\" data-end=\"20\" data-is-only-node=\"\">Efecte Ancestral<\/strong> d\u2019Albet i Noya \u00e9s un escum\u00f3s ecol\u00f2gic i veg\u00e0 del Pened\u00e8s elaborat 100% amb Xarel\u00b7lo mitjan\u00e7ant el m\u00e8tode ancestral, sense sulfits afegits i amb una crian\u00e7a en rima de 9 a 18 mesos. Presenta una bombolla fina i natural, aromes complexos de pastisseria, fonoll i poma rostida, i una boca fresca, salina i cremosa. \u00c9s un vi sincer i elegant, ideal per maridar amb plats lleugers i marisc, que reflecteix amb autenticitat el comprom\u00eds del celler amb la natura i la qualitat.<\/p>\n","protected":false},"featured_media":83181,"comment_status":"closed","ping_status":"closed","template":"","meta":{"_acf_changed":false},"pwb-brand":[],"product_cat":[51987,33038,33066,33110,33242],"product_tag":[52674],"class_list":{"0":"post-83164","1":"product","2":"type-product","3":"status-publish","4":"has-post-thumbnail","6":"product_cat-botiga","7":"product_cat-vi-escumos-ca","8":"product_cat-ancestral-ca","9":"product_cat-classic-penedes-ca","10":"product_cat-classic-penedes-blanc-ca","11":"product_tag-albet-i-noya-efecte-ancestral-ca","12":"pa_anada-2021-ca","13":"pa_bodega-albet-i-noya-ca","14":"pa_cantidaddeazucar-brutnature-ca","15":"pa_ecologico-vegano-natural-ecologic","16":"pa_ecologico-vegano-natural-vega","17":"pa_formatoenml-750-ca","18":"pa_graduacion-11_0-ca","19":"pa_maridaje-marisc","20":"pa_pais-espanya-ca","21":"pa_region-cataluna-ca","22":"pa_tipodevino-vinoespumoso","23":"pa_variedad-principal-xarello","24":"entry","25":"has-media","27":"first","28":"outofstock","29":"taxable","30":"shipping-taxable","31":"purchasable","32":"product-type-simple"},"acf":[],"yoast_head":"<!-- This site is optimized with the Yoast SEO Premium plugin v23.1 (Yoast SEO v24.1) - https:\/\/yoast.com\/wordpress\/plugins\/seo\/ -->\n<title>Albet i Noya Efecte Ancestral<\/title>\n<meta name=\"description\" content=\"Comprar al millor preu Albet i Noya Efecte Ancestral a M\u00f3n La Cata. Botiga online especialitzada en vins, destil\u00b7lats, cerveses i alimentaci\u00f3.\" \/>\n<meta name=\"robots\" content=\"noindex, follow, max-snippet:-1, max-image-preview:large, max-video-preview:-1\" \/>\n<meta property=\"og:locale\" content=\"ca_ES\" \/>\n<meta property=\"og:type\" content=\"article\" \/>\n<meta property=\"og:title\" content=\"Albet i Noya Efecte Ancestral\" \/>\n<meta property=\"og:description\" content=\"Comprar al millor preu Albet i Noya Efecte Ancestral a M\u00f3n La Cata. Botiga online especialitzada en vins, destil\u00b7lats, cerveses i alimentaci\u00f3.\" \/>\n<meta property=\"og:url\" content=\"https:\/\/monlacata.cetrexmarketing.com\/ca\/producto\/albet-i-noya-efecte-ancestral\/\" \/>\n<meta property=\"og:site_name\" content=\"M\u00f3n La Cata\" \/>\n<meta property=\"article:modified_time\" content=\"2025-05-26T14:08:48+00:00\" \/>\n<meta property=\"og:image\" content=\"https:\/\/monlacata.cetrexmarketing.com\/wp-content\/uploads\/2025\/03\/ALBET-I-NOYA-ANCESTRAL-EFECTE.png\" \/>\n\t<meta property=\"og:image:width\" content=\"765\" \/>\n\t<meta property=\"og:image:height\" content=\"1024\" \/>\n\t<meta property=\"og:image:type\" content=\"image\/png\" \/>\n<meta name=\"twitter:card\" content=\"summary_large_image\" \/>\n<meta name=\"twitter:label1\" content=\"Temps estimat de lectura\" \/>\n\t<meta name=\"twitter:data1\" content=\"2 minuts\" \/>\n<script type=\"application\/ld+json\" class=\"yoast-schema-graph\">{\"@context\":\"https:\/\/schema.org\",\"@graph\":[{\"@type\":\"WebPage\",\"@id\":\"https:\/\/monlacata.cetrexmarketing.com\/ca\/producto\/albet-i-noya-efecte-ancestral\/\",\"url\":\"https:\/\/monlacata.cetrexmarketing.com\/ca\/producto\/albet-i-noya-efecte-ancestral\/\",\"name\":\"Albet i Noya Efecte Ancestral\",\"isPartOf\":{\"@id\":\"https:\/\/monlacata.cetrexmarketing.com\/#website\"},\"primaryImageOfPage\":{\"@id\":\"https:\/\/monlacata.cetrexmarketing.com\/ca\/producto\/albet-i-noya-efecte-ancestral\/#primaryimage\"},\"image\":{\"@id\":\"https:\/\/monlacata.cetrexmarketing.com\/ca\/producto\/albet-i-noya-efecte-ancestral\/#primaryimage\"},\"thumbnailUrl\":\"https:\/\/monlacata.cetrexmarketing.com\/wp-content\/uploads\/2025\/03\/ALBET-I-NOYA-ANCESTRAL-EFECTE.png\",\"datePublished\":\"2025-03-13T10:43:12+00:00\",\"dateModified\":\"2025-05-26T14:08:48+00:00\",\"description\":\"Comprar al millor preu Albet i Noya Efecte Ancestral a M\u00f3n La Cata. Botiga online especialitzada en vins, destil\u00b7lats, cerveses i alimentaci\u00f3.\",\"breadcrumb\":{\"@id\":\"https:\/\/monlacata.cetrexmarketing.com\/ca\/producto\/albet-i-noya-efecte-ancestral\/#breadcrumb\"},\"inLanguage\":\"ca\",\"potentialAction\":[{\"@type\":\"ReadAction\",\"target\":[\"https:\/\/monlacata.cetrexmarketing.com\/ca\/producto\/albet-i-noya-efecte-ancestral\/\"]}]},{\"@type\":\"ImageObject\",\"inLanguage\":\"ca\",\"@id\":\"https:\/\/monlacata.cetrexmarketing.com\/ca\/producto\/albet-i-noya-efecte-ancestral\/#primaryimage\",\"url\":\"https:\/\/monlacata.cetrexmarketing.com\/wp-content\/uploads\/2025\/03\/ALBET-I-NOYA-ANCESTRAL-EFECTE.png\",\"contentUrl\":\"https:\/\/monlacata.cetrexmarketing.com\/wp-content\/uploads\/2025\/03\/ALBET-I-NOYA-ANCESTRAL-EFECTE.png\",\"width\":765,\"height\":1024,\"caption\":\"ALBET I NOYA ANCESTRAL EFECTE\"},{\"@type\":\"BreadcrumbList\",\"@id\":\"https:\/\/monlacata.cetrexmarketing.com\/ca\/producto\/albet-i-noya-efecte-ancestral\/#breadcrumb\",\"itemListElement\":[{\"@type\":\"ListItem\",\"position\":1,\"name\":\"Home\",\"item\":\"https:\/\/monlacata.cetrexmarketing.com\/ca\/\"},{\"@type\":\"ListItem\",\"position\":2,\"name\":\"Tienda\",\"item\":\"https:\/\/monlacata.cetrexmarketing.com\/ca\/tienda-2\/\"},{\"@type\":\"ListItem\",\"position\":3,\"name\":\"Vi Escum\u00f3s\",\"item\":\"https:\/\/monlacata.cetrexmarketing.com\/categoria-producto\/home-ca\/vi-escumos-ca\/\"},{\"@type\":\"ListItem\",\"position\":4,\"name\":\"Classic Pened\u00e8s\",\"item\":\"https:\/\/monlacata.cetrexmarketing.com\/ca\/categoria-producto\/home-ca\/vi-escumos-ca\/classic-penedes-ca\/\"},{\"@type\":\"ListItem\",\"position\":5,\"name\":\"Classic Penedes blanc\",\"item\":\"https:\/\/monlacata.cetrexmarketing.com\/ca\/categoria-producto\/vi-escumos-ca\/classic-penedes-ca\/classic-penedes-blanc-ca\/\"},{\"@type\":\"ListItem\",\"position\":6,\"name\":\"Albet i Noya Efecte Ancestral\"}]},{\"@type\":\"WebSite\",\"@id\":\"https:\/\/monlacata.cetrexmarketing.com\/#website\",\"url\":\"https:\/\/monlacata.cetrexmarketing.com\/\",\"name\":\"M\u00f3n La Cata\",\"description\":\"Tienda de vinos, licores, cervezas y gourmet\",\"publisher\":{\"@id\":\"https:\/\/monlacata.cetrexmarketing.com\/#organization\"},\"potentialAction\":[{\"@type\":\"SearchAction\",\"target\":{\"@type\":\"EntryPoint\",\"urlTemplate\":\"https:\/\/monlacata.cetrexmarketing.com\/?s={search_term_string}\"},\"query-input\":{\"@type\":\"PropertyValueSpecification\",\"valueRequired\":true,\"valueName\":\"search_term_string\"}}],\"inLanguage\":\"ca\"},{\"@type\":\"Organization\",\"@id\":\"https:\/\/monlacata.cetrexmarketing.com\/#organization\",\"name\":\"M\u00f3n La Cata\",\"url\":\"https:\/\/monlacata.cetrexmarketing.com\/\",\"logo\":{\"@type\":\"ImageObject\",\"inLanguage\":\"ca\",\"@id\":\"https:\/\/monlacata.cetrexmarketing.com\/#\/schema\/logo\/image\/\",\"url\":\"https:\/\/monlacata.cetrexmarketing.com\/wp-content\/uploads\/2024\/02\/monlacata-logo-blanc.png\",\"contentUrl\":\"https:\/\/monlacata.cetrexmarketing.com\/wp-content\/uploads\/2024\/02\/monlacata-logo-blanc.png\",\"width\":454,\"height\":193,\"caption\":\"M\u00f3n La Cata\"},\"image\":{\"@id\":\"https:\/\/monlacata.cetrexmarketing.com\/#\/schema\/logo\/image\/\"}}]}<\/script>\n<!-- \/ Yoast SEO Premium plugin. -->","yoast_head_json":{"title":"Albet i Noya Efecte Ancestral","description":"Comprar al millor preu Albet i Noya Efecte Ancestral a M\u00f3n La Cata. Botiga online especialitzada en vins, destil\u00b7lats, cerveses i alimentaci\u00f3.","robots":{"index":"noindex","follow":"follow","max-snippet":"max-snippet:-1","max-image-preview":"max-image-preview:large","max-video-preview":"max-video-preview:-1"},"og_locale":"ca_ES","og_type":"article","og_title":"Albet i Noya Efecte Ancestral","og_description":"Comprar al millor preu Albet i Noya Efecte Ancestral a M\u00f3n La Cata. Botiga online especialitzada en vins, destil\u00b7lats, cerveses i alimentaci\u00f3.","og_url":"https:\/\/monlacata.cetrexmarketing.com\/ca\/producto\/albet-i-noya-efecte-ancestral\/","og_site_name":"M\u00f3n La Cata","article_modified_time":"2025-05-26T14:08:48+00:00","og_image":[{"width":765,"height":1024,"url":"https:\/\/monlacata.cetrexmarketing.com\/wp-content\/uploads\/2025\/03\/ALBET-I-NOYA-ANCESTRAL-EFECTE.png","type":"image\/png"}],"twitter_card":"summary_large_image","twitter_misc":{"Temps estimat de lectura":"2 minuts"},"schema":{"@context":"https:\/\/schema.org","@graph":[{"@type":"WebPage","@id":"https:\/\/monlacata.cetrexmarketing.com\/ca\/producto\/albet-i-noya-efecte-ancestral\/","url":"https:\/\/monlacata.cetrexmarketing.com\/ca\/producto\/albet-i-noya-efecte-ancestral\/","name":"Albet i Noya Efecte Ancestral","isPartOf":{"@id":"https:\/\/monlacata.cetrexmarketing.com\/#website"},"primaryImageOfPage":{"@id":"https:\/\/monlacata.cetrexmarketing.com\/ca\/producto\/albet-i-noya-efecte-ancestral\/#primaryimage"},"image":{"@id":"https:\/\/monlacata.cetrexmarketing.com\/ca\/producto\/albet-i-noya-efecte-ancestral\/#primaryimage"},"thumbnailUrl":"https:\/\/monlacata.cetrexmarketing.com\/wp-content\/uploads\/2025\/03\/ALBET-I-NOYA-ANCESTRAL-EFECTE.png","datePublished":"2025-03-13T10:43:12+00:00","dateModified":"2025-05-26T14:08:48+00:00","description":"Comprar al millor preu Albet i Noya Efecte Ancestral a M\u00f3n La Cata. Botiga online especialitzada en vins, destil\u00b7lats, cerveses i alimentaci\u00f3.","breadcrumb":{"@id":"https:\/\/monlacata.cetrexmarketing.com\/ca\/producto\/albet-i-noya-efecte-ancestral\/#breadcrumb"},"inLanguage":"ca","potentialAction":[{"@type":"ReadAction","target":["https:\/\/monlacata.cetrexmarketing.com\/ca\/producto\/albet-i-noya-efecte-ancestral\/"]}]},{"@type":"ImageObject","inLanguage":"ca","@id":"https:\/\/monlacata.cetrexmarketing.com\/ca\/producto\/albet-i-noya-efecte-ancestral\/#primaryimage","url":"https:\/\/monlacata.cetrexmarketing.com\/wp-content\/uploads\/2025\/03\/ALBET-I-NOYA-ANCESTRAL-EFECTE.png","contentUrl":"https:\/\/monlacata.cetrexmarketing.com\/wp-content\/uploads\/2025\/03\/ALBET-I-NOYA-ANCESTRAL-EFECTE.png","width":765,"height":1024,"caption":"ALBET I NOYA ANCESTRAL EFECTE"},{"@type":"BreadcrumbList","@id":"https:\/\/monlacata.cetrexmarketing.com\/ca\/producto\/albet-i-noya-efecte-ancestral\/#breadcrumb","itemListElement":[{"@type":"ListItem","position":1,"name":"Home","item":"https:\/\/monlacata.cetrexmarketing.com\/ca\/"},{"@type":"ListItem","position":2,"name":"Tienda","item":"https:\/\/monlacata.cetrexmarketing.com\/ca\/tienda-2\/"},{"@type":"ListItem","position":3,"name":"Vi Escum\u00f3s","item":"https:\/\/monlacata.cetrexmarketing.com\/categoria-producto\/home-ca\/vi-escumos-ca\/"},{"@type":"ListItem","position":4,"name":"Classic Pened\u00e8s","item":"https:\/\/monlacata.cetrexmarketing.com\/ca\/categoria-producto\/home-ca\/vi-escumos-ca\/classic-penedes-ca\/"},{"@type":"ListItem","position":5,"name":"Classic Penedes blanc","item":"https:\/\/monlacata.cetrexmarketing.com\/ca\/categoria-producto\/vi-escumos-ca\/classic-penedes-ca\/classic-penedes-blanc-ca\/"},{"@type":"ListItem","position":6,"name":"Albet i Noya Efecte Ancestral"}]},{"@type":"WebSite","@id":"https:\/\/monlacata.cetrexmarketing.com\/#website","url":"https:\/\/monlacata.cetrexmarketing.com\/","name":"M\u00f3n La Cata","description":"Tienda de vinos, licores, cervezas y gourmet","publisher":{"@id":"https:\/\/monlacata.cetrexmarketing.com\/#organization"},"potentialAction":[{"@type":"SearchAction","target":{"@type":"EntryPoint","urlTemplate":"https:\/\/monlacata.cetrexmarketing.com\/?s={search_term_string}"},"query-input":{"@type":"PropertyValueSpecification","valueRequired":true,"valueName":"search_term_string"}}],"inLanguage":"ca"},{"@type":"Organization","@id":"https:\/\/monlacata.cetrexmarketing.com\/#organization","name":"M\u00f3n La Cata","url":"https:\/\/monlacata.cetrexmarketing.com\/","logo":{"@type":"ImageObject","inLanguage":"ca","@id":"https:\/\/monlacata.cetrexmarketing.com\/#\/schema\/logo\/image\/","url":"https:\/\/monlacata.cetrexmarketing.com\/wp-content\/uploads\/2024\/02\/monlacata-logo-blanc.png","contentUrl":"https:\/\/monlacata.cetrexmarketing.com\/wp-content\/uploads\/2024\/02\/monlacata-logo-blanc.png","width":454,"height":193,"caption":"M\u00f3n La Cata"},"image":{"@id":"https:\/\/monlacata.cetrexmarketing.com\/#\/schema\/logo\/image\/"}}]}},"brands":[],"tiered_pricing_type":"fixed","tiered_pricing_fixed_rules":[],"tiered_pricing_product_settings":{"layout":"default","base_unit_name":{"singular":null,"plural":null},"default_variation":null},"tiered_pricing_minimum_quantity":null,"tiered_pricing_roles_data":[],"tiered_pricing_percentage_rules":[],"tiered_pricing_maximum_quantity":null,"tiered_pricing_quantity_step":null,"_links":{"self":[{"href":"https:\/\/monlacata.cetrexmarketing.com\/ca\/wp-json\/wp\/v2\/product\/83164","targetHints":{"allow":["GET"]}}],"collection":[{"href":"https:\/\/monlacata.cetrexmarketing.com\/ca\/wp-json\/wp\/v2\/product"}],"about":[{"href":"https:\/\/monlacata.cetrexmarketing.com\/ca\/wp-json\/wp\/v2\/types\/product"}],"replies":[{"embeddable":true,"href":"https:\/\/monlacata.cetrexmarketing.com\/ca\/wp-json\/wp\/v2\/comments?post=83164"}],"wp:featuredmedia":[{"embeddable":true,"href":"https:\/\/monlacata.cetrexmarketing.com\/ca\/wp-json\/wp\/v2\/media\/83181"}],"wp:attachment":[{"href":"https:\/\/monlacata.cetrexmarketing.com\/ca\/wp-json\/wp\/v2\/media?parent=83164"}],"wp:term":[{"taxonomy":"pwb-brand","embeddable":true,"href":"https:\/\/monlacata.cetrexmarketing.com\/ca\/wp-json\/wp\/v2\/pwb-brand?post=83164"},{"taxonomy":"product_cat","embeddable":true,"href":"https:\/\/monlacata.cetrexmarketing.com\/ca\/wp-json\/wp\/v2\/product_cat?post=83164"},{"taxonomy":"product_tag","embeddable":true,"href":"https:\/\/monlacata.cetrexmarketing.com\/ca\/wp-json\/wp\/v2\/product_tag?post=83164"}],"curies":[{"name":"wp","href":"https:\/\/api.w.org\/{rel}","templated":true}]}}