{"id":83169,"date":"2025-03-13T11:41:11","date_gmt":"2025-03-13T11:41:11","guid":{"rendered":"https:\/\/monlacata.cetrexmarketing.com\/?post_type=product&#038;p=83169"},"modified":"2026-01-19T16:55:17","modified_gmt":"2026-01-19T16:55:17","slug":"alta-alella-aus-pet-nat-blanc","status":"publish","type":"product","link":"https:\/\/monlacata.cetrexmarketing.com\/ca\/producto\/alta-alella-aus-pet-nat-blanc\/","title":{"rendered":"Alta Alella Puput P\u00e9t-Nat Blanc"},"content":{"rendered":"<p data-start=\"163\" data-end=\"574\">El <strong data-start=\"166\" data-end=\"183\">Puput P\u00e9t-Nat<\/strong>, elaborat per <strong data-start=\"198\" data-end=\"233\">Alta Alella \u2013 Celler de les Aus<\/strong>, es produeix al Parc Natural de la Serralada de Marina, a prop de Barcelona. Aquest escum\u00f3s natural es fa exclusivament amb ra\u00efm <strong data-start=\"363\" data-end=\"390\">Pansa Blanca<\/strong>\u00a0cultivat ecol\u00f2gicament en s\u00f2ls gran\u00edtics (saul\u00f3), seguint el <strong data-start=\"452\" data-end=\"472\">m\u00e8tode ancestral<\/strong>, que consisteix a embotellar el most abans que acabi la fermentaci\u00f3, sense afegir sulfits ni filtrar.<\/p>\n<h3 data-start=\"576\" data-end=\"596\"><strong data-start=\"580\" data-end=\"596\">Nota de tast<\/strong><\/h3>\n<ul data-start=\"598\" data-end=\"1172\">\n<li data-start=\"598\" data-end=\"722\">\n<p data-start=\"600\" data-end=\"722\"><strong data-start=\"600\" data-end=\"609\">Vista<\/strong>: Color groc p\u00e0lid amb reflexos verdosos i una lleugera turbidesa natural per la seva elaboraci\u00f3 sense filtrar.<\/p>\n<\/li>\n<li data-start=\"723\" data-end=\"843\">\n<p data-start=\"725\" data-end=\"843\"><strong data-start=\"725\" data-end=\"732\">Nas<\/strong>: Aromes frescos i vibrants de fruites blanques com poma i pera, amb subtils notes c\u00edtriques i un toc floral.<\/p>\n<\/li>\n<li data-start=\"844\" data-end=\"1172\">\n<p data-start=\"846\" data-end=\"1172\"><strong data-start=\"846\" data-end=\"854\">Boca<\/strong>: Fresc i lleuger, amb una acidesa equilibrada que ressalta els sabors fruiters i una textura lleugerament cremosa gr\u00e0cies a la pres\u00e8ncia de lies. Les bombolles s\u00f3n fines i persistents, proporcionant una sensaci\u00f3 efervescent i viva. El final \u00e9s sec i refrescant, amb una persist\u00e8ncia de fruita i un subtil toc mineral.<\/p>\n<\/li>\n<\/ul>\n<h3 data-start=\"1174\" data-end=\"1201\"><strong data-start=\"1178\" data-end=\"1201\">Maridatge recomanat<\/strong><\/h3>\n<p data-start=\"1203\" data-end=\"1275\">Ideal com a aperitiu o per acompanyar marisc, amanides i plats lleugers.<\/p>\n<p data-start=\"1296\" data-end=\"1474\"><strong data-start=\"1296\" data-end=\"1313\">Puput P\u00e9t-Nat<\/strong> \u00e9s una expressi\u00f3 aut\u00e8ntica del Mediterrani, que ofereix una experi\u00e8ncia fresca i sincera per a qui busca vins escumosos naturals amb car\u00e0cter i sense artificis.<\/p>\n","protected":false},"excerpt":{"rendered":"<p><strong data-start=\"0\" data-end=\"17\" data-is-only-node=\"\">Puput P\u00e9t-Nat<\/strong> d&#8217;Alta Alella \u00e9s un vi escum\u00f3s natural elaborat amb ra\u00efm Pansa Blanca mitjan\u00e7ant el m\u00e8tode ancestral, sense sulfits afegits ni filtraci\u00f3. Procedent de vinyes ecol\u00f2giques a la Serralada de Marina, presenta un color groc p\u00e0lid amb reflexos verdosos i aromes fresques de fruita blanca, c\u00edtrics i florals. En boca \u00e9s lleuger, fresc i efervescent, amb una acidesa equilibrada i un final sec i persistent. Ideal com a aperitiu o per maridar amb plats lleugers, \u00e9s una aposta natural i aut\u00e8ntica que reflecteix l\u2019esperit mediterrani.<\/p>\n","protected":false},"featured_media":85204,"comment_status":"closed","ping_status":"closed","template":"","meta":{"_acf_changed":false},"pwb-brand":[32868],"product_cat":[51987,33038,33066,33048],"product_tag":[],"class_list":{"0":"post-83169","1":"product","2":"type-product","3":"status-publish","4":"has-post-thumbnail","6":"pwb-brand-ca-altaalella-mirgin-ca","7":"product_cat-botiga","8":"product_cat-vi-escumos-ca","9":"product_cat-ancestral-ca","10":"product_cat-ecologic-ca","11":"pa_anada-2024-ca","12":"pa_bodega-altaalella-ca","13":"pa_ecologico-vegano-natural-natural-ca","14":"pa_formatoenml-750-ca","15":"pa_graduacion-11_5","16":"pa_pueblociudad-alellabarcelona-ca","17":"pa_region-cataluna-ca","18":"pa_variedad-principal-pansa-blanca-ca","19":"entry","20":"has-media","22":"first","23":"instock","24":"taxable","25":"shipping-taxable","26":"purchasable","27":"product-type-simple"},"acf":[],"yoast_head":"<!-- This site is optimized with the Yoast SEO Premium plugin v23.1 (Yoast SEO v24.1) - https:\/\/yoast.com\/wordpress\/plugins\/seo\/ -->\n<title>Alta Alella Puput P\u00e9t-Nat Blanc<\/title>\n<meta name=\"description\" content=\"Comprar al millor preu l&#039;ancestral Alta Alella Aus P\u00e9t-Nat Blanc a Mon la Cata. Botiga online especialitzada en vins, destil\u00b7lats, cerveses i alimentaci\u00f3.\" \/>\n<meta name=\"robots\" content=\"noindex, follow, max-snippet:-1, max-image-preview:large, max-video-preview:-1\" \/>\n<meta property=\"og:locale\" content=\"ca_ES\" \/>\n<meta property=\"og:type\" content=\"article\" \/>\n<meta property=\"og:title\" content=\"Alta Alella Puput P\u00e9t-Nat Blanc\" \/>\n<meta property=\"og:description\" content=\"Comprar al millor preu l&#039;ancestral Alta Alella Aus P\u00e9t-Nat Blanc a Mon la Cata. Botiga online especialitzada en vins, destil\u00b7lats, cerveses i alimentaci\u00f3.\" \/>\n<meta property=\"og:url\" content=\"https:\/\/monlacata.cetrexmarketing.com\/producto\/alta-alella-aus-pet-nat-blanco\/\" \/>\n<meta property=\"og:site_name\" content=\"M\u00f3n La Cata\" \/>\n<meta property=\"article:modified_time\" content=\"2026-01-19T16:55:17+00:00\" \/>\n<meta property=\"og:image\" content=\"https:\/\/monlacata.cetrexmarketing.com\/wp-content\/uploads\/2025\/03\/alta-alella-pet-nat-blanco-1.png\" \/>\n\t<meta property=\"og:image:width\" content=\"765\" \/>\n\t<meta property=\"og:image:height\" content=\"1024\" \/>\n\t<meta property=\"og:image:type\" content=\"image\/png\" \/>\n<meta name=\"twitter:card\" content=\"summary_large_image\" \/>\n<meta name=\"twitter:label1\" content=\"Temps estimat de lectura\" \/>\n\t<meta name=\"twitter:data1\" content=\"2 minuts\" \/>\n<script type=\"application\/ld+json\" class=\"yoast-schema-graph\">{\"@context\":\"https:\/\/schema.org\",\"@graph\":[{\"@type\":\"WebPage\",\"@id\":\"https:\/\/monlacata.cetrexmarketing.com\/producto\/alta-alella-aus-pet-nat-blanco\/\",\"url\":\"https:\/\/monlacata.cetrexmarketing.com\/producto\/alta-alella-aus-pet-nat-blanco\/\",\"name\":\"Alta Alella Puput P\u00e9t-Nat Blanc\",\"isPartOf\":{\"@id\":\"https:\/\/monlacata.cetrexmarketing.com\/#website\"},\"primaryImageOfPage\":{\"@id\":\"https:\/\/monlacata.cetrexmarketing.com\/producto\/alta-alella-aus-pet-nat-blanco\/#primaryimage\"},\"image\":{\"@id\":\"https:\/\/monlacata.cetrexmarketing.com\/producto\/alta-alella-aus-pet-nat-blanco\/#primaryimage\"},\"thumbnailUrl\":\"https:\/\/monlacata.cetrexmarketing.com\/wp-content\/uploads\/2025\/03\/alta-alella-pet-nat-blanco-1.png\",\"datePublished\":\"2025-03-13T11:41:11+00:00\",\"dateModified\":\"2026-01-19T16:55:17+00:00\",\"description\":\"Comprar al millor preu l'ancestral Alta Alella Aus P\u00e9t-Nat Blanc a Mon la Cata. Botiga online especialitzada en vins, destil\u00b7lats, cerveses i alimentaci\u00f3.\",\"breadcrumb\":{\"@id\":\"https:\/\/monlacata.cetrexmarketing.com\/producto\/alta-alella-aus-pet-nat-blanco\/#breadcrumb\"},\"inLanguage\":\"ca\",\"potentialAction\":[{\"@type\":\"ReadAction\",\"target\":[\"https:\/\/monlacata.cetrexmarketing.com\/producto\/alta-alella-aus-pet-nat-blanco\/\"]}]},{\"@type\":\"ImageObject\",\"inLanguage\":\"ca\",\"@id\":\"https:\/\/monlacata.cetrexmarketing.com\/producto\/alta-alella-aus-pet-nat-blanco\/#primaryimage\",\"url\":\"https:\/\/monlacata.cetrexmarketing.com\/wp-content\/uploads\/2025\/03\/alta-alella-pet-nat-blanco-1.png\",\"contentUrl\":\"https:\/\/monlacata.cetrexmarketing.com\/wp-content\/uploads\/2025\/03\/alta-alella-pet-nat-blanco-1.png\",\"width\":765,\"height\":1024,\"caption\":\"alta alella pet nat blanco\"},{\"@type\":\"BreadcrumbList\",\"@id\":\"https:\/\/monlacata.cetrexmarketing.com\/producto\/alta-alella-aus-pet-nat-blanco\/#breadcrumb\",\"itemListElement\":[{\"@type\":\"ListItem\",\"position\":1,\"name\":\"Home\",\"item\":\"https:\/\/monlacata.cetrexmarketing.com\/ca\/\"},{\"@type\":\"ListItem\",\"position\":2,\"name\":\"Tienda\",\"item\":\"https:\/\/monlacata.cetrexmarketing.com\/ca\/tienda-2\/\"},{\"@type\":\"ListItem\",\"position\":3,\"name\":\"Vi Escum\u00f3s\",\"item\":\"https:\/\/monlacata.cetrexmarketing.com\/categoria-producto\/home-ca\/vi-escumos-ca\/\"},{\"@type\":\"ListItem\",\"position\":4,\"name\":\"Ancestral\",\"item\":\"https:\/\/monlacata.cetrexmarketing.com\/ca\/categoria-producto\/home-ca\/vi-escumos-ca\/ancestral-ca\/\"},{\"@type\":\"ListItem\",\"position\":5,\"name\":\"Alta Alella Puput P\u00e9t-Nat Blanc\"}]},{\"@type\":\"WebSite\",\"@id\":\"https:\/\/monlacata.cetrexmarketing.com\/#website\",\"url\":\"https:\/\/monlacata.cetrexmarketing.com\/\",\"name\":\"M\u00f3n La Cata\",\"description\":\"Tienda de vinos, licores, cervezas y gourmet\",\"publisher\":{\"@id\":\"https:\/\/monlacata.cetrexmarketing.com\/#organization\"},\"potentialAction\":[{\"@type\":\"SearchAction\",\"target\":{\"@type\":\"EntryPoint\",\"urlTemplate\":\"https:\/\/monlacata.cetrexmarketing.com\/?s={search_term_string}\"},\"query-input\":{\"@type\":\"PropertyValueSpecification\",\"valueRequired\":true,\"valueName\":\"search_term_string\"}}],\"inLanguage\":\"ca\"},{\"@type\":\"Organization\",\"@id\":\"https:\/\/monlacata.cetrexmarketing.com\/#organization\",\"name\":\"M\u00f3n La Cata\",\"url\":\"https:\/\/monlacata.cetrexmarketing.com\/\",\"logo\":{\"@type\":\"ImageObject\",\"inLanguage\":\"ca\",\"@id\":\"https:\/\/monlacata.cetrexmarketing.com\/#\/schema\/logo\/image\/\",\"url\":\"https:\/\/monlacata.cetrexmarketing.com\/wp-content\/uploads\/2024\/02\/monlacata-logo-blanc.png\",\"contentUrl\":\"https:\/\/monlacata.cetrexmarketing.com\/wp-content\/uploads\/2024\/02\/monlacata-logo-blanc.png\",\"width\":454,\"height\":193,\"caption\":\"M\u00f3n La Cata\"},\"image\":{\"@id\":\"https:\/\/monlacata.cetrexmarketing.com\/#\/schema\/logo\/image\/\"}}]}<\/script>\n<!-- \/ Yoast SEO Premium plugin. -->","yoast_head_json":{"title":"Alta Alella Puput P\u00e9t-Nat Blanc","description":"Comprar al millor preu l'ancestral Alta Alella Aus P\u00e9t-Nat Blanc a Mon la Cata. Botiga online especialitzada en vins, destil\u00b7lats, cerveses i alimentaci\u00f3.","robots":{"index":"noindex","follow":"follow","max-snippet":"max-snippet:-1","max-image-preview":"max-image-preview:large","max-video-preview":"max-video-preview:-1"},"og_locale":"ca_ES","og_type":"article","og_title":"Alta Alella Puput P\u00e9t-Nat Blanc","og_description":"Comprar al millor preu l'ancestral Alta Alella Aus P\u00e9t-Nat Blanc a Mon la Cata. Botiga online especialitzada en vins, destil\u00b7lats, cerveses i alimentaci\u00f3.","og_url":"https:\/\/monlacata.cetrexmarketing.com\/producto\/alta-alella-aus-pet-nat-blanco\/","og_site_name":"M\u00f3n La Cata","article_modified_time":"2026-01-19T16:55:17+00:00","og_image":[{"width":765,"height":1024,"url":"https:\/\/monlacata.cetrexmarketing.com\/wp-content\/uploads\/2025\/03\/alta-alella-pet-nat-blanco-1.png","type":"image\/png"}],"twitter_card":"summary_large_image","twitter_misc":{"Temps estimat de lectura":"2 minuts"},"schema":{"@context":"https:\/\/schema.org","@graph":[{"@type":"WebPage","@id":"https:\/\/monlacata.cetrexmarketing.com\/producto\/alta-alella-aus-pet-nat-blanco\/","url":"https:\/\/monlacata.cetrexmarketing.com\/producto\/alta-alella-aus-pet-nat-blanco\/","name":"Alta Alella Puput P\u00e9t-Nat Blanc","isPartOf":{"@id":"https:\/\/monlacata.cetrexmarketing.com\/#website"},"primaryImageOfPage":{"@id":"https:\/\/monlacata.cetrexmarketing.com\/producto\/alta-alella-aus-pet-nat-blanco\/#primaryimage"},"image":{"@id":"https:\/\/monlacata.cetrexmarketing.com\/producto\/alta-alella-aus-pet-nat-blanco\/#primaryimage"},"thumbnailUrl":"https:\/\/monlacata.cetrexmarketing.com\/wp-content\/uploads\/2025\/03\/alta-alella-pet-nat-blanco-1.png","datePublished":"2025-03-13T11:41:11+00:00","dateModified":"2026-01-19T16:55:17+00:00","description":"Comprar al millor preu l'ancestral Alta Alella Aus P\u00e9t-Nat Blanc a Mon la Cata. Botiga online especialitzada en vins, destil\u00b7lats, cerveses i alimentaci\u00f3.","breadcrumb":{"@id":"https:\/\/monlacata.cetrexmarketing.com\/producto\/alta-alella-aus-pet-nat-blanco\/#breadcrumb"},"inLanguage":"ca","potentialAction":[{"@type":"ReadAction","target":["https:\/\/monlacata.cetrexmarketing.com\/producto\/alta-alella-aus-pet-nat-blanco\/"]}]},{"@type":"ImageObject","inLanguage":"ca","@id":"https:\/\/monlacata.cetrexmarketing.com\/producto\/alta-alella-aus-pet-nat-blanco\/#primaryimage","url":"https:\/\/monlacata.cetrexmarketing.com\/wp-content\/uploads\/2025\/03\/alta-alella-pet-nat-blanco-1.png","contentUrl":"https:\/\/monlacata.cetrexmarketing.com\/wp-content\/uploads\/2025\/03\/alta-alella-pet-nat-blanco-1.png","width":765,"height":1024,"caption":"alta alella pet nat blanco"},{"@type":"BreadcrumbList","@id":"https:\/\/monlacata.cetrexmarketing.com\/producto\/alta-alella-aus-pet-nat-blanco\/#breadcrumb","itemListElement":[{"@type":"ListItem","position":1,"name":"Home","item":"https:\/\/monlacata.cetrexmarketing.com\/ca\/"},{"@type":"ListItem","position":2,"name":"Tienda","item":"https:\/\/monlacata.cetrexmarketing.com\/ca\/tienda-2\/"},{"@type":"ListItem","position":3,"name":"Vi Escum\u00f3s","item":"https:\/\/monlacata.cetrexmarketing.com\/categoria-producto\/home-ca\/vi-escumos-ca\/"},{"@type":"ListItem","position":4,"name":"Ancestral","item":"https:\/\/monlacata.cetrexmarketing.com\/ca\/categoria-producto\/home-ca\/vi-escumos-ca\/ancestral-ca\/"},{"@type":"ListItem","position":5,"name":"Alta Alella Puput P\u00e9t-Nat Blanc"}]},{"@type":"WebSite","@id":"https:\/\/monlacata.cetrexmarketing.com\/#website","url":"https:\/\/monlacata.cetrexmarketing.com\/","name":"M\u00f3n La Cata","description":"Tienda de vinos, licores, cervezas y gourmet","publisher":{"@id":"https:\/\/monlacata.cetrexmarketing.com\/#organization"},"potentialAction":[{"@type":"SearchAction","target":{"@type":"EntryPoint","urlTemplate":"https:\/\/monlacata.cetrexmarketing.com\/?s={search_term_string}"},"query-input":{"@type":"PropertyValueSpecification","valueRequired":true,"valueName":"search_term_string"}}],"inLanguage":"ca"},{"@type":"Organization","@id":"https:\/\/monlacata.cetrexmarketing.com\/#organization","name":"M\u00f3n La Cata","url":"https:\/\/monlacata.cetrexmarketing.com\/","logo":{"@type":"ImageObject","inLanguage":"ca","@id":"https:\/\/monlacata.cetrexmarketing.com\/#\/schema\/logo\/image\/","url":"https:\/\/monlacata.cetrexmarketing.com\/wp-content\/uploads\/2024\/02\/monlacata-logo-blanc.png","contentUrl":"https:\/\/monlacata.cetrexmarketing.com\/wp-content\/uploads\/2024\/02\/monlacata-logo-blanc.png","width":454,"height":193,"caption":"M\u00f3n La Cata"},"image":{"@id":"https:\/\/monlacata.cetrexmarketing.com\/#\/schema\/logo\/image\/"}}]}},"brands":[{"id":32868,"name":"Alta Alella - Mirgin","slug":"ca-altaalella-mirgin-ca"}],"tiered_pricing_type":"fixed","tiered_pricing_fixed_rules":[],"tiered_pricing_product_settings":{"layout":"default","base_unit_name":{"singular":null,"plural":null},"default_variation":null},"tiered_pricing_minimum_quantity":null,"tiered_pricing_roles_data":[],"tiered_pricing_percentage_rules":[],"tiered_pricing_maximum_quantity":null,"tiered_pricing_quantity_step":null,"_links":{"self":[{"href":"https:\/\/monlacata.cetrexmarketing.com\/ca\/wp-json\/wp\/v2\/product\/83169","targetHints":{"allow":["GET"]}}],"collection":[{"href":"https:\/\/monlacata.cetrexmarketing.com\/ca\/wp-json\/wp\/v2\/product"}],"about":[{"href":"https:\/\/monlacata.cetrexmarketing.com\/ca\/wp-json\/wp\/v2\/types\/product"}],"replies":[{"embeddable":true,"href":"https:\/\/monlacata.cetrexmarketing.com\/ca\/wp-json\/wp\/v2\/comments?post=83169"}],"wp:featuredmedia":[{"embeddable":true,"href":"https:\/\/monlacata.cetrexmarketing.com\/ca\/wp-json\/wp\/v2\/media\/85204"}],"wp:attachment":[{"href":"https:\/\/monlacata.cetrexmarketing.com\/ca\/wp-json\/wp\/v2\/media?parent=83169"}],"wp:term":[{"taxonomy":"pwb-brand","embeddable":true,"href":"https:\/\/monlacata.cetrexmarketing.com\/ca\/wp-json\/wp\/v2\/pwb-brand?post=83169"},{"taxonomy":"product_cat","embeddable":true,"href":"https:\/\/monlacata.cetrexmarketing.com\/ca\/wp-json\/wp\/v2\/product_cat?post=83169"},{"taxonomy":"product_tag","embeddable":true,"href":"https:\/\/monlacata.cetrexmarketing.com\/ca\/wp-json\/wp\/v2\/product_tag?post=83169"}],"curies":[{"name":"wp","href":"https:\/\/api.w.org\/{rel}","templated":true}]}}