{"id":83210,"date":"2025-03-13T17:20:00","date_gmt":"2025-03-13T17:20:00","guid":{"rendered":"https:\/\/monlacata.cetrexmarketing.com\/?post_type=product&#038;p=83210"},"modified":"2025-05-26T09:53:32","modified_gmt":"2025-05-26T09:53:32","slug":"select-aperitiu","status":"publish","type":"product","link":"https:\/\/monlacata.cetrexmarketing.com\/ca\/producto\/select-aperitiu\/","title":{"rendered":"Select Aperitiu"},"content":{"rendered":"<p data-start=\"61\" data-end=\"780\">Des del cor de Ven\u00e8cia, <strong data-start=\"85\" data-end=\"105\">Select Aperitivo<\/strong> \u00e9s un licor emblem\u00e0tic creat l\u2019any 1920 pels germans Pilla, s\u00edmbol per excel\u00b7l\u00e8ncia de l\u2019aperitiu itali\u00e0. Amb una graduaci\u00f3 alcoh\u00f2lica del 17,5%, aquest bitter destaca per la seva complexitat i eleg\u00e0ncia, fruit de la maceraci\u00f3 d\u2019una acurada combinaci\u00f3 de 30 herbes arom\u00e0tiques. Entre elles, sobresurten l\u2019arrel de ruibarbre, que aporta un amarg caracter\u00edstic, i les baies de ginebr\u00f3, que ofereixen matisos bals\u00e0mics i florals. L\u2019elaboraci\u00f3 artesanal inclou una lenta destil\u00b7laci\u00f3 en alamb\u00ed de coure, fet que garanteix una extracci\u00f3 delicada i equilibrada dels aromes. \u00c9s l\u2019ingredient essencial del veritable <strong data-start=\"714\" data-end=\"732\">Spritz veneci\u00e0<\/strong>, preparat amb prosecco, soda i una oliva verda.<\/p>\n<h3 data-start=\"782\" data-end=\"800\">Nota de tast<\/h3>\n<ul data-start=\"801\" data-end=\"1096\">\n<li data-start=\"801\" data-end=\"862\">\n<p data-start=\"803\" data-end=\"862\"><strong data-start=\"803\" data-end=\"812\">Vista<\/strong>: Vermell rob\u00ed brillant amb reflexos ataronjats.<\/p>\n<\/li>\n<li data-start=\"863\" data-end=\"981\">\n<p data-start=\"865\" data-end=\"981\"><strong data-start=\"865\" data-end=\"872\">Nas<\/strong>: Intensitat arom\u00e0tica elevada, amb notes c\u00edtriques, olis essencials, eucaliptus, mentol i un fons herbaci.<\/p>\n<\/li>\n<li data-start=\"982\" data-end=\"1096\">\n<p data-start=\"984\" data-end=\"1096\"><strong data-start=\"984\" data-end=\"992\">Boca<\/strong>: Amarg equilibrat amb sabors d\u2019arrels i esp\u00e8cies, matisos tropicals i c\u00edtrics; final llarg i agradable.<\/p>\n<\/li>\n<\/ul>\n<p data-start=\"1114\" data-end=\"1368\" data-is-last-node=\"\" data-is-only-node=\"\"><strong data-start=\"1114\" data-end=\"1134\">Select Aperitivo<\/strong> \u00e9s l\u2019opci\u00f3 ideal per a qui busca un aperitiu amb personalitat, equilibrat entre l\u2019amarg i l\u2019arom\u00e0tic, perfecte tant per a c\u00f2ctels cl\u00e0ssics com per gaudir-ne sol. Un imprescindible per elevar qualsevol moment social amb estil veneci\u00e0.<\/p>\n","protected":false},"excerpt":{"rendered":"<p><strong data-start=\"0\" data-end=\"20\" data-is-only-node=\"\">Select Aperitivo<\/strong> \u00e9s un licor veneci\u00e0 creat el 1920 pels germans Pilla, convertit en un s\u00edmbol de l\u2019aperitiu itali\u00e0 per excel\u00b7l\u00e8ncia. Elaborat amb una combinaci\u00f3 de 30 herbes arom\u00e0tiques, com el ruibarbre i el ginebr\u00f3, i destil\u00b7lat artesanalment en alamb\u00ed de coure, destaca per la seva complexitat, eleg\u00e0ncia i equilibri entre amargor i aromes bals\u00e0mics i florals. Amb un color vermell rob\u00ed brillant i una intensitat arom\u00e0tica marcada, \u00e9s ideal per preparar el veritable Spritz veneci\u00e0 o gaudir-ne sol. Un aperitiu amb estil i car\u00e0cter<\/p>\n","protected":false},"featured_media":85188,"comment_status":"closed","ping_status":"closed","template":"","meta":{"_acf_changed":false},"pwb-brand":[],"product_cat":[51987,33040,33234],"product_tag":[],"class_list":{"0":"post-83210","1":"product","2":"type-product","3":"status-publish","4":"has-post-thumbnail","6":"product_cat-botiga","7":"product_cat-destil-lats-ca","8":"product_cat-aperitius-ca","9":"pa_destileria-gruppo-montenegro-s-r-l","10":"pa_formatoenml-1000-ca","11":"pa_graduacion-17_5-ca","12":"pa_pais-italia-ca-2","13":"pa_pueblociudad-bolonia-ca","14":"entry","15":"has-media","17":"first","18":"onbackorder","19":"taxable","20":"shipping-taxable","21":"purchasable","22":"product-type-simple"},"acf":[],"yoast_head":"<!-- This site is optimized with the Yoast SEO Premium plugin v23.1 (Yoast SEO v24.1) - https:\/\/yoast.com\/wordpress\/plugins\/seo\/ -->\n<title>Select Aperitiu<\/title>\n<meta name=\"description\" content=\"Comprar al millor preu el bitter Select Aperitiu a Mon la Cata. Botiga online especialitzada en destil\u00b7lats, vins, cerveses i alimentaci\u00f3 gurmet.\" \/>\n<meta name=\"robots\" content=\"noindex, follow, max-snippet:-1, max-image-preview:large, max-video-preview:-1\" \/>\n<meta property=\"og:locale\" content=\"ca_ES\" \/>\n<meta property=\"og:type\" content=\"article\" \/>\n<meta property=\"og:title\" content=\"Select Aperitiu\" \/>\n<meta property=\"og:description\" content=\"Comprar al millor preu el bitter Select Aperitiu a Mon la Cata. Botiga online especialitzada en destil\u00b7lats, vins, cerveses i alimentaci\u00f3 gurmet.\" \/>\n<meta property=\"og:url\" content=\"https:\/\/monlacata.cetrexmarketing.com\/ca\/producto\/select-aperitiu\/\" \/>\n<meta property=\"og:site_name\" content=\"M\u00f3n La Cata\" \/>\n<meta property=\"article:modified_time\" content=\"2025-05-26T09:53:32+00:00\" \/>\n<meta property=\"og:image\" content=\"https:\/\/monlacata.cetrexmarketing.com\/wp-content\/uploads\/2025\/03\/select-aperitivo.jpg.png\" \/>\n\t<meta property=\"og:image:width\" content=\"765\" \/>\n\t<meta property=\"og:image:height\" content=\"1024\" \/>\n\t<meta property=\"og:image:type\" content=\"image\/png\" \/>\n<meta name=\"twitter:card\" content=\"summary_large_image\" \/>\n<meta name=\"twitter:label1\" content=\"Temps estimat de lectura\" \/>\n\t<meta name=\"twitter:data1\" content=\"2 minuts\" \/>\n<script type=\"application\/ld+json\" class=\"yoast-schema-graph\">{\"@context\":\"https:\/\/schema.org\",\"@graph\":[{\"@type\":\"WebPage\",\"@id\":\"https:\/\/monlacata.cetrexmarketing.com\/ca\/producto\/select-aperitiu\/\",\"url\":\"https:\/\/monlacata.cetrexmarketing.com\/ca\/producto\/select-aperitiu\/\",\"name\":\"Select Aperitiu\",\"isPartOf\":{\"@id\":\"https:\/\/monlacata.cetrexmarketing.com\/#website\"},\"primaryImageOfPage\":{\"@id\":\"https:\/\/monlacata.cetrexmarketing.com\/ca\/producto\/select-aperitiu\/#primaryimage\"},\"image\":{\"@id\":\"https:\/\/monlacata.cetrexmarketing.com\/ca\/producto\/select-aperitiu\/#primaryimage\"},\"thumbnailUrl\":\"https:\/\/monlacata.cetrexmarketing.com\/wp-content\/uploads\/2025\/03\/select-aperitivo.jpg.png\",\"datePublished\":\"2025-03-13T17:20:00+00:00\",\"dateModified\":\"2025-05-26T09:53:32+00:00\",\"description\":\"Comprar al millor preu el bitter Select Aperitiu a Mon la Cata. Botiga online especialitzada en destil\u00b7lats, vins, cerveses i alimentaci\u00f3 gurmet.\",\"breadcrumb\":{\"@id\":\"https:\/\/monlacata.cetrexmarketing.com\/ca\/producto\/select-aperitiu\/#breadcrumb\"},\"inLanguage\":\"ca\",\"potentialAction\":[{\"@type\":\"ReadAction\",\"target\":[\"https:\/\/monlacata.cetrexmarketing.com\/ca\/producto\/select-aperitiu\/\"]}]},{\"@type\":\"ImageObject\",\"inLanguage\":\"ca\",\"@id\":\"https:\/\/monlacata.cetrexmarketing.com\/ca\/producto\/select-aperitiu\/#primaryimage\",\"url\":\"https:\/\/monlacata.cetrexmarketing.com\/wp-content\/uploads\/2025\/03\/select-aperitivo.jpg.png\",\"contentUrl\":\"https:\/\/monlacata.cetrexmarketing.com\/wp-content\/uploads\/2025\/03\/select-aperitivo.jpg.png\",\"width\":765,\"height\":1024,\"caption\":\"select aperitivo.jpg\"},{\"@type\":\"BreadcrumbList\",\"@id\":\"https:\/\/monlacata.cetrexmarketing.com\/ca\/producto\/select-aperitiu\/#breadcrumb\",\"itemListElement\":[{\"@type\":\"ListItem\",\"position\":1,\"name\":\"Home\",\"item\":\"https:\/\/monlacata.cetrexmarketing.com\/ca\/\"},{\"@type\":\"ListItem\",\"position\":2,\"name\":\"Tienda\",\"item\":\"https:\/\/monlacata.cetrexmarketing.com\/ca\/tienda-2\/\"},{\"@type\":\"ListItem\",\"position\":3,\"name\":\"Tienda\",\"item\":\"https:\/\/monlacata.cetrexmarketing.com\/categoria-producto\/inicio\/\"},{\"@type\":\"ListItem\",\"position\":4,\"name\":\"Select Aperitiu\"}]},{\"@type\":\"WebSite\",\"@id\":\"https:\/\/monlacata.cetrexmarketing.com\/#website\",\"url\":\"https:\/\/monlacata.cetrexmarketing.com\/\",\"name\":\"M\u00f3n La Cata\",\"description\":\"Tienda de vinos, licores, cervezas y gourmet\",\"publisher\":{\"@id\":\"https:\/\/monlacata.cetrexmarketing.com\/#organization\"},\"potentialAction\":[{\"@type\":\"SearchAction\",\"target\":{\"@type\":\"EntryPoint\",\"urlTemplate\":\"https:\/\/monlacata.cetrexmarketing.com\/?s={search_term_string}\"},\"query-input\":{\"@type\":\"PropertyValueSpecification\",\"valueRequired\":true,\"valueName\":\"search_term_string\"}}],\"inLanguage\":\"ca\"},{\"@type\":\"Organization\",\"@id\":\"https:\/\/monlacata.cetrexmarketing.com\/#organization\",\"name\":\"M\u00f3n La Cata\",\"url\":\"https:\/\/monlacata.cetrexmarketing.com\/\",\"logo\":{\"@type\":\"ImageObject\",\"inLanguage\":\"ca\",\"@id\":\"https:\/\/monlacata.cetrexmarketing.com\/#\/schema\/logo\/image\/\",\"url\":\"https:\/\/monlacata.cetrexmarketing.com\/wp-content\/uploads\/2024\/02\/monlacata-logo-blanc.png\",\"contentUrl\":\"https:\/\/monlacata.cetrexmarketing.com\/wp-content\/uploads\/2024\/02\/monlacata-logo-blanc.png\",\"width\":454,\"height\":193,\"caption\":\"M\u00f3n La Cata\"},\"image\":{\"@id\":\"https:\/\/monlacata.cetrexmarketing.com\/#\/schema\/logo\/image\/\"}}]}<\/script>\n<!-- \/ Yoast SEO Premium plugin. -->","yoast_head_json":{"title":"Select Aperitiu","description":"Comprar al millor preu el bitter Select Aperitiu a Mon la Cata. Botiga online especialitzada en destil\u00b7lats, vins, cerveses i alimentaci\u00f3 gurmet.","robots":{"index":"noindex","follow":"follow","max-snippet":"max-snippet:-1","max-image-preview":"max-image-preview:large","max-video-preview":"max-video-preview:-1"},"og_locale":"ca_ES","og_type":"article","og_title":"Select Aperitiu","og_description":"Comprar al millor preu el bitter Select Aperitiu a Mon la Cata. Botiga online especialitzada en destil\u00b7lats, vins, cerveses i alimentaci\u00f3 gurmet.","og_url":"https:\/\/monlacata.cetrexmarketing.com\/ca\/producto\/select-aperitiu\/","og_site_name":"M\u00f3n La Cata","article_modified_time":"2025-05-26T09:53:32+00:00","og_image":[{"width":765,"height":1024,"url":"https:\/\/monlacata.cetrexmarketing.com\/wp-content\/uploads\/2025\/03\/select-aperitivo.jpg.png","type":"image\/png"}],"twitter_card":"summary_large_image","twitter_misc":{"Temps estimat de lectura":"2 minuts"},"schema":{"@context":"https:\/\/schema.org","@graph":[{"@type":"WebPage","@id":"https:\/\/monlacata.cetrexmarketing.com\/ca\/producto\/select-aperitiu\/","url":"https:\/\/monlacata.cetrexmarketing.com\/ca\/producto\/select-aperitiu\/","name":"Select Aperitiu","isPartOf":{"@id":"https:\/\/monlacata.cetrexmarketing.com\/#website"},"primaryImageOfPage":{"@id":"https:\/\/monlacata.cetrexmarketing.com\/ca\/producto\/select-aperitiu\/#primaryimage"},"image":{"@id":"https:\/\/monlacata.cetrexmarketing.com\/ca\/producto\/select-aperitiu\/#primaryimage"},"thumbnailUrl":"https:\/\/monlacata.cetrexmarketing.com\/wp-content\/uploads\/2025\/03\/select-aperitivo.jpg.png","datePublished":"2025-03-13T17:20:00+00:00","dateModified":"2025-05-26T09:53:32+00:00","description":"Comprar al millor preu el bitter Select Aperitiu a Mon la Cata. Botiga online especialitzada en destil\u00b7lats, vins, cerveses i alimentaci\u00f3 gurmet.","breadcrumb":{"@id":"https:\/\/monlacata.cetrexmarketing.com\/ca\/producto\/select-aperitiu\/#breadcrumb"},"inLanguage":"ca","potentialAction":[{"@type":"ReadAction","target":["https:\/\/monlacata.cetrexmarketing.com\/ca\/producto\/select-aperitiu\/"]}]},{"@type":"ImageObject","inLanguage":"ca","@id":"https:\/\/monlacata.cetrexmarketing.com\/ca\/producto\/select-aperitiu\/#primaryimage","url":"https:\/\/monlacata.cetrexmarketing.com\/wp-content\/uploads\/2025\/03\/select-aperitivo.jpg.png","contentUrl":"https:\/\/monlacata.cetrexmarketing.com\/wp-content\/uploads\/2025\/03\/select-aperitivo.jpg.png","width":765,"height":1024,"caption":"select aperitivo.jpg"},{"@type":"BreadcrumbList","@id":"https:\/\/monlacata.cetrexmarketing.com\/ca\/producto\/select-aperitiu\/#breadcrumb","itemListElement":[{"@type":"ListItem","position":1,"name":"Home","item":"https:\/\/monlacata.cetrexmarketing.com\/ca\/"},{"@type":"ListItem","position":2,"name":"Tienda","item":"https:\/\/monlacata.cetrexmarketing.com\/ca\/tienda-2\/"},{"@type":"ListItem","position":3,"name":"Tienda","item":"https:\/\/monlacata.cetrexmarketing.com\/categoria-producto\/inicio\/"},{"@type":"ListItem","position":4,"name":"Select Aperitiu"}]},{"@type":"WebSite","@id":"https:\/\/monlacata.cetrexmarketing.com\/#website","url":"https:\/\/monlacata.cetrexmarketing.com\/","name":"M\u00f3n La Cata","description":"Tienda de vinos, licores, cervezas y gourmet","publisher":{"@id":"https:\/\/monlacata.cetrexmarketing.com\/#organization"},"potentialAction":[{"@type":"SearchAction","target":{"@type":"EntryPoint","urlTemplate":"https:\/\/monlacata.cetrexmarketing.com\/?s={search_term_string}"},"query-input":{"@type":"PropertyValueSpecification","valueRequired":true,"valueName":"search_term_string"}}],"inLanguage":"ca"},{"@type":"Organization","@id":"https:\/\/monlacata.cetrexmarketing.com\/#organization","name":"M\u00f3n La Cata","url":"https:\/\/monlacata.cetrexmarketing.com\/","logo":{"@type":"ImageObject","inLanguage":"ca","@id":"https:\/\/monlacata.cetrexmarketing.com\/#\/schema\/logo\/image\/","url":"https:\/\/monlacata.cetrexmarketing.com\/wp-content\/uploads\/2024\/02\/monlacata-logo-blanc.png","contentUrl":"https:\/\/monlacata.cetrexmarketing.com\/wp-content\/uploads\/2024\/02\/monlacata-logo-blanc.png","width":454,"height":193,"caption":"M\u00f3n La Cata"},"image":{"@id":"https:\/\/monlacata.cetrexmarketing.com\/#\/schema\/logo\/image\/"}}]}},"brands":[],"tiered_pricing_type":"fixed","tiered_pricing_fixed_rules":[],"tiered_pricing_product_settings":{"layout":"default","base_unit_name":{"singular":null,"plural":null},"default_variation":null},"tiered_pricing_minimum_quantity":null,"tiered_pricing_roles_data":[],"tiered_pricing_percentage_rules":[],"tiered_pricing_maximum_quantity":null,"tiered_pricing_quantity_step":null,"_links":{"self":[{"href":"https:\/\/monlacata.cetrexmarketing.com\/ca\/wp-json\/wp\/v2\/product\/83210","targetHints":{"allow":["GET"]}}],"collection":[{"href":"https:\/\/monlacata.cetrexmarketing.com\/ca\/wp-json\/wp\/v2\/product"}],"about":[{"href":"https:\/\/monlacata.cetrexmarketing.com\/ca\/wp-json\/wp\/v2\/types\/product"}],"replies":[{"embeddable":true,"href":"https:\/\/monlacata.cetrexmarketing.com\/ca\/wp-json\/wp\/v2\/comments?post=83210"}],"wp:featuredmedia":[{"embeddable":true,"href":"https:\/\/monlacata.cetrexmarketing.com\/ca\/wp-json\/wp\/v2\/media\/85188"}],"wp:attachment":[{"href":"https:\/\/monlacata.cetrexmarketing.com\/ca\/wp-json\/wp\/v2\/media?parent=83210"}],"wp:term":[{"taxonomy":"pwb-brand","embeddable":true,"href":"https:\/\/monlacata.cetrexmarketing.com\/ca\/wp-json\/wp\/v2\/pwb-brand?post=83210"},{"taxonomy":"product_cat","embeddable":true,"href":"https:\/\/monlacata.cetrexmarketing.com\/ca\/wp-json\/wp\/v2\/product_cat?post=83210"},{"taxonomy":"product_tag","embeddable":true,"href":"https:\/\/monlacata.cetrexmarketing.com\/ca\/wp-json\/wp\/v2\/product_tag?post=83210"}],"curies":[{"name":"wp","href":"https:\/\/api.w.org\/{rel}","templated":true}]}}