{"id":85470,"date":"2025-06-05T16:52:14","date_gmt":"2025-06-05T16:52:14","guid":{"rendered":"https:\/\/monlacata.cetrexmarketing.com\/?post_type=product&#038;p=85470"},"modified":"2025-06-09T16:50:43","modified_gmt":"2025-06-09T16:50:43","slug":"bertha-lounge-brut-magnum","status":"publish","type":"product","link":"https:\/\/monlacata.cetrexmarketing.com\/ca\/producto\/bertha-lounge-brut-magnum\/","title":{"rendered":"Bertha Lounge Brut Magnum"},"content":{"rendered":"<p data-start=\"40\" data-end=\"152\"><span class=\"relative -mx-px my-[-0.2rem] rounded px-px py-[0.2rem] transition-colors duration-100 ease-in-out\">El <strong data-start=\"3\" data-end=\"32\">Bertha Lounge Brut Magnum<\/strong> \u00e9s una versi\u00f3 de 1,5 litres del cava jove Brut Nature elaborat per Caves Bertha, situades al cor del Pened\u00e8s.<\/span> <span class=\"relative -mx-px my-[-0.2rem] rounded px-px py-[0.2rem] transition-colors duration-100 ease-in-out\">Aquest escum\u00f3s destaca per la seva frescor, afruitament i aromes prim\u00e0ries provinents de les varietats aut\u00f2ctones <strong data-start=\"114\" data-end=\"126\">Xarel\u00b7lo<\/strong> i <strong data-start=\"129\" data-end=\"142\">Parellada<\/strong>, cultivades amb viticultura ecol\u00f2gica.<\/span><\/p>\n<h3 data-start=\"159\" data-end=\"178\"><strong>Nota de tast<\/strong><\/h3>\n<ul data-start=\"180\" data-end=\"452\">\n<li data-start=\"180\" data-end=\"269\">\n<p data-start=\"182\" data-end=\"269\"><strong data-start=\"182\" data-end=\"191\">Vista<\/strong>: <span class=\"relative -mx-px my-[-0.2rem] rounded px-px py-[0.2rem] transition-colors duration-100 ease-in-out\">Color groc p\u00e0l\u00b7lid amb reflexos daurats i bombolla fina i persistent.<\/span><\/p>\n<\/li>\n<li data-start=\"271\" data-end=\"360\">\n<p data-start=\"273\" data-end=\"360\"><strong data-start=\"273\" data-end=\"280\">Nas<\/strong>: <span class=\"relative -mx-px my-[-0.2rem] rounded px-px py-[0.2rem] transition-colors duration-100 ease-in-out\">Aromes fresques de fruites blanques com la poma i la pera, amb lleugers tocs c\u00edtrics i un subtil record a llevat fresc.<\/span><\/p>\n<\/li>\n<li data-start=\"362\" data-end=\"452\">\n<p data-start=\"364\" data-end=\"452\"><strong data-start=\"364\" data-end=\"372\">Boca<\/strong>: <span class=\"relative -mx-px my-[-0.2rem] rounded px-px py-[0.2rem] transition-colors duration-100 ease-in-out\">Entrada agradable i c\u00e0lida, amb una acidesa ben integrada i una sensaci\u00f3 gustativa fresca i equilibrada.<\/span><\/p>\n<\/li>\n<\/ul>\n<h3 data-start=\"459\" data-end=\"486\"><strong>Maridatge recomanat<\/strong><\/h3>\n<p data-start=\"488\" data-end=\"606\"><span class=\"relative -mx-px my-[-0.2rem] rounded px-px py-[0.2rem] transition-colors duration-100 ease-in-out\">Ideal per acompanyar aperitius, entrants lleugers i amanides.<\/span> <span class=\"relative -mx-px my-[-0.2rem] rounded px-px py-[0.2rem] transition-colors duration-100 ease-in-out\">La seva versatilitat el fa perfecte per a celebracions i brindis especials.<\/span><\/p>\n<h3 data-start=\"613\" data-end=\"628\"><\/h3>\n<p data-start=\"630\" data-end=\"788\"><span class=\"relative -mx-px my-[-0.2rem] rounded px-px py-[0.2rem] transition-colors duration-100 ease-in-out\">El Bertha Lounge Brut Magnum \u00e9s un cava jove, fresc i afruitat, amb una crian\u00e7a de 12 a 15 mesos en ampolla.<\/span> <span class=\"relative -mx-px my-[-0.2rem] rounded px-px py-[0.2rem] transition-colors duration-100 ease-in-out\">Sense afegir sulfits al degollament, ofereix una experi\u00e8ncia gustativa neta i natural.<\/span> <span class=\"relative -mx-px my-[-0.2rem] rounded px-px py-[0.2rem] transition-colors duration-100 ease-in-out\">La seva presentaci\u00f3 en ampolla magnum el converteix en una opci\u00f3 elegant per a esdeveniments i celebracions.<\/span><\/p>\n","protected":false},"excerpt":{"rendered":"<p>Bertha Lounge Brut Magnum \u00e9s un cava elaborat per Caves Bertha, una cava del Pened\u00e8s (Subirats, Barcelona) reconeguda per combinar tradici\u00f3 i modernitat en els seus processos. Aquest cava destaca per la seva frescor i aromes afruitats, resultat d\u2019una acurada selecci\u00f3 de varietats aut\u00f2ctones i viticultura ecol\u00f2gica. Amb una crian\u00e7a de 12 a 15 mesos, es presenta en ampolla magnum, ideal per a celebracions i moments especials.<\/p>\n","protected":false},"featured_media":85588,"comment_status":"closed","ping_status":"closed","template":"","meta":{"_acf_changed":false},"pwb-brand":[],"product_cat":[51987,33038,33080,33238,33048],"product_tag":[52912],"class_list":{"0":"post-85470","1":"product","2":"type-product","3":"status-publish","4":"has-post-thumbnail","6":"product_cat-botiga","7":"product_cat-vi-escumos-ca","8":"product_cat-cava-ca","9":"product_cat-cava-blanc-ca","10":"product_cat-ecologic-ca","11":"product_tag-bertha-lounge-brut-magnum-ca","12":"pa_bodega-cavesbertha-ca","13":"pa_cantidaddeazucar-brut-ca","14":"pa_do-cava-d-o-ca-2","15":"pa_ecologico-vegano-natural-ecologic","16":"pa_formatoenml-1500-ca","17":"pa_graduacion-12_0-ca","18":"pa_pais-espanya-ca","19":"pa_pueblociudad-subiratsbarcelona-ca","20":"pa_region-cataluna-ca","21":"entry","22":"has-media","24":"first","25":"instock","26":"taxable","27":"shipping-taxable","28":"purchasable","29":"product-type-simple"},"acf":[],"yoast_head":"<!-- This site is optimized with the Yoast SEO Premium plugin v23.1 (Yoast SEO v24.1) - https:\/\/yoast.com\/wordpress\/plugins\/seo\/ -->\n<title>Bertha Lounge Brut Magnum<\/title>\n<meta name=\"description\" content=\"Comprar al millor preu el cava Bertha Lounge Brut Magnum a M\u00f3n La Cata . Botiga especialitzada en vins, destil\u00b7lats, cerveses i alimentaci\u00f3 gurmet.\" \/>\n<meta name=\"robots\" content=\"noindex, follow, max-snippet:-1, max-image-preview:large, max-video-preview:-1\" \/>\n<meta property=\"og:locale\" content=\"ca_ES\" \/>\n<meta property=\"og:type\" content=\"article\" \/>\n<meta property=\"og:title\" content=\"Bertha Lounge Brut Magnum\" \/>\n<meta property=\"og:description\" content=\"Comprar al millor preu el cava Bertha Lounge Brut Magnum a M\u00f3n La Cata . Botiga especialitzada en vins, destil\u00b7lats, cerveses i alimentaci\u00f3 gurmet.\" \/>\n<meta property=\"og:url\" content=\"https:\/\/monlacata.cetrexmarketing.com\/ca\/producto\/bertha-lounge-brut-magnum\/\" \/>\n<meta property=\"og:site_name\" content=\"M\u00f3n La Cata\" \/>\n<meta property=\"article:modified_time\" content=\"2025-06-09T16:50:43+00:00\" \/>\n<meta property=\"og:image\" content=\"https:\/\/monlacata.cetrexmarketing.com\/wp-content\/uploads\/2025\/06\/bertha-lounge-brut-magnum.png\" \/>\n\t<meta property=\"og:image:width\" content=\"765\" \/>\n\t<meta property=\"og:image:height\" content=\"1024\" \/>\n\t<meta property=\"og:image:type\" content=\"image\/png\" \/>\n<meta name=\"twitter:card\" content=\"summary_large_image\" \/>\n<meta name=\"twitter:label1\" content=\"Temps estimat de lectura\" \/>\n\t<meta name=\"twitter:data1\" content=\"2 minuts\" \/>\n<script type=\"application\/ld+json\" class=\"yoast-schema-graph\">{\"@context\":\"https:\/\/schema.org\",\"@graph\":[{\"@type\":\"WebPage\",\"@id\":\"https:\/\/monlacata.cetrexmarketing.com\/ca\/producto\/bertha-lounge-brut-magnum\/\",\"url\":\"https:\/\/monlacata.cetrexmarketing.com\/ca\/producto\/bertha-lounge-brut-magnum\/\",\"name\":\"Bertha Lounge Brut Magnum\",\"isPartOf\":{\"@id\":\"https:\/\/monlacata.cetrexmarketing.com\/#website\"},\"primaryImageOfPage\":{\"@id\":\"https:\/\/monlacata.cetrexmarketing.com\/ca\/producto\/bertha-lounge-brut-magnum\/#primaryimage\"},\"image\":{\"@id\":\"https:\/\/monlacata.cetrexmarketing.com\/ca\/producto\/bertha-lounge-brut-magnum\/#primaryimage\"},\"thumbnailUrl\":\"https:\/\/monlacata.cetrexmarketing.com\/wp-content\/uploads\/2025\/06\/bertha-lounge-brut-magnum.png\",\"datePublished\":\"2025-06-05T16:52:14+00:00\",\"dateModified\":\"2025-06-09T16:50:43+00:00\",\"description\":\"Comprar al millor preu el cava Bertha Lounge Brut Magnum a M\u00f3n La Cata . Botiga especialitzada en vins, destil\u00b7lats, cerveses i alimentaci\u00f3 gurmet.\",\"breadcrumb\":{\"@id\":\"https:\/\/monlacata.cetrexmarketing.com\/ca\/producto\/bertha-lounge-brut-magnum\/#breadcrumb\"},\"inLanguage\":\"ca\",\"potentialAction\":[{\"@type\":\"ReadAction\",\"target\":[\"https:\/\/monlacata.cetrexmarketing.com\/ca\/producto\/bertha-lounge-brut-magnum\/\"]}]},{\"@type\":\"ImageObject\",\"inLanguage\":\"ca\",\"@id\":\"https:\/\/monlacata.cetrexmarketing.com\/ca\/producto\/bertha-lounge-brut-magnum\/#primaryimage\",\"url\":\"https:\/\/monlacata.cetrexmarketing.com\/wp-content\/uploads\/2025\/06\/bertha-lounge-brut-magnum.png\",\"contentUrl\":\"https:\/\/monlacata.cetrexmarketing.com\/wp-content\/uploads\/2025\/06\/bertha-lounge-brut-magnum.png\",\"width\":765,\"height\":1024,\"caption\":\"bertha lounge brut magnum\"},{\"@type\":\"BreadcrumbList\",\"@id\":\"https:\/\/monlacata.cetrexmarketing.com\/ca\/producto\/bertha-lounge-brut-magnum\/#breadcrumb\",\"itemListElement\":[{\"@type\":\"ListItem\",\"position\":1,\"name\":\"Home\",\"item\":\"https:\/\/monlacata.cetrexmarketing.com\/ca\/\"},{\"@type\":\"ListItem\",\"position\":2,\"name\":\"Tienda\",\"item\":\"https:\/\/monlacata.cetrexmarketing.com\/ca\/tienda-2\/\"},{\"@type\":\"ListItem\",\"position\":3,\"name\":\"Tienda\",\"item\":\"https:\/\/monlacata.cetrexmarketing.com\/categoria-producto\/inicio\/\"},{\"@type\":\"ListItem\",\"position\":4,\"name\":\"Bertha Lounge Brut Magnum\"}]},{\"@type\":\"WebSite\",\"@id\":\"https:\/\/monlacata.cetrexmarketing.com\/#website\",\"url\":\"https:\/\/monlacata.cetrexmarketing.com\/\",\"name\":\"M\u00f3n La Cata\",\"description\":\"Tienda de vinos, licores, cervezas y gourmet\",\"publisher\":{\"@id\":\"https:\/\/monlacata.cetrexmarketing.com\/#organization\"},\"potentialAction\":[{\"@type\":\"SearchAction\",\"target\":{\"@type\":\"EntryPoint\",\"urlTemplate\":\"https:\/\/monlacata.cetrexmarketing.com\/?s={search_term_string}\"},\"query-input\":{\"@type\":\"PropertyValueSpecification\",\"valueRequired\":true,\"valueName\":\"search_term_string\"}}],\"inLanguage\":\"ca\"},{\"@type\":\"Organization\",\"@id\":\"https:\/\/monlacata.cetrexmarketing.com\/#organization\",\"name\":\"M\u00f3n La Cata\",\"url\":\"https:\/\/monlacata.cetrexmarketing.com\/\",\"logo\":{\"@type\":\"ImageObject\",\"inLanguage\":\"ca\",\"@id\":\"https:\/\/monlacata.cetrexmarketing.com\/#\/schema\/logo\/image\/\",\"url\":\"https:\/\/monlacata.cetrexmarketing.com\/wp-content\/uploads\/2024\/02\/monlacata-logo-blanc.png\",\"contentUrl\":\"https:\/\/monlacata.cetrexmarketing.com\/wp-content\/uploads\/2024\/02\/monlacata-logo-blanc.png\",\"width\":454,\"height\":193,\"caption\":\"M\u00f3n La Cata\"},\"image\":{\"@id\":\"https:\/\/monlacata.cetrexmarketing.com\/#\/schema\/logo\/image\/\"}}]}<\/script>\n<!-- \/ Yoast SEO Premium plugin. -->","yoast_head_json":{"title":"Bertha Lounge Brut Magnum","description":"Comprar al millor preu el cava Bertha Lounge Brut Magnum a M\u00f3n La Cata . Botiga especialitzada en vins, destil\u00b7lats, cerveses i alimentaci\u00f3 gurmet.","robots":{"index":"noindex","follow":"follow","max-snippet":"max-snippet:-1","max-image-preview":"max-image-preview:large","max-video-preview":"max-video-preview:-1"},"og_locale":"ca_ES","og_type":"article","og_title":"Bertha Lounge Brut Magnum","og_description":"Comprar al millor preu el cava Bertha Lounge Brut Magnum a M\u00f3n La Cata . Botiga especialitzada en vins, destil\u00b7lats, cerveses i alimentaci\u00f3 gurmet.","og_url":"https:\/\/monlacata.cetrexmarketing.com\/ca\/producto\/bertha-lounge-brut-magnum\/","og_site_name":"M\u00f3n La Cata","article_modified_time":"2025-06-09T16:50:43+00:00","og_image":[{"width":765,"height":1024,"url":"https:\/\/monlacata.cetrexmarketing.com\/wp-content\/uploads\/2025\/06\/bertha-lounge-brut-magnum.png","type":"image\/png"}],"twitter_card":"summary_large_image","twitter_misc":{"Temps estimat de lectura":"2 minuts"},"schema":{"@context":"https:\/\/schema.org","@graph":[{"@type":"WebPage","@id":"https:\/\/monlacata.cetrexmarketing.com\/ca\/producto\/bertha-lounge-brut-magnum\/","url":"https:\/\/monlacata.cetrexmarketing.com\/ca\/producto\/bertha-lounge-brut-magnum\/","name":"Bertha Lounge Brut Magnum","isPartOf":{"@id":"https:\/\/monlacata.cetrexmarketing.com\/#website"},"primaryImageOfPage":{"@id":"https:\/\/monlacata.cetrexmarketing.com\/ca\/producto\/bertha-lounge-brut-magnum\/#primaryimage"},"image":{"@id":"https:\/\/monlacata.cetrexmarketing.com\/ca\/producto\/bertha-lounge-brut-magnum\/#primaryimage"},"thumbnailUrl":"https:\/\/monlacata.cetrexmarketing.com\/wp-content\/uploads\/2025\/06\/bertha-lounge-brut-magnum.png","datePublished":"2025-06-05T16:52:14+00:00","dateModified":"2025-06-09T16:50:43+00:00","description":"Comprar al millor preu el cava Bertha Lounge Brut Magnum a M\u00f3n La Cata . Botiga especialitzada en vins, destil\u00b7lats, cerveses i alimentaci\u00f3 gurmet.","breadcrumb":{"@id":"https:\/\/monlacata.cetrexmarketing.com\/ca\/producto\/bertha-lounge-brut-magnum\/#breadcrumb"},"inLanguage":"ca","potentialAction":[{"@type":"ReadAction","target":["https:\/\/monlacata.cetrexmarketing.com\/ca\/producto\/bertha-lounge-brut-magnum\/"]}]},{"@type":"ImageObject","inLanguage":"ca","@id":"https:\/\/monlacata.cetrexmarketing.com\/ca\/producto\/bertha-lounge-brut-magnum\/#primaryimage","url":"https:\/\/monlacata.cetrexmarketing.com\/wp-content\/uploads\/2025\/06\/bertha-lounge-brut-magnum.png","contentUrl":"https:\/\/monlacata.cetrexmarketing.com\/wp-content\/uploads\/2025\/06\/bertha-lounge-brut-magnum.png","width":765,"height":1024,"caption":"bertha lounge brut magnum"},{"@type":"BreadcrumbList","@id":"https:\/\/monlacata.cetrexmarketing.com\/ca\/producto\/bertha-lounge-brut-magnum\/#breadcrumb","itemListElement":[{"@type":"ListItem","position":1,"name":"Home","item":"https:\/\/monlacata.cetrexmarketing.com\/ca\/"},{"@type":"ListItem","position":2,"name":"Tienda","item":"https:\/\/monlacata.cetrexmarketing.com\/ca\/tienda-2\/"},{"@type":"ListItem","position":3,"name":"Tienda","item":"https:\/\/monlacata.cetrexmarketing.com\/categoria-producto\/inicio\/"},{"@type":"ListItem","position":4,"name":"Bertha Lounge Brut Magnum"}]},{"@type":"WebSite","@id":"https:\/\/monlacata.cetrexmarketing.com\/#website","url":"https:\/\/monlacata.cetrexmarketing.com\/","name":"M\u00f3n La Cata","description":"Tienda de vinos, licores, cervezas y gourmet","publisher":{"@id":"https:\/\/monlacata.cetrexmarketing.com\/#organization"},"potentialAction":[{"@type":"SearchAction","target":{"@type":"EntryPoint","urlTemplate":"https:\/\/monlacata.cetrexmarketing.com\/?s={search_term_string}"},"query-input":{"@type":"PropertyValueSpecification","valueRequired":true,"valueName":"search_term_string"}}],"inLanguage":"ca"},{"@type":"Organization","@id":"https:\/\/monlacata.cetrexmarketing.com\/#organization","name":"M\u00f3n La Cata","url":"https:\/\/monlacata.cetrexmarketing.com\/","logo":{"@type":"ImageObject","inLanguage":"ca","@id":"https:\/\/monlacata.cetrexmarketing.com\/#\/schema\/logo\/image\/","url":"https:\/\/monlacata.cetrexmarketing.com\/wp-content\/uploads\/2024\/02\/monlacata-logo-blanc.png","contentUrl":"https:\/\/monlacata.cetrexmarketing.com\/wp-content\/uploads\/2024\/02\/monlacata-logo-blanc.png","width":454,"height":193,"caption":"M\u00f3n La Cata"},"image":{"@id":"https:\/\/monlacata.cetrexmarketing.com\/#\/schema\/logo\/image\/"}}]}},"brands":[],"tiered_pricing_type":"fixed","tiered_pricing_fixed_rules":[],"tiered_pricing_product_settings":{"layout":"default","base_unit_name":{"singular":null,"plural":null},"default_variation":null},"tiered_pricing_minimum_quantity":null,"tiered_pricing_roles_data":[],"tiered_pricing_percentage_rules":[],"tiered_pricing_maximum_quantity":null,"tiered_pricing_quantity_step":null,"_links":{"self":[{"href":"https:\/\/monlacata.cetrexmarketing.com\/ca\/wp-json\/wp\/v2\/product\/85470","targetHints":{"allow":["GET"]}}],"collection":[{"href":"https:\/\/monlacata.cetrexmarketing.com\/ca\/wp-json\/wp\/v2\/product"}],"about":[{"href":"https:\/\/monlacata.cetrexmarketing.com\/ca\/wp-json\/wp\/v2\/types\/product"}],"replies":[{"embeddable":true,"href":"https:\/\/monlacata.cetrexmarketing.com\/ca\/wp-json\/wp\/v2\/comments?post=85470"}],"wp:featuredmedia":[{"embeddable":true,"href":"https:\/\/monlacata.cetrexmarketing.com\/ca\/wp-json\/wp\/v2\/media\/85588"}],"wp:attachment":[{"href":"https:\/\/monlacata.cetrexmarketing.com\/ca\/wp-json\/wp\/v2\/media?parent=85470"}],"wp:term":[{"taxonomy":"pwb-brand","embeddable":true,"href":"https:\/\/monlacata.cetrexmarketing.com\/ca\/wp-json\/wp\/v2\/pwb-brand?post=85470"},{"taxonomy":"product_cat","embeddable":true,"href":"https:\/\/monlacata.cetrexmarketing.com\/ca\/wp-json\/wp\/v2\/product_cat?post=85470"},{"taxonomy":"product_tag","embeddable":true,"href":"https:\/\/monlacata.cetrexmarketing.com\/ca\/wp-json\/wp\/v2\/product_tag?post=85470"}],"curies":[{"name":"wp","href":"https:\/\/api.w.org\/{rel}","templated":true}]}}