{"id":85811,"date":"2025-06-16T16:06:06","date_gmt":"2025-06-16T16:06:06","guid":{"rendered":"https:\/\/monlacata.cetrexmarketing.com\/?post_type=product&#038;p=85811"},"modified":"2025-06-25T16:35:49","modified_gmt":"2025-06-25T16:35:49","slug":"batllori-brut-reserva","status":"publish","type":"product","link":"https:\/\/monlacata.cetrexmarketing.com\/ca?product=batllori-brut-reserva","title":{"rendered":"Batllori Brut Reserva"},"content":{"rendered":"<h3 data-start=\"86\" data-end=\"115\"><strong data-start=\"90\" data-end=\"115\">Batllori Brut Reserva<\/strong><\/h3>\n<p data-start=\"117\" data-end=\"216\"><strong data-start=\"117\" data-end=\"137\">Origen i bodega:<\/strong><br data-start=\"137\" data-end=\"140\" \/><span class=\"relative -mx-px my-[-0.2rem] rounded px-px py-[0.2rem] transition-colors duration-100 ease-in-out\">Aquest cava prov\u00e9 de <strong data-start=\"21\" data-end=\"56\">Finca Batllori \/ Oliv\u00e9 Batllori<\/strong>, un celler familiar ubicat a Subirats (Pened\u00e8s) amb una llarga tradici\u00f3. Est\u00e0 emparat sota la D.O. Cava i produ\u00eft mitjan\u00e7ant m\u00e8todes tradicionals i enfocament ecol\u00f2gic.<\/span><\/p>\n<p data-start=\"218\" data-end=\"321\"><strong data-start=\"218\" data-end=\"242\">Varietats i crian\u00e7a:<\/strong><br data-start=\"242\" data-end=\"245\" \/><span class=\"relative -mx-px my-[-0.2rem] rounded px-px py-[0.2rem] transition-colors duration-100 ease-in-out\">\u00c9s un coupage de <strong data-start=\"17\" data-end=\"50\">Macabeu, Xarel\u00b7lo i Parellada<\/strong> (percentatges entre 30-40\u202f%) fermentat en acer inoxidable. La crian\u00e7a m\u00ednima \u00e9s de <strong data-start=\"134\" data-end=\"161\">18\u201324 mesos sobre ll\u00edas<\/strong>, conferint-li una textura refinada i complexitat.<\/span><\/p>\n<p data-start=\"323\" data-end=\"343\"><strong data-start=\"323\" data-end=\"341\">Notes de tast:<\/strong><\/p>\n<ul data-start=\"344\" data-end=\"588\">\n<li data-start=\"344\" data-end=\"424\">\n<p data-start=\"346\" data-end=\"424\"><span class=\"relative -mx-px my-[-0.2rem] rounded px-px py-[0.2rem] transition-colors duration-100 ease-in-out\"><strong data-start=\"0\" data-end=\"10\" data-is-only-node=\"\">Vista:<\/strong> Color groc p\u00e0lid amb reflexos llimona o plata, bombolla fina i persistent.<\/span><\/p>\n<\/li>\n<li data-start=\"425\" data-end=\"505\">\n<p data-start=\"427\" data-end=\"505\"><span class=\"relative -mx-px my-[-0.2rem] rounded px-px py-[0.2rem] transition-colors duration-100 ease-in-out\"><strong data-start=\"0\" data-end=\"8\" data-is-only-node=\"\">Nas:<\/strong> Aromes nets i intensos de fruita tropical madura, albercoc sec i notes de brioixeria dol\u00e7a, llevats i fruits secs.<\/span><\/p>\n<\/li>\n<li data-start=\"506\" data-end=\"588\">\n<p data-start=\"508\" data-end=\"588\"><span class=\"relative -mx-px my-[-0.2rem] rounded px-px py-[0.2rem] transition-colors duration-100 ease-in-out\"><strong data-start=\"0\" data-end=\"9\" data-is-only-node=\"\">Boca:<\/strong> Entrada intensa i suau, amb sensaci\u00f3 melosa, bona persist\u00e8ncia i un final net i prolongat on reapareixen els sabors afruitats refrescants. S\u2019hi aprecien galeta, mel i un toc sec.<\/span><\/p>\n<\/li>\n<\/ul>\n<p data-start=\"590\" data-end=\"697\"><strong data-start=\"590\" data-end=\"614\">Maridatge recomanat:<\/strong><br data-start=\"614\" data-end=\"617\" \/><span class=\"relative -mx-px my-[-0.2rem] rounded px-px py-[0.2rem] transition-colors duration-100 ease-in-out\">Vers\u00e0til i equilibrat, acompanya b\u00e9 una \u00e0mplia gamma de plats: aperitius, peixos i mariscos, arr\u00f2s, carns blanques, plats marinats o amb brases. Tamb\u00e9 funciona amb postres i formatges suaus<\/span> .<\/p>\n<p data-start=\"699\" data-end=\"994\"><br data-start=\"713\" data-end=\"716\" \/>El <strong data-start=\"719\" data-end=\"744\">Batllori Brut Reserva<\/strong> ofereix una gran expressi\u00f3 del Pened\u00e8s amb la seua crian\u00e7a prolongada i perfil frutat mel\u00f3s, associat a una bombolla elegant i final net. \u00c9s un cava equilibrat, ideal tant per a consum quotidi\u00e0 de qualitat com per a moments festius i \u00e0pats complets.<\/p>\n","protected":false},"excerpt":{"rendered":"<p>El <em data-start=\"40\" data-end=\"63\">Batllori Brut Reserva<\/em> \u00e9s un cava elaborat a Subirats (Pened\u00e8s) amb varietats tradicionals (Macabeu, Xarel\u00b7lo i Parellada) i una crian\u00e7a sobre lies de 18 a 24 mesos. Presenta una bombolla fina i persistent, amb aromes de fruita tropical madura, brioixeria i fruits secs. En boca \u00e9s suau, crem\u00f3s i equilibrat, amb un final net i afruitat. \u00c9s un cava vers\u00e0til, ideal tant per a aperitius com per a maridatges amb marisc, arrossos o carns blanques, i perfecte per a ocasions especials o un consum diari de qualitat.<\/p>\n","protected":false},"featured_media":85873,"comment_status":"closed","ping_status":"closed","template":"","meta":{"_acf_changed":false},"pwb-brand":[],"product_cat":[33038,33080,33238,33048],"product_tag":[52955],"class_list":{"0":"post-85811","1":"product","2":"type-product","3":"status-publish","4":"has-post-thumbnail","6":"product_cat-vi-escumos-ca","7":"product_cat-cava-ca","8":"product_cat-cava-blanc-ca","9":"product_cat-ecologic-ca","10":"product_tag-batllori-brut-reserva-ca","11":"pa_cantidaddeazucar-brut-ca","12":"pa_do-cava-d-o-ca-2","13":"pa_ecologico-vegano-natural-ecologic","14":"pa_elaborador-fincacastelldesubirats-ca","15":"pa_formatoenml-750-ca","16":"pa_graduacion-11_5","17":"entry","18":"has-media","20":"first","21":"instock","22":"taxable","23":"shipping-taxable","24":"purchasable","25":"product-type-simple"},"acf":[],"yoast_head":"<!-- This site is optimized with the Yoast SEO Premium plugin v23.1 (Yoast SEO v24.1) - https:\/\/yoast.com\/wordpress\/plugins\/seo\/ -->\n<title>Batllori Brut Reserva<\/title>\n<meta name=\"description\" content=\"Comprar al millor preu el cava Batllori Brut Reserva a M\u00f3n La Cata . Botiga especialitzada en vins, destil\u00b7lats, cerveses i alimentaci\u00f3.\" \/>\n<meta name=\"robots\" content=\"index, follow, max-snippet:-1, max-image-preview:large, max-video-preview:-1\" \/>\n<link rel=\"canonical\" href=\"https:\/\/monlacata.cetrexmarketing.com\/producto\/batllori-brut-reserva\/\" \/>\n<meta property=\"og:locale\" content=\"ca_ES\" \/>\n<meta property=\"og:type\" content=\"article\" \/>\n<meta property=\"og:title\" content=\"Batllori Brut Reserva\" \/>\n<meta property=\"og:description\" content=\"Comprar al millor preu el cava Batllori Brut Reserva a M\u00f3n La Cata . Botiga especialitzada en vins, destil\u00b7lats, cerveses i alimentaci\u00f3.\" \/>\n<meta property=\"og:url\" content=\"https:\/\/monlacata.cetrexmarketing.com\/producto\/batllori-brut-reserva\/\" \/>\n<meta property=\"og:site_name\" content=\"M\u00f3n La Cata\" \/>\n<meta property=\"article:modified_time\" content=\"2025-06-25T16:35:49+00:00\" \/>\n<meta property=\"og:image\" content=\"https:\/\/monlacata.cetrexmarketing.com\/wp-content\/uploads\/2025\/06\/Batllori-brut-reserva.png\" \/>\n\t<meta property=\"og:image:width\" content=\"765\" \/>\n\t<meta property=\"og:image:height\" content=\"1024\" \/>\n\t<meta property=\"og:image:type\" content=\"image\/png\" \/>\n<meta name=\"twitter:card\" content=\"summary_large_image\" \/>\n<meta name=\"twitter:label1\" content=\"Temps estimat de lectura\" \/>\n\t<meta name=\"twitter:data1\" content=\"2 minuts\" \/>\n<script type=\"application\/ld+json\" class=\"yoast-schema-graph\">{\"@context\":\"https:\/\/schema.org\",\"@graph\":[{\"@type\":\"WebPage\",\"@id\":\"https:\/\/monlacata.cetrexmarketing.com\/producto\/batllori-brut-reserva\/\",\"url\":\"https:\/\/monlacata.cetrexmarketing.com\/producto\/batllori-brut-reserva\/\",\"name\":\"Batllori Brut Reserva\",\"isPartOf\":{\"@id\":\"https:\/\/monlacata.cetrexmarketing.com\/#website\"},\"primaryImageOfPage\":{\"@id\":\"https:\/\/monlacata.cetrexmarketing.com\/producto\/batllori-brut-reserva\/#primaryimage\"},\"image\":{\"@id\":\"https:\/\/monlacata.cetrexmarketing.com\/producto\/batllori-brut-reserva\/#primaryimage\"},\"thumbnailUrl\":\"https:\/\/monlacata.cetrexmarketing.com\/wp-content\/uploads\/2025\/06\/Batllori-brut-reserva.png\",\"datePublished\":\"2025-06-16T16:06:06+00:00\",\"dateModified\":\"2025-06-25T16:35:49+00:00\",\"description\":\"Comprar al millor preu el cava Batllori Brut Reserva a M\u00f3n La Cata . Botiga especialitzada en vins, destil\u00b7lats, cerveses i alimentaci\u00f3.\",\"breadcrumb\":{\"@id\":\"https:\/\/monlacata.cetrexmarketing.com\/producto\/batllori-brut-reserva\/#breadcrumb\"},\"inLanguage\":\"ca\",\"potentialAction\":[{\"@type\":\"ReadAction\",\"target\":[\"https:\/\/monlacata.cetrexmarketing.com\/producto\/batllori-brut-reserva\/\"]}]},{\"@type\":\"ImageObject\",\"inLanguage\":\"ca\",\"@id\":\"https:\/\/monlacata.cetrexmarketing.com\/producto\/batllori-brut-reserva\/#primaryimage\",\"url\":\"https:\/\/monlacata.cetrexmarketing.com\/wp-content\/uploads\/2025\/06\/Batllori-brut-reserva.png\",\"contentUrl\":\"https:\/\/monlacata.cetrexmarketing.com\/wp-content\/uploads\/2025\/06\/Batllori-brut-reserva.png\",\"width\":765,\"height\":1024,\"caption\":\"Batllori brut reserva\"},{\"@type\":\"BreadcrumbList\",\"@id\":\"https:\/\/monlacata.cetrexmarketing.com\/producto\/batllori-brut-reserva\/#breadcrumb\",\"itemListElement\":[{\"@type\":\"ListItem\",\"position\":1,\"name\":\"Home\",\"item\":\"https:\/\/monlacata.cetrexmarketing.com\/ca\/\"},{\"@type\":\"ListItem\",\"position\":2,\"name\":\"Tienda\",\"item\":\"https:\/\/monlacata.cetrexmarketing.com\/ca\/tienda-2\/\"},{\"@type\":\"ListItem\",\"position\":3,\"name\":\"Vi Escum\u00f3s\",\"item\":\"https:\/\/monlacata.cetrexmarketing.com\/categoria-producto\/home-ca\/vi-escumos-ca\/\"},{\"@type\":\"ListItem\",\"position\":4,\"name\":\"Cava\",\"item\":\"https:\/\/monlacata.cetrexmarketing.com\/ca\/categoria-producto\/home-ca\/vi-escumos-ca\/cava-ca\/\"},{\"@type\":\"ListItem\",\"position\":5,\"name\":\"Cava Blanc\",\"item\":\"https:\/\/monlacata.cetrexmarketing.com\/ca\/categoria-producto\/vi-escumos-ca\/cava-ca\/cava-blanc-ca\/\"},{\"@type\":\"ListItem\",\"position\":6,\"name\":\"Batllori Brut Reserva\"}]},{\"@type\":\"WebSite\",\"@id\":\"https:\/\/monlacata.cetrexmarketing.com\/#website\",\"url\":\"https:\/\/monlacata.cetrexmarketing.com\/\",\"name\":\"M\u00f3n La Cata\",\"description\":\"Tienda de vinos, licores, cervezas y gourmet\",\"publisher\":{\"@id\":\"https:\/\/monlacata.cetrexmarketing.com\/#organization\"},\"potentialAction\":[{\"@type\":\"SearchAction\",\"target\":{\"@type\":\"EntryPoint\",\"urlTemplate\":\"https:\/\/monlacata.cetrexmarketing.com\/?s={search_term_string}\"},\"query-input\":{\"@type\":\"PropertyValueSpecification\",\"valueRequired\":true,\"valueName\":\"search_term_string\"}}],\"inLanguage\":\"ca\"},{\"@type\":\"Organization\",\"@id\":\"https:\/\/monlacata.cetrexmarketing.com\/#organization\",\"name\":\"M\u00f3n La Cata\",\"url\":\"https:\/\/monlacata.cetrexmarketing.com\/\",\"logo\":{\"@type\":\"ImageObject\",\"inLanguage\":\"ca\",\"@id\":\"https:\/\/monlacata.cetrexmarketing.com\/#\/schema\/logo\/image\/\",\"url\":\"https:\/\/monlacata.cetrexmarketing.com\/wp-content\/uploads\/2024\/02\/monlacata-logo-blanc.png\",\"contentUrl\":\"https:\/\/monlacata.cetrexmarketing.com\/wp-content\/uploads\/2024\/02\/monlacata-logo-blanc.png\",\"width\":454,\"height\":193,\"caption\":\"M\u00f3n La Cata\"},\"image\":{\"@id\":\"https:\/\/monlacata.cetrexmarketing.com\/#\/schema\/logo\/image\/\"}}]}<\/script>\n<!-- \/ Yoast SEO Premium plugin. -->","yoast_head_json":{"title":"Batllori Brut Reserva","description":"Comprar al millor preu el cava Batllori Brut Reserva a M\u00f3n La Cata . Botiga especialitzada en vins, destil\u00b7lats, cerveses i alimentaci\u00f3.","robots":{"index":"index","follow":"follow","max-snippet":"max-snippet:-1","max-image-preview":"max-image-preview:large","max-video-preview":"max-video-preview:-1"},"canonical":"https:\/\/monlacata.cetrexmarketing.com\/producto\/batllori-brut-reserva\/","og_locale":"ca_ES","og_type":"article","og_title":"Batllori Brut Reserva","og_description":"Comprar al millor preu el cava Batllori Brut Reserva a M\u00f3n La Cata . Botiga especialitzada en vins, destil\u00b7lats, cerveses i alimentaci\u00f3.","og_url":"https:\/\/monlacata.cetrexmarketing.com\/producto\/batllori-brut-reserva\/","og_site_name":"M\u00f3n La Cata","article_modified_time":"2025-06-25T16:35:49+00:00","og_image":[{"width":765,"height":1024,"url":"https:\/\/monlacata.cetrexmarketing.com\/wp-content\/uploads\/2025\/06\/Batllori-brut-reserva.png","type":"image\/png"}],"twitter_card":"summary_large_image","twitter_misc":{"Temps estimat de lectura":"2 minuts"},"schema":{"@context":"https:\/\/schema.org","@graph":[{"@type":"WebPage","@id":"https:\/\/monlacata.cetrexmarketing.com\/producto\/batllori-brut-reserva\/","url":"https:\/\/monlacata.cetrexmarketing.com\/producto\/batllori-brut-reserva\/","name":"Batllori Brut Reserva","isPartOf":{"@id":"https:\/\/monlacata.cetrexmarketing.com\/#website"},"primaryImageOfPage":{"@id":"https:\/\/monlacata.cetrexmarketing.com\/producto\/batllori-brut-reserva\/#primaryimage"},"image":{"@id":"https:\/\/monlacata.cetrexmarketing.com\/producto\/batllori-brut-reserva\/#primaryimage"},"thumbnailUrl":"https:\/\/monlacata.cetrexmarketing.com\/wp-content\/uploads\/2025\/06\/Batllori-brut-reserva.png","datePublished":"2025-06-16T16:06:06+00:00","dateModified":"2025-06-25T16:35:49+00:00","description":"Comprar al millor preu el cava Batllori Brut Reserva a M\u00f3n La Cata . Botiga especialitzada en vins, destil\u00b7lats, cerveses i alimentaci\u00f3.","breadcrumb":{"@id":"https:\/\/monlacata.cetrexmarketing.com\/producto\/batllori-brut-reserva\/#breadcrumb"},"inLanguage":"ca","potentialAction":[{"@type":"ReadAction","target":["https:\/\/monlacata.cetrexmarketing.com\/producto\/batllori-brut-reserva\/"]}]},{"@type":"ImageObject","inLanguage":"ca","@id":"https:\/\/monlacata.cetrexmarketing.com\/producto\/batllori-brut-reserva\/#primaryimage","url":"https:\/\/monlacata.cetrexmarketing.com\/wp-content\/uploads\/2025\/06\/Batllori-brut-reserva.png","contentUrl":"https:\/\/monlacata.cetrexmarketing.com\/wp-content\/uploads\/2025\/06\/Batllori-brut-reserva.png","width":765,"height":1024,"caption":"Batllori brut reserva"},{"@type":"BreadcrumbList","@id":"https:\/\/monlacata.cetrexmarketing.com\/producto\/batllori-brut-reserva\/#breadcrumb","itemListElement":[{"@type":"ListItem","position":1,"name":"Home","item":"https:\/\/monlacata.cetrexmarketing.com\/ca\/"},{"@type":"ListItem","position":2,"name":"Tienda","item":"https:\/\/monlacata.cetrexmarketing.com\/ca\/tienda-2\/"},{"@type":"ListItem","position":3,"name":"Vi Escum\u00f3s","item":"https:\/\/monlacata.cetrexmarketing.com\/categoria-producto\/home-ca\/vi-escumos-ca\/"},{"@type":"ListItem","position":4,"name":"Cava","item":"https:\/\/monlacata.cetrexmarketing.com\/ca\/categoria-producto\/home-ca\/vi-escumos-ca\/cava-ca\/"},{"@type":"ListItem","position":5,"name":"Cava Blanc","item":"https:\/\/monlacata.cetrexmarketing.com\/ca\/categoria-producto\/vi-escumos-ca\/cava-ca\/cava-blanc-ca\/"},{"@type":"ListItem","position":6,"name":"Batllori Brut Reserva"}]},{"@type":"WebSite","@id":"https:\/\/monlacata.cetrexmarketing.com\/#website","url":"https:\/\/monlacata.cetrexmarketing.com\/","name":"M\u00f3n La Cata","description":"Tienda de vinos, licores, cervezas y gourmet","publisher":{"@id":"https:\/\/monlacata.cetrexmarketing.com\/#organization"},"potentialAction":[{"@type":"SearchAction","target":{"@type":"EntryPoint","urlTemplate":"https:\/\/monlacata.cetrexmarketing.com\/?s={search_term_string}"},"query-input":{"@type":"PropertyValueSpecification","valueRequired":true,"valueName":"search_term_string"}}],"inLanguage":"ca"},{"@type":"Organization","@id":"https:\/\/monlacata.cetrexmarketing.com\/#organization","name":"M\u00f3n La Cata","url":"https:\/\/monlacata.cetrexmarketing.com\/","logo":{"@type":"ImageObject","inLanguage":"ca","@id":"https:\/\/monlacata.cetrexmarketing.com\/#\/schema\/logo\/image\/","url":"https:\/\/monlacata.cetrexmarketing.com\/wp-content\/uploads\/2024\/02\/monlacata-logo-blanc.png","contentUrl":"https:\/\/monlacata.cetrexmarketing.com\/wp-content\/uploads\/2024\/02\/monlacata-logo-blanc.png","width":454,"height":193,"caption":"M\u00f3n La Cata"},"image":{"@id":"https:\/\/monlacata.cetrexmarketing.com\/#\/schema\/logo\/image\/"}}]}},"brands":[],"tiered_pricing_type":"fixed","tiered_pricing_fixed_rules":[],"tiered_pricing_product_settings":{"layout":"default","base_unit_name":{"singular":null,"plural":null},"default_variation":null},"tiered_pricing_minimum_quantity":null,"tiered_pricing_roles_data":[],"tiered_pricing_percentage_rules":[],"tiered_pricing_maximum_quantity":null,"tiered_pricing_quantity_step":null,"_links":{"self":[{"href":"https:\/\/monlacata.cetrexmarketing.com\/ca\/index.php?rest_route=\/wp\/v2\/product\/85811","targetHints":{"allow":["GET"]}}],"collection":[{"href":"https:\/\/monlacata.cetrexmarketing.com\/ca\/index.php?rest_route=\/wp\/v2\/product"}],"about":[{"href":"https:\/\/monlacata.cetrexmarketing.com\/ca\/index.php?rest_route=\/wp\/v2\/types\/product"}],"replies":[{"embeddable":true,"href":"https:\/\/monlacata.cetrexmarketing.com\/ca\/index.php?rest_route=%2Fwp%2Fv2%2Fcomments&post=85811"}],"wp:featuredmedia":[{"embeddable":true,"href":"https:\/\/monlacata.cetrexmarketing.com\/ca\/index.php?rest_route=\/wp\/v2\/media\/85873"}],"wp:attachment":[{"href":"https:\/\/monlacata.cetrexmarketing.com\/ca\/index.php?rest_route=%2Fwp%2Fv2%2Fmedia&parent=85811"}],"wp:term":[{"taxonomy":"pwb-brand","embeddable":true,"href":"https:\/\/monlacata.cetrexmarketing.com\/ca\/index.php?rest_route=%2Fwp%2Fv2%2Fpwb-brand&post=85811"},{"taxonomy":"product_cat","embeddable":true,"href":"https:\/\/monlacata.cetrexmarketing.com\/ca\/index.php?rest_route=%2Fwp%2Fv2%2Fproduct_cat&post=85811"},{"taxonomy":"product_tag","embeddable":true,"href":"https:\/\/monlacata.cetrexmarketing.com\/ca\/index.php?rest_route=%2Fwp%2Fv2%2Fproduct_tag&post=85811"}],"curies":[{"name":"wp","href":"https:\/\/api.w.org\/{rel}","templated":true}]}}