{"id":86152,"date":"2025-06-27T11:37:37","date_gmt":"2025-06-27T11:37:37","guid":{"rendered":"https:\/\/monlacata.cetrexmarketing.com\/?post_type=product&#038;p=86152"},"modified":"2025-11-12T09:43:14","modified_gmt":"2025-11-12T09:43:14","slug":"ranci-de-capcanes","status":"publish","type":"product","link":"https:\/\/monlacata.cetrexmarketing.com\/ca\/producto\/ranci-de-capcanes\/","title":{"rendered":"Ranci de Cap\u00e7anes"},"content":{"rendered":"<h3 data-start=\"1482\" data-end=\"1507\"><strong data-start=\"1486\" data-end=\"1507\">Ranci de Cap\u00e7anes<\/strong><\/h3>\n<p data-start=\"1508\" data-end=\"1546\"><strong data-start=\"1508\" data-end=\"1546\">Celler de Cap\u00e7anes \u00b7 D.O. Montsant<\/strong><\/p>\n<p data-start=\"1548\" data-end=\"1827\">El <strong data-start=\"1551\" data-end=\"1572\">Ranci de Cap\u00e7anes<\/strong> \u00e9s un vi tradicional elaborat amb un proc\u00e9s oxidatiu llarg que li atorga un perfil profund i ple de matisos. Fet principalment amb <strong data-start=\"1704\" data-end=\"1722\">Garnatxa Negra<\/strong>, i amb pres\u00e8ncia de <strong data-start=\"1743\" data-end=\"1756\">Carinyena<\/strong> i <strong data-start=\"1759\" data-end=\"1781\">Cabernet Sauvignon<\/strong>, representa l&#8217;ess\u00e8ncia vin\u00edcola del Montsant.<\/p>\n<p data-start=\"1829\" data-end=\"1846\"><strong data-start=\"1829\" data-end=\"1846\">Fitxa t\u00e8cnica<\/strong><\/p>\n<ul data-start=\"1847\" data-end=\"2155\">\n<li data-start=\"1847\" data-end=\"1884\">\n<p data-start=\"1849\" data-end=\"1884\"><strong data-start=\"1849\" data-end=\"1863\">Productor:<\/strong> Celler de Cap\u00e7anes<\/p>\n<\/li>\n<li data-start=\"1885\" data-end=\"1928\">\n<p data-start=\"1887\" data-end=\"1928\"><strong data-start=\"1887\" data-end=\"1912\">Denominaci\u00f3 d&#8217;Origen:<\/strong> D.O. Montsant<\/p>\n<\/li>\n<li data-start=\"1929\" data-end=\"1958\">\n<p data-start=\"1931\" data-end=\"1958\"><strong data-start=\"1931\" data-end=\"1941\">Tipus:<\/strong> Vi ranci negre<\/p>\n<\/li>\n<li data-start=\"1959\" data-end=\"1995\">\n<p data-start=\"1961\" data-end=\"1995\"><strong data-start=\"1961\" data-end=\"1972\">Classe:<\/strong> Negre c\u00e0lid i amable<\/p>\n<\/li>\n<li data-start=\"1996\" data-end=\"2112\">\n<p data-start=\"1998\" data-end=\"2112\"><strong data-start=\"1998\" data-end=\"2012\">Varietats:<\/strong> 100% Garnatxa Negra (amb aportacions de Carinyena i Cabernet Sauvignon en el cupatge tradicional)<\/p>\n<\/li>\n<li data-start=\"2113\" data-end=\"2134\">\n<p data-start=\"2115\" data-end=\"2134\"><strong data-start=\"2115\" data-end=\"2126\">Format:<\/strong> 50 cl<\/p>\n<\/li>\n<li data-start=\"2135\" data-end=\"2155\">\n<p data-start=\"2137\" data-end=\"2155\"><strong data-start=\"2137\" data-end=\"2150\">Ecol\u00f2gic:<\/strong> No<\/p>\n<\/li>\n<\/ul>\n<p data-start=\"2157\" data-end=\"2174\"><strong data-start=\"2157\" data-end=\"2174\">Notes de tast<\/strong><\/p>\n<ul data-start=\"2175\" data-end=\"2407\">\n<li data-start=\"2175\" data-end=\"2224\">\n<p data-start=\"2177\" data-end=\"2224\"><strong data-start=\"2177\" data-end=\"2187\">Vista:<\/strong> Color daurat amb reflexos rogencs.<\/p>\n<\/li>\n<li data-start=\"2225\" data-end=\"2296\">\n<p data-start=\"2227\" data-end=\"2296\"><strong data-start=\"2227\" data-end=\"2235\">Nas:<\/strong> Aromes intensos de fulles de tabac, canyella i herba seca.<\/p>\n<\/li>\n<li data-start=\"2297\" data-end=\"2407\">\n<p data-start=\"2299\" data-end=\"2407\"><strong data-start=\"2299\" data-end=\"2308\">Boca:<\/strong> Cos mitj\u00e0, amb notes terci\u00e0ries de mel, fruits secs i flors seques. Final llarg i ple de car\u00e0cter.<\/p>\n<\/li>\n<\/ul>\n<p data-start=\"2409\" data-end=\"2601\"><strong data-start=\"2409\" data-end=\"2422\">Maridatge<\/strong><br \/>\nIdeal amb postres i aperitius: marida molt b\u00e9 amb xocolata negra, rebosteria tradicional, fruits secs, olives i patates. Un vi per gaudir lentament i descobrir-ne la complexitat.<\/p>\n","protected":false},"excerpt":{"rendered":"<p>Ranci de Cap\u00e7anes Celler de Cap\u00e7anes \u00b7 D.O. Montsant El Ranci de Cap\u00e7anes \u00e9s un vi tradicional elaborat amb un proc\u00e9s oxidatiu llarg que li atorga un perfil profund i ple de matisos. Fet principalment amb Garnatxa Negra, i amb pres\u00e8ncia de Carinyena i Cabernet Sauvignon, representa l&#8217;ess\u00e8ncia vin\u00edcola del Montsant. Fitxa t\u00e8cnica Productor: Celler&hellip;<\/p>\n","protected":false},"featured_media":86151,"comment_status":"closed","ping_status":"closed","template":"","meta":{"_acf_changed":false},"pwb-brand":[32891],"product_cat":[33020,33106],"product_tag":[50756],"class_list":{"0":"post-86152","1":"product","2":"type-product","3":"status-publish","4":"has-post-thumbnail","6":"pwb-brand-montsant-d-o","7":"product_cat-vi-ca","8":"product_cat-vi-generos","9":"product_tag-d-o-montsant-ca","10":"pa_do-montsant-d-o-ca","11":"pa_formatoenml-750-ca","12":"pa_graduacion-16_5-ca","13":"pa_pais-espanya-ca","14":"pa_region-cataluna-ca","15":"entry","16":"has-media","18":"first","19":"instock","20":"taxable","21":"shipping-taxable","22":"purchasable","23":"product-type-simple"},"acf":[],"yoast_head":"<!-- This site is optimized with the Yoast SEO Premium plugin v23.1 (Yoast SEO v24.1) - https:\/\/yoast.com\/wordpress\/plugins\/seo\/ -->\n<title>Ranci de Cap\u00e7anes - M\u00f3n La Cata<\/title>\n<meta name=\"description\" content=\"Comprar Ranci de Cap\u00e7anes en M\u00f3n La Cata . Tienda online especilizada en vino y alimentaci\u00f3n. Env\u00edos puntuales y promociones\" \/>\n<meta name=\"robots\" content=\"noindex, follow, max-snippet:-1, max-image-preview:large, max-video-preview:-1\" \/>\n<meta property=\"og:locale\" content=\"ca_ES\" \/>\n<meta property=\"og:type\" content=\"article\" \/>\n<meta property=\"og:title\" content=\"Ranci de Cap\u00e7anes\" \/>\n<meta property=\"og:description\" content=\"Comprar Ranci de Cap\u00e7anes en M\u00f3n La Cata . Tienda online especilizada en vino y alimentaci\u00f3n. Env\u00edos puntuales y promociones\" \/>\n<meta property=\"og:url\" content=\"https:\/\/monlacata.cetrexmarketing.com\/ca\/producto\/ranci-de-capcanes\/\" \/>\n<meta property=\"og:site_name\" content=\"M\u00f3n La Cata\" \/>\n<meta property=\"article:modified_time\" content=\"2025-11-12T09:43:14+00:00\" \/>\n<meta property=\"og:image\" content=\"https:\/\/monlacata.cetrexmarketing.com\/wp-content\/uploads\/2025\/06\/Ranci-de-Capcanes.jpg\" \/>\n\t<meta property=\"og:image:width\" content=\"765\" \/>\n\t<meta property=\"og:image:height\" content=\"1024\" \/>\n\t<meta property=\"og:image:type\" content=\"image\/jpeg\" \/>\n<meta name=\"twitter:card\" content=\"summary_large_image\" \/>\n<meta name=\"twitter:label1\" content=\"Temps estimat de lectura\" \/>\n\t<meta name=\"twitter:data1\" content=\"2 minuts\" \/>\n<script type=\"application\/ld+json\" class=\"yoast-schema-graph\">{\"@context\":\"https:\/\/schema.org\",\"@graph\":[{\"@type\":\"WebPage\",\"@id\":\"https:\/\/monlacata.cetrexmarketing.com\/ca\/producto\/ranci-de-capcanes\/\",\"url\":\"https:\/\/monlacata.cetrexmarketing.com\/ca\/producto\/ranci-de-capcanes\/\",\"name\":\"Ranci de Cap\u00e7anes - M\u00f3n La Cata\",\"isPartOf\":{\"@id\":\"https:\/\/monlacata.cetrexmarketing.com\/#website\"},\"primaryImageOfPage\":{\"@id\":\"https:\/\/monlacata.cetrexmarketing.com\/ca\/producto\/ranci-de-capcanes\/#primaryimage\"},\"image\":{\"@id\":\"https:\/\/monlacata.cetrexmarketing.com\/ca\/producto\/ranci-de-capcanes\/#primaryimage\"},\"thumbnailUrl\":\"https:\/\/monlacata.cetrexmarketing.com\/wp-content\/uploads\/2025\/06\/Ranci-de-Capcanes.jpg\",\"datePublished\":\"2025-06-27T11:37:37+00:00\",\"dateModified\":\"2025-11-12T09:43:14+00:00\",\"description\":\"Comprar Ranci de Cap\u00e7anes en M\u00f3n La Cata . Tienda online especilizada en vino y alimentaci\u00f3n. Env\u00edos puntuales y promociones\",\"breadcrumb\":{\"@id\":\"https:\/\/monlacata.cetrexmarketing.com\/ca\/producto\/ranci-de-capcanes\/#breadcrumb\"},\"inLanguage\":\"ca\",\"potentialAction\":[{\"@type\":\"ReadAction\",\"target\":[\"https:\/\/monlacata.cetrexmarketing.com\/ca\/producto\/ranci-de-capcanes\/\"]}]},{\"@type\":\"ImageObject\",\"inLanguage\":\"ca\",\"@id\":\"https:\/\/monlacata.cetrexmarketing.com\/ca\/producto\/ranci-de-capcanes\/#primaryimage\",\"url\":\"https:\/\/monlacata.cetrexmarketing.com\/wp-content\/uploads\/2025\/06\/Ranci-de-Capcanes.jpg\",\"contentUrl\":\"https:\/\/monlacata.cetrexmarketing.com\/wp-content\/uploads\/2025\/06\/Ranci-de-Capcanes.jpg\",\"width\":765,\"height\":1024,\"caption\":\"Ranci de Cap\u00e7anes\"},{\"@type\":\"BreadcrumbList\",\"@id\":\"https:\/\/monlacata.cetrexmarketing.com\/ca\/producto\/ranci-de-capcanes\/#breadcrumb\",\"itemListElement\":[{\"@type\":\"ListItem\",\"position\":1,\"name\":\"Home\",\"item\":\"https:\/\/monlacata.cetrexmarketing.com\/ca\/\"},{\"@type\":\"ListItem\",\"position\":2,\"name\":\"Tienda\",\"item\":\"https:\/\/monlacata.cetrexmarketing.com\/ca\/tienda-2\/\"},{\"@type\":\"ListItem\",\"position\":3,\"name\":\"Tienda\",\"item\":\"https:\/\/monlacata.cetrexmarketing.com\/categoria-producto\/inicio\/\"},{\"@type\":\"ListItem\",\"position\":4,\"name\":\"Vino\",\"item\":\"https:\/\/monlacata.cetrexmarketing.com\/categoria-producto\/inicio\/vino\/\"},{\"@type\":\"ListItem\",\"position\":5,\"name\":\"Ranci de Cap\u00e7anes\"}]},{\"@type\":\"WebSite\",\"@id\":\"https:\/\/monlacata.cetrexmarketing.com\/#website\",\"url\":\"https:\/\/monlacata.cetrexmarketing.com\/\",\"name\":\"M\u00f3n La Cata\",\"description\":\"Tienda de vinos, licores, cervezas y gourmet\",\"publisher\":{\"@id\":\"https:\/\/monlacata.cetrexmarketing.com\/#organization\"},\"potentialAction\":[{\"@type\":\"SearchAction\",\"target\":{\"@type\":\"EntryPoint\",\"urlTemplate\":\"https:\/\/monlacata.cetrexmarketing.com\/?s={search_term_string}\"},\"query-input\":{\"@type\":\"PropertyValueSpecification\",\"valueRequired\":true,\"valueName\":\"search_term_string\"}}],\"inLanguage\":\"ca\"},{\"@type\":\"Organization\",\"@id\":\"https:\/\/monlacata.cetrexmarketing.com\/#organization\",\"name\":\"M\u00f3n La Cata\",\"url\":\"https:\/\/monlacata.cetrexmarketing.com\/\",\"logo\":{\"@type\":\"ImageObject\",\"inLanguage\":\"ca\",\"@id\":\"https:\/\/monlacata.cetrexmarketing.com\/#\/schema\/logo\/image\/\",\"url\":\"https:\/\/monlacata.cetrexmarketing.com\/wp-content\/uploads\/2024\/02\/monlacata-logo-blanc.png\",\"contentUrl\":\"https:\/\/monlacata.cetrexmarketing.com\/wp-content\/uploads\/2024\/02\/monlacata-logo-blanc.png\",\"width\":454,\"height\":193,\"caption\":\"M\u00f3n La Cata\"},\"image\":{\"@id\":\"https:\/\/monlacata.cetrexmarketing.com\/#\/schema\/logo\/image\/\"}}]}<\/script>\n<!-- \/ Yoast SEO Premium plugin. -->","yoast_head_json":{"title":"Ranci de Cap\u00e7anes - M\u00f3n La Cata","description":"Comprar Ranci de Cap\u00e7anes en M\u00f3n La Cata . Tienda online especilizada en vino y alimentaci\u00f3n. Env\u00edos puntuales y promociones","robots":{"index":"noindex","follow":"follow","max-snippet":"max-snippet:-1","max-image-preview":"max-image-preview:large","max-video-preview":"max-video-preview:-1"},"og_locale":"ca_ES","og_type":"article","og_title":"Ranci de Cap\u00e7anes","og_description":"Comprar Ranci de Cap\u00e7anes en M\u00f3n La Cata . Tienda online especilizada en vino y alimentaci\u00f3n. Env\u00edos puntuales y promociones","og_url":"https:\/\/monlacata.cetrexmarketing.com\/ca\/producto\/ranci-de-capcanes\/","og_site_name":"M\u00f3n La Cata","article_modified_time":"2025-11-12T09:43:14+00:00","og_image":[{"width":765,"height":1024,"url":"https:\/\/monlacata.cetrexmarketing.com\/wp-content\/uploads\/2025\/06\/Ranci-de-Capcanes.jpg","type":"image\/jpeg"}],"twitter_card":"summary_large_image","twitter_misc":{"Temps estimat de lectura":"2 minuts"},"schema":{"@context":"https:\/\/schema.org","@graph":[{"@type":"WebPage","@id":"https:\/\/monlacata.cetrexmarketing.com\/ca\/producto\/ranci-de-capcanes\/","url":"https:\/\/monlacata.cetrexmarketing.com\/ca\/producto\/ranci-de-capcanes\/","name":"Ranci de Cap\u00e7anes - M\u00f3n La Cata","isPartOf":{"@id":"https:\/\/monlacata.cetrexmarketing.com\/#website"},"primaryImageOfPage":{"@id":"https:\/\/monlacata.cetrexmarketing.com\/ca\/producto\/ranci-de-capcanes\/#primaryimage"},"image":{"@id":"https:\/\/monlacata.cetrexmarketing.com\/ca\/producto\/ranci-de-capcanes\/#primaryimage"},"thumbnailUrl":"https:\/\/monlacata.cetrexmarketing.com\/wp-content\/uploads\/2025\/06\/Ranci-de-Capcanes.jpg","datePublished":"2025-06-27T11:37:37+00:00","dateModified":"2025-11-12T09:43:14+00:00","description":"Comprar Ranci de Cap\u00e7anes en M\u00f3n La Cata . Tienda online especilizada en vino y alimentaci\u00f3n. Env\u00edos puntuales y promociones","breadcrumb":{"@id":"https:\/\/monlacata.cetrexmarketing.com\/ca\/producto\/ranci-de-capcanes\/#breadcrumb"},"inLanguage":"ca","potentialAction":[{"@type":"ReadAction","target":["https:\/\/monlacata.cetrexmarketing.com\/ca\/producto\/ranci-de-capcanes\/"]}]},{"@type":"ImageObject","inLanguage":"ca","@id":"https:\/\/monlacata.cetrexmarketing.com\/ca\/producto\/ranci-de-capcanes\/#primaryimage","url":"https:\/\/monlacata.cetrexmarketing.com\/wp-content\/uploads\/2025\/06\/Ranci-de-Capcanes.jpg","contentUrl":"https:\/\/monlacata.cetrexmarketing.com\/wp-content\/uploads\/2025\/06\/Ranci-de-Capcanes.jpg","width":765,"height":1024,"caption":"Ranci de Cap\u00e7anes"},{"@type":"BreadcrumbList","@id":"https:\/\/monlacata.cetrexmarketing.com\/ca\/producto\/ranci-de-capcanes\/#breadcrumb","itemListElement":[{"@type":"ListItem","position":1,"name":"Home","item":"https:\/\/monlacata.cetrexmarketing.com\/ca\/"},{"@type":"ListItem","position":2,"name":"Tienda","item":"https:\/\/monlacata.cetrexmarketing.com\/ca\/tienda-2\/"},{"@type":"ListItem","position":3,"name":"Tienda","item":"https:\/\/monlacata.cetrexmarketing.com\/categoria-producto\/inicio\/"},{"@type":"ListItem","position":4,"name":"Vino","item":"https:\/\/monlacata.cetrexmarketing.com\/categoria-producto\/inicio\/vino\/"},{"@type":"ListItem","position":5,"name":"Ranci de Cap\u00e7anes"}]},{"@type":"WebSite","@id":"https:\/\/monlacata.cetrexmarketing.com\/#website","url":"https:\/\/monlacata.cetrexmarketing.com\/","name":"M\u00f3n La Cata","description":"Tienda de vinos, licores, cervezas y gourmet","publisher":{"@id":"https:\/\/monlacata.cetrexmarketing.com\/#organization"},"potentialAction":[{"@type":"SearchAction","target":{"@type":"EntryPoint","urlTemplate":"https:\/\/monlacata.cetrexmarketing.com\/?s={search_term_string}"},"query-input":{"@type":"PropertyValueSpecification","valueRequired":true,"valueName":"search_term_string"}}],"inLanguage":"ca"},{"@type":"Organization","@id":"https:\/\/monlacata.cetrexmarketing.com\/#organization","name":"M\u00f3n La Cata","url":"https:\/\/monlacata.cetrexmarketing.com\/","logo":{"@type":"ImageObject","inLanguage":"ca","@id":"https:\/\/monlacata.cetrexmarketing.com\/#\/schema\/logo\/image\/","url":"https:\/\/monlacata.cetrexmarketing.com\/wp-content\/uploads\/2024\/02\/monlacata-logo-blanc.png","contentUrl":"https:\/\/monlacata.cetrexmarketing.com\/wp-content\/uploads\/2024\/02\/monlacata-logo-blanc.png","width":454,"height":193,"caption":"M\u00f3n La Cata"},"image":{"@id":"https:\/\/monlacata.cetrexmarketing.com\/#\/schema\/logo\/image\/"}}]}},"brands":[{"id":32891,"name":"Montsant D.O.","slug":"montsant-d-o"}],"tiered_pricing_type":"fixed","tiered_pricing_fixed_rules":[],"tiered_pricing_product_settings":{"layout":"default","base_unit_name":{"singular":null,"plural":null},"default_variation":null},"tiered_pricing_minimum_quantity":null,"tiered_pricing_roles_data":[],"tiered_pricing_percentage_rules":[],"tiered_pricing_maximum_quantity":null,"tiered_pricing_quantity_step":null,"_links":{"self":[{"href":"https:\/\/monlacata.cetrexmarketing.com\/ca\/wp-json\/wp\/v2\/product\/86152","targetHints":{"allow":["GET"]}}],"collection":[{"href":"https:\/\/monlacata.cetrexmarketing.com\/ca\/wp-json\/wp\/v2\/product"}],"about":[{"href":"https:\/\/monlacata.cetrexmarketing.com\/ca\/wp-json\/wp\/v2\/types\/product"}],"replies":[{"embeddable":true,"href":"https:\/\/monlacata.cetrexmarketing.com\/ca\/wp-json\/wp\/v2\/comments?post=86152"}],"wp:featuredmedia":[{"embeddable":true,"href":"https:\/\/monlacata.cetrexmarketing.com\/ca\/wp-json\/wp\/v2\/media\/86151"}],"wp:attachment":[{"href":"https:\/\/monlacata.cetrexmarketing.com\/ca\/wp-json\/wp\/v2\/media?parent=86152"}],"wp:term":[{"taxonomy":"pwb-brand","embeddable":true,"href":"https:\/\/monlacata.cetrexmarketing.com\/ca\/wp-json\/wp\/v2\/pwb-brand?post=86152"},{"taxonomy":"product_cat","embeddable":true,"href":"https:\/\/monlacata.cetrexmarketing.com\/ca\/wp-json\/wp\/v2\/product_cat?post=86152"},{"taxonomy":"product_tag","embeddable":true,"href":"https:\/\/monlacata.cetrexmarketing.com\/ca\/wp-json\/wp\/v2\/product_tag?post=86152"}],"curies":[{"name":"wp","href":"https:\/\/api.w.org\/{rel}","templated":true}]}}