{"id":86254,"date":"2024-03-06T11:51:10","date_gmt":"2024-03-06T11:51:10","guid":{"rendered":"https:\/\/monlacata.cetrexmarketing.com\/?post_type=product&#038;p=86254"},"modified":"2025-06-30T11:13:59","modified_gmt":"2025-06-30T11:13:59","slug":"abadia-da-cova-fudre","status":"publish","type":"product","link":"https:\/\/monlacata.cetrexmarketing.com\/ca\/producto\/abadia-da-cova-fudre\/","title":{"rendered":"Abad\u00eda da Cova Fudre"},"content":{"rendered":"","protected":false},"excerpt":{"rendered":"","protected":false},"featured_media":69284,"comment_status":"closed","ping_status":"closed","template":"","meta":{"_acf_changed":false},"pwb-brand":[],"product_cat":[33020,33054],"product_tag":[50501,50324,50323],"class_list":{"0":"post-86254","1":"product","2":"type-product","3":"status-publish","4":"has-post-thumbnail","6":"product_cat-vi-ca","7":"product_cat-vino-tinto-ca","8":"product_tag-mencia-ca-2","9":"product_tag-vi-ca-2","10":"product_tag-vi-negre-ca-2","11":"pa_anada-2023-ca","12":"pa_do-ribeirasacrado-ca","13":"pa_formatoenml-750-ca","14":"pa_fresco-negre-fresc","15":"pa_graduacion-12_0-ca","16":"pa_maridaje-carn-blanca","17":"pa_maridaje-embotits","18":"pa_maridaje-verdures","19":"pa_pais-espanya-ca","20":"pa_variedad-principal-mencia-ca","21":"entry","22":"has-media","24":"first","25":"instock","26":"taxable","27":"shipping-taxable","28":"purchasable","29":"product-type-simple"},"acf":[],"yoast_head":"<!-- This site is optimized with the Yoast SEO Premium plugin v23.1 (Yoast SEO v24.1) - https:\/\/yoast.com\/wordpress\/plugins\/seo\/ -->\n<title>Abad\u00eda da Cova Fudre - M\u00f3n La Cata<\/title>\n<meta name=\"description\" content=\"Comprar Abad\u00eda da Cova Fudre en M\u00f3n La Cata . Tienda online especilizada en vino y alimentaci\u00f3n. Env\u00edos puntuales y promociones\" \/>\n<meta name=\"robots\" content=\"noindex, follow, max-snippet:-1, max-image-preview:large, max-video-preview:-1\" \/>\n<meta property=\"og:locale\" content=\"ca_ES\" \/>\n<meta property=\"og:type\" content=\"article\" \/>\n<meta property=\"og:title\" content=\"Abad\u00eda da Cova Fudre\" \/>\n<meta property=\"og:description\" content=\"Comprar Abad\u00eda da Cova Fudre en M\u00f3n La Cata . Tienda online especilizada en vino y alimentaci\u00f3n. Env\u00edos puntuales y promociones\" \/>\n<meta property=\"og:url\" content=\"https:\/\/monlacata.cetrexmarketing.com\/ca\/producto\/abadia-da-cova-fudre\/\" \/>\n<meta property=\"og:site_name\" content=\"M\u00f3n La Cata\" \/>\n<meta property=\"article:modified_time\" content=\"2025-06-30T11:13:59+00:00\" \/>\n<meta property=\"og:image\" content=\"https:\/\/monlacata.cetrexmarketing.com\/wp-content\/uploads\/2024\/03\/Abadia-da-Cova-Fudre.jpg.png\" \/>\n\t<meta property=\"og:image:width\" content=\"765\" \/>\n\t<meta property=\"og:image:height\" content=\"1024\" \/>\n\t<meta property=\"og:image:type\" content=\"image\/png\" \/>\n<meta name=\"twitter:card\" content=\"summary_large_image\" \/>\n<script type=\"application\/ld+json\" class=\"yoast-schema-graph\">{\"@context\":\"https:\/\/schema.org\",\"@graph\":[{\"@type\":\"WebPage\",\"@id\":\"https:\/\/monlacata.cetrexmarketing.com\/ca\/producto\/abadia-da-cova-fudre\/\",\"url\":\"https:\/\/monlacata.cetrexmarketing.com\/ca\/producto\/abadia-da-cova-fudre\/\",\"name\":\"Abad\u00eda da Cova Fudre - M\u00f3n La Cata\",\"isPartOf\":{\"@id\":\"https:\/\/monlacata.cetrexmarketing.com\/#website\"},\"primaryImageOfPage\":{\"@id\":\"https:\/\/monlacata.cetrexmarketing.com\/ca\/producto\/abadia-da-cova-fudre\/#primaryimage\"},\"image\":{\"@id\":\"https:\/\/monlacata.cetrexmarketing.com\/ca\/producto\/abadia-da-cova-fudre\/#primaryimage\"},\"thumbnailUrl\":\"https:\/\/monlacata.cetrexmarketing.com\/wp-content\/uploads\/2024\/03\/Abadia-da-Cova-Fudre.jpg.png\",\"datePublished\":\"2024-03-06T11:51:10+00:00\",\"dateModified\":\"2025-06-30T11:13:59+00:00\",\"description\":\"Comprar Abad\u00eda da Cova Fudre en M\u00f3n La Cata . Tienda online especilizada en vino y alimentaci\u00f3n. Env\u00edos puntuales y promociones\",\"breadcrumb\":{\"@id\":\"https:\/\/monlacata.cetrexmarketing.com\/ca\/producto\/abadia-da-cova-fudre\/#breadcrumb\"},\"inLanguage\":\"ca\",\"potentialAction\":[{\"@type\":\"ReadAction\",\"target\":[\"https:\/\/monlacata.cetrexmarketing.com\/ca\/producto\/abadia-da-cova-fudre\/\"]}]},{\"@type\":\"ImageObject\",\"inLanguage\":\"ca\",\"@id\":\"https:\/\/monlacata.cetrexmarketing.com\/ca\/producto\/abadia-da-cova-fudre\/#primaryimage\",\"url\":\"https:\/\/monlacata.cetrexmarketing.com\/wp-content\/uploads\/2024\/03\/Abadia-da-Cova-Fudre.jpg.png\",\"contentUrl\":\"https:\/\/monlacata.cetrexmarketing.com\/wp-content\/uploads\/2024\/03\/Abadia-da-Cova-Fudre.jpg.png\",\"width\":765,\"height\":1024,\"caption\":\"Abad\u00eda da Cova Fudre.jpg\"},{\"@type\":\"BreadcrumbList\",\"@id\":\"https:\/\/monlacata.cetrexmarketing.com\/ca\/producto\/abadia-da-cova-fudre\/#breadcrumb\",\"itemListElement\":[{\"@type\":\"ListItem\",\"position\":1,\"name\":\"Home\",\"item\":\"https:\/\/monlacata.cetrexmarketing.com\/ca\/\"},{\"@type\":\"ListItem\",\"position\":2,\"name\":\"Tienda\",\"item\":\"https:\/\/monlacata.cetrexmarketing.com\/ca\/tienda-2\/\"},{\"@type\":\"ListItem\",\"position\":3,\"name\":\"Tienda\",\"item\":\"https:\/\/monlacata.cetrexmarketing.com\/categoria-producto\/inicio\/\"},{\"@type\":\"ListItem\",\"position\":4,\"name\":\"Vino\",\"item\":\"https:\/\/monlacata.cetrexmarketing.com\/categoria-producto\/inicio\/vino\/\"},{\"@type\":\"ListItem\",\"position\":5,\"name\":\"Abad\u00eda da Cova Fudre\"}]},{\"@type\":\"WebSite\",\"@id\":\"https:\/\/monlacata.cetrexmarketing.com\/#website\",\"url\":\"https:\/\/monlacata.cetrexmarketing.com\/\",\"name\":\"M\u00f3n La Cata\",\"description\":\"Tienda de vinos, licores, cervezas y gourmet\",\"publisher\":{\"@id\":\"https:\/\/monlacata.cetrexmarketing.com\/#organization\"},\"potentialAction\":[{\"@type\":\"SearchAction\",\"target\":{\"@type\":\"EntryPoint\",\"urlTemplate\":\"https:\/\/monlacata.cetrexmarketing.com\/?s={search_term_string}\"},\"query-input\":{\"@type\":\"PropertyValueSpecification\",\"valueRequired\":true,\"valueName\":\"search_term_string\"}}],\"inLanguage\":\"ca\"},{\"@type\":\"Organization\",\"@id\":\"https:\/\/monlacata.cetrexmarketing.com\/#organization\",\"name\":\"M\u00f3n La Cata\",\"url\":\"https:\/\/monlacata.cetrexmarketing.com\/\",\"logo\":{\"@type\":\"ImageObject\",\"inLanguage\":\"ca\",\"@id\":\"https:\/\/monlacata.cetrexmarketing.com\/#\/schema\/logo\/image\/\",\"url\":\"https:\/\/monlacata.cetrexmarketing.com\/wp-content\/uploads\/2024\/02\/monlacata-logo-blanc.png\",\"contentUrl\":\"https:\/\/monlacata.cetrexmarketing.com\/wp-content\/uploads\/2024\/02\/monlacata-logo-blanc.png\",\"width\":454,\"height\":193,\"caption\":\"M\u00f3n La Cata\"},\"image\":{\"@id\":\"https:\/\/monlacata.cetrexmarketing.com\/#\/schema\/logo\/image\/\"}}]}<\/script>\n<!-- \/ Yoast SEO Premium plugin. -->","yoast_head_json":{"title":"Abad\u00eda da Cova Fudre - M\u00f3n La Cata","description":"Comprar Abad\u00eda da Cova Fudre en M\u00f3n La Cata . Tienda online especilizada en vino y alimentaci\u00f3n. Env\u00edos puntuales y promociones","robots":{"index":"noindex","follow":"follow","max-snippet":"max-snippet:-1","max-image-preview":"max-image-preview:large","max-video-preview":"max-video-preview:-1"},"og_locale":"ca_ES","og_type":"article","og_title":"Abad\u00eda da Cova Fudre","og_description":"Comprar Abad\u00eda da Cova Fudre en M\u00f3n La Cata . Tienda online especilizada en vino y alimentaci\u00f3n. Env\u00edos puntuales y promociones","og_url":"https:\/\/monlacata.cetrexmarketing.com\/ca\/producto\/abadia-da-cova-fudre\/","og_site_name":"M\u00f3n La Cata","article_modified_time":"2025-06-30T11:13:59+00:00","og_image":[{"width":765,"height":1024,"url":"https:\/\/monlacata.cetrexmarketing.com\/wp-content\/uploads\/2024\/03\/Abadia-da-Cova-Fudre.jpg.png","type":"image\/png"}],"twitter_card":"summary_large_image","schema":{"@context":"https:\/\/schema.org","@graph":[{"@type":"WebPage","@id":"https:\/\/monlacata.cetrexmarketing.com\/ca\/producto\/abadia-da-cova-fudre\/","url":"https:\/\/monlacata.cetrexmarketing.com\/ca\/producto\/abadia-da-cova-fudre\/","name":"Abad\u00eda da Cova Fudre - M\u00f3n La Cata","isPartOf":{"@id":"https:\/\/monlacata.cetrexmarketing.com\/#website"},"primaryImageOfPage":{"@id":"https:\/\/monlacata.cetrexmarketing.com\/ca\/producto\/abadia-da-cova-fudre\/#primaryimage"},"image":{"@id":"https:\/\/monlacata.cetrexmarketing.com\/ca\/producto\/abadia-da-cova-fudre\/#primaryimage"},"thumbnailUrl":"https:\/\/monlacata.cetrexmarketing.com\/wp-content\/uploads\/2024\/03\/Abadia-da-Cova-Fudre.jpg.png","datePublished":"2024-03-06T11:51:10+00:00","dateModified":"2025-06-30T11:13:59+00:00","description":"Comprar Abad\u00eda da Cova Fudre en M\u00f3n La Cata . Tienda online especilizada en vino y alimentaci\u00f3n. Env\u00edos puntuales y promociones","breadcrumb":{"@id":"https:\/\/monlacata.cetrexmarketing.com\/ca\/producto\/abadia-da-cova-fudre\/#breadcrumb"},"inLanguage":"ca","potentialAction":[{"@type":"ReadAction","target":["https:\/\/monlacata.cetrexmarketing.com\/ca\/producto\/abadia-da-cova-fudre\/"]}]},{"@type":"ImageObject","inLanguage":"ca","@id":"https:\/\/monlacata.cetrexmarketing.com\/ca\/producto\/abadia-da-cova-fudre\/#primaryimage","url":"https:\/\/monlacata.cetrexmarketing.com\/wp-content\/uploads\/2024\/03\/Abadia-da-Cova-Fudre.jpg.png","contentUrl":"https:\/\/monlacata.cetrexmarketing.com\/wp-content\/uploads\/2024\/03\/Abadia-da-Cova-Fudre.jpg.png","width":765,"height":1024,"caption":"Abad\u00eda da Cova Fudre.jpg"},{"@type":"BreadcrumbList","@id":"https:\/\/monlacata.cetrexmarketing.com\/ca\/producto\/abadia-da-cova-fudre\/#breadcrumb","itemListElement":[{"@type":"ListItem","position":1,"name":"Home","item":"https:\/\/monlacata.cetrexmarketing.com\/ca\/"},{"@type":"ListItem","position":2,"name":"Tienda","item":"https:\/\/monlacata.cetrexmarketing.com\/ca\/tienda-2\/"},{"@type":"ListItem","position":3,"name":"Tienda","item":"https:\/\/monlacata.cetrexmarketing.com\/categoria-producto\/inicio\/"},{"@type":"ListItem","position":4,"name":"Vino","item":"https:\/\/monlacata.cetrexmarketing.com\/categoria-producto\/inicio\/vino\/"},{"@type":"ListItem","position":5,"name":"Abad\u00eda da Cova Fudre"}]},{"@type":"WebSite","@id":"https:\/\/monlacata.cetrexmarketing.com\/#website","url":"https:\/\/monlacata.cetrexmarketing.com\/","name":"M\u00f3n La Cata","description":"Tienda de vinos, licores, cervezas y gourmet","publisher":{"@id":"https:\/\/monlacata.cetrexmarketing.com\/#organization"},"potentialAction":[{"@type":"SearchAction","target":{"@type":"EntryPoint","urlTemplate":"https:\/\/monlacata.cetrexmarketing.com\/?s={search_term_string}"},"query-input":{"@type":"PropertyValueSpecification","valueRequired":true,"valueName":"search_term_string"}}],"inLanguage":"ca"},{"@type":"Organization","@id":"https:\/\/monlacata.cetrexmarketing.com\/#organization","name":"M\u00f3n La Cata","url":"https:\/\/monlacata.cetrexmarketing.com\/","logo":{"@type":"ImageObject","inLanguage":"ca","@id":"https:\/\/monlacata.cetrexmarketing.com\/#\/schema\/logo\/image\/","url":"https:\/\/monlacata.cetrexmarketing.com\/wp-content\/uploads\/2024\/02\/monlacata-logo-blanc.png","contentUrl":"https:\/\/monlacata.cetrexmarketing.com\/wp-content\/uploads\/2024\/02\/monlacata-logo-blanc.png","width":454,"height":193,"caption":"M\u00f3n La Cata"},"image":{"@id":"https:\/\/monlacata.cetrexmarketing.com\/#\/schema\/logo\/image\/"}}]}},"brands":[],"tiered_pricing_type":"fixed","tiered_pricing_fixed_rules":[],"tiered_pricing_product_settings":{"layout":"default","base_unit_name":{"singular":null,"plural":null},"default_variation":null},"tiered_pricing_minimum_quantity":null,"tiered_pricing_roles_data":[],"tiered_pricing_percentage_rules":[],"tiered_pricing_maximum_quantity":null,"tiered_pricing_quantity_step":null,"_links":{"self":[{"href":"https:\/\/monlacata.cetrexmarketing.com\/ca\/wp-json\/wp\/v2\/product\/86254","targetHints":{"allow":["GET"]}}],"collection":[{"href":"https:\/\/monlacata.cetrexmarketing.com\/ca\/wp-json\/wp\/v2\/product"}],"about":[{"href":"https:\/\/monlacata.cetrexmarketing.com\/ca\/wp-json\/wp\/v2\/types\/product"}],"replies":[{"embeddable":true,"href":"https:\/\/monlacata.cetrexmarketing.com\/ca\/wp-json\/wp\/v2\/comments?post=86254"}],"wp:featuredmedia":[{"embeddable":true,"href":"https:\/\/monlacata.cetrexmarketing.com\/ca\/wp-json\/wp\/v2\/media\/69284"}],"wp:attachment":[{"href":"https:\/\/monlacata.cetrexmarketing.com\/ca\/wp-json\/wp\/v2\/media?parent=86254"}],"wp:term":[{"taxonomy":"pwb-brand","embeddable":true,"href":"https:\/\/monlacata.cetrexmarketing.com\/ca\/wp-json\/wp\/v2\/pwb-brand?post=86254"},{"taxonomy":"product_cat","embeddable":true,"href":"https:\/\/monlacata.cetrexmarketing.com\/ca\/wp-json\/wp\/v2\/product_cat?post=86254"},{"taxonomy":"product_tag","embeddable":true,"href":"https:\/\/monlacata.cetrexmarketing.com\/ca\/wp-json\/wp\/v2\/product_tag?post=86254"}],"curies":[{"name":"wp","href":"https:\/\/api.w.org\/{rel}","templated":true}]}}