{"id":87298,"date":"2025-08-20T16:43:01","date_gmt":"2025-08-20T16:43:01","guid":{"rendered":"https:\/\/monlacata.cetrexmarketing.com\/?post_type=product&#038;p=87298"},"modified":"2025-08-22T09:29:45","modified_gmt":"2025-08-22T09:29:45","slug":"baron-de-ley-blanc-sobre-lies","status":"publish","type":"product","link":"https:\/\/monlacata.cetrexmarketing.com\/ca\/producto\/baron-de-ley-blanc-sobre-lies\/","title":{"rendered":"Bar\u00f3n de Ley Blanc sobre lies"},"content":{"rendered":"<p><strong>Bar\u00f3n de Ley Blanc sobre l\u00edas<\/strong><\/p>\n<p data-start=\"1792\" data-end=\"2074\"><strong data-start=\"1792\" data-end=\"1831\">Bar\u00f3n de Ley Blanco sobre L\u00edas 2024<\/strong> \u00e9s un vi elaborat pel celler Bar\u00f3n de Ley sota la <strong>D.O.Ca. Rioja<\/strong>, a partir de les varietats <strong>Garnatxa blanca i Tempranillo blanc<\/strong>. Un vi fresc, complex i amb un subtil car\u00e0cter sal\u00ed, perfecte per gaudir amb plats mariners i cuina mediterr\u00e0nia.<\/p>\n<h3 data-start=\"2076\" data-end=\"2105\"><strong data-start=\"2080\" data-end=\"2103\">Vinyes i elaboraci\u00f3<\/strong><\/h3>\n<ul data-start=\"2106\" data-end=\"2379\">\n<li data-start=\"2106\" data-end=\"2238\">\n<p data-start=\"2108\" data-end=\"2238\"><strong data-start=\"2108\" data-end=\"2128\">Garnatxa blanca:<\/strong> prov\u00e9 de la finca <em data-start=\"2147\" data-end=\"2162\">Los Almendros<\/em> a Rioja Oriental, amb s\u00f2ls arenosos, graves calc\u00e0ries i poca profunditat.<\/p>\n<\/li>\n<li data-start=\"2239\" data-end=\"2379\">\n<p data-start=\"2241\" data-end=\"2379\"><strong data-start=\"2241\" data-end=\"2263\">Tempranillo blanc:<\/strong> procedeix de vinyes situades a gran altitud, amb s\u00f2ls arenosos i molt permeables que aporten frescor i eleg\u00e0ncia.<\/p>\n<\/li>\n<\/ul>\n<p data-start=\"2381\" data-end=\"2656\">El ra\u00efm es verema manualment i cada varietat es vinifica per separat en dip\u00f2sits de formig\u00f3. Posteriorment, fa una crian\u00e7a sobre mares durant <strong data-start=\"2523\" data-end=\"2534\">6 mesos<\/strong>, combinant formig\u00f3 i b\u00f3ta de roure franc\u00e8s. Finalment, s\u2019assemblen en formig\u00f3 durant 6 mesos m\u00e9s abans de l\u2019embotellat.<\/p>\n<h3 data-start=\"2658\" data-end=\"2681\"><strong data-start=\"2662\" data-end=\"2679\">Notes de tast<\/strong><\/h3>\n<ul data-start=\"2682\" data-end=\"2923\">\n<li data-start=\"2682\" data-end=\"2765\">\n<p data-start=\"2684\" data-end=\"2765\"><strong data-start=\"2684\" data-end=\"2694\">Vista:<\/strong> Groc palla gaireb\u00e9 transparent amb reflexos daurats. Net i brillant.<\/p>\n<\/li>\n<li data-start=\"2766\" data-end=\"2867\">\n<p data-start=\"2768\" data-end=\"2867\"><strong data-start=\"2768\" data-end=\"2776\">Nas:<\/strong> Complex i fresc, amb aromes de flors blanques, fruita blanca i un elegant fons bals\u00e0mic.<\/p>\n<\/li>\n<li data-start=\"2868\" data-end=\"2923\">\n<p data-start=\"2870\" data-end=\"2923\"><strong data-start=\"2870\" data-end=\"2879\">Boca:<\/strong> Fresc, untu\u00f3s i amb un subtil final sal\u00ed.<\/p>\n<\/li>\n<\/ul>\n<h3 data-start=\"2925\" data-end=\"2944\"><strong data-start=\"2929\" data-end=\"2942\">Maridatge<\/strong><\/h3>\n<p data-start=\"2945\" data-end=\"2968\">Ideal per acompanyar:<\/p>\n<ul data-start=\"2969\" data-end=\"3068\">\n<li data-start=\"2969\" data-end=\"2990\">\n<p data-start=\"2971\" data-end=\"2990\">Arrossos mariners<\/p>\n<\/li>\n<li data-start=\"2991\" data-end=\"3025\">\n<p data-start=\"2993\" data-end=\"3025\">Pasta amb musclos o llagostins<\/p>\n<\/li>\n<li data-start=\"3026\" data-end=\"3051\">\n<p data-start=\"3028\" data-end=\"3051\">Peixos blancs o blaus<\/p>\n<\/li>\n<li data-start=\"3052\" data-end=\"3068\">\n<p data-start=\"3054\" data-end=\"3068\">Marisc fresc<\/p>\n<\/li>\n<\/ul>\n<h3 data-start=\"3070\" data-end=\"3086\"><strong data-start=\"3074\" data-end=\"3084\">Servei<\/strong><\/h3>\n<p data-start=\"3087\" data-end=\"3126\">Temperatura \u00f2ptima: <strong data-start=\"3107\" data-end=\"3123\">9 \u00baC \u2013 11 \u00baC<\/strong>.<\/p>\n","protected":false},"excerpt":{"rendered":"<p>Bar\u00f3n de Ley Blanc sobre l\u00edas Bar\u00f3n de Ley Blanco sobre L\u00edas 2024 \u00e9s un vi elaborat pel celler Bar\u00f3n de Ley sota la D.O.Ca. Rioja, a partir de les varietats Garnatxa blanca i Tempranillo blanc. Un vi fresc, complex i amb un subtil car\u00e0cter sal\u00ed, perfecte per gaudir amb plats mariners i cuina mediterr\u00e0nia.&hellip;<\/p>\n","protected":false},"featured_media":87313,"comment_status":"closed","ping_status":"closed","template":"","meta":{"_acf_changed":false},"pwb-brand":[48669,52921],"product_cat":[51987,33020,33092,33070],"product_tag":[53180],"class_list":{"0":"post-87298","1":"product","2":"type-product","3":"status-publish","4":"has-post-thumbnail","6":"pwb-brand-baron-de-ley","7":"pwb-brand-d-o-ca-rioja","8":"product_cat-botiga","9":"product_cat-vi-ca","10":"product_cat-vino-blanco-ca","11":"product_cat-vega-ca","12":"product_tag-baron-de-ley-blanc-sobre-lies","13":"pa_anada-2024-ca","14":"pa_bodega-barondeley-ca","15":"pa_do-rioja-d-o-ca-ca","16":"pa_ecologico-vegano-natural-vega","17":"pa_formatoenml-750-ca","18":"pa_fresco-blanc-fresc","19":"pa_graduacion-13_0-ca","20":"pa_maridaje-formatge-curat","21":"pa_maridaje-marisc","22":"pa_maridaje-peix","23":"entry","24":"has-media","26":"first","27":"outofstock","28":"taxable","29":"shipping-taxable","30":"purchasable","31":"product-type-simple"},"acf":[],"yoast_head":"<!-- This site is optimized with the Yoast SEO Premium plugin v23.1 (Yoast SEO v24.1) - https:\/\/yoast.com\/wordpress\/plugins\/seo\/ -->\n<title>Bar\u00f3n de Ley Blanc sobre lies<\/title>\n<meta name=\"description\" content=\"Comprar al millor preu el vi Bar\u00f3n de Ley Blanc sobre lies a M\u00f3n La Cata . Botiga especialitzada en vins, destil\u00b7lats, cerveses i alimentaci\u00f3 gurmet.\" \/>\n<meta name=\"robots\" content=\"noindex, follow, max-snippet:-1, max-image-preview:large, max-video-preview:-1\" \/>\n<meta property=\"og:locale\" content=\"ca_ES\" \/>\n<meta property=\"og:type\" content=\"article\" \/>\n<meta property=\"og:title\" content=\"Bar\u00f3n de Ley Blanc sobre lies\" \/>\n<meta property=\"og:description\" content=\"Comprar al millor preu el vi Bar\u00f3n de Ley Blanc sobre lies a M\u00f3n La Cata . Botiga especialitzada en vins, destil\u00b7lats, cerveses i alimentaci\u00f3 gurmet.\" \/>\n<meta property=\"og:url\" content=\"https:\/\/monlacata.cetrexmarketing.com\/producto\/baron-de-ley-blanco-sobre-lias\/\" \/>\n<meta property=\"og:site_name\" content=\"M\u00f3n La Cata\" \/>\n<meta property=\"article:modified_time\" content=\"2025-08-22T09:29:45+00:00\" \/>\n<meta property=\"og:image\" content=\"https:\/\/monlacata.cetrexmarketing.com\/wp-content\/uploads\/2025\/08\/baron-de-ley-blanco-sobre-lias.jpg.png\" \/>\n\t<meta property=\"og:image:width\" content=\"765\" \/>\n\t<meta property=\"og:image:height\" content=\"1024\" \/>\n\t<meta property=\"og:image:type\" content=\"image\/png\" \/>\n<meta name=\"twitter:card\" content=\"summary_large_image\" \/>\n<meta name=\"twitter:label1\" content=\"Temps estimat de lectura\" \/>\n\t<meta name=\"twitter:data1\" content=\"2 minuts\" \/>\n<script type=\"application\/ld+json\" class=\"yoast-schema-graph\">{\"@context\":\"https:\/\/schema.org\",\"@graph\":[{\"@type\":\"WebPage\",\"@id\":\"https:\/\/monlacata.cetrexmarketing.com\/producto\/baron-de-ley-blanco-sobre-lias\/\",\"url\":\"https:\/\/monlacata.cetrexmarketing.com\/producto\/baron-de-ley-blanco-sobre-lias\/\",\"name\":\"Bar\u00f3n de Ley Blanc sobre lies\",\"isPartOf\":{\"@id\":\"https:\/\/monlacata.cetrexmarketing.com\/#website\"},\"primaryImageOfPage\":{\"@id\":\"https:\/\/monlacata.cetrexmarketing.com\/producto\/baron-de-ley-blanco-sobre-lias\/#primaryimage\"},\"image\":{\"@id\":\"https:\/\/monlacata.cetrexmarketing.com\/producto\/baron-de-ley-blanco-sobre-lias\/#primaryimage\"},\"thumbnailUrl\":\"https:\/\/monlacata.cetrexmarketing.com\/wp-content\/uploads\/2025\/08\/baron-de-ley-blanco-sobre-lias.jpg.png\",\"datePublished\":\"2025-08-20T16:43:01+00:00\",\"dateModified\":\"2025-08-22T09:29:45+00:00\",\"description\":\"Comprar al millor preu el vi Bar\u00f3n de Ley Blanc sobre lies a M\u00f3n La Cata . Botiga especialitzada en vins, destil\u00b7lats, cerveses i alimentaci\u00f3 gurmet.\",\"breadcrumb\":{\"@id\":\"https:\/\/monlacata.cetrexmarketing.com\/producto\/baron-de-ley-blanco-sobre-lias\/#breadcrumb\"},\"inLanguage\":\"ca\",\"potentialAction\":[{\"@type\":\"ReadAction\",\"target\":[\"https:\/\/monlacata.cetrexmarketing.com\/producto\/baron-de-ley-blanco-sobre-lias\/\"]}]},{\"@type\":\"ImageObject\",\"inLanguage\":\"ca\",\"@id\":\"https:\/\/monlacata.cetrexmarketing.com\/producto\/baron-de-ley-blanco-sobre-lias\/#primaryimage\",\"url\":\"https:\/\/monlacata.cetrexmarketing.com\/wp-content\/uploads\/2025\/08\/baron-de-ley-blanco-sobre-lias.jpg.png\",\"contentUrl\":\"https:\/\/monlacata.cetrexmarketing.com\/wp-content\/uploads\/2025\/08\/baron-de-ley-blanco-sobre-lias.jpg.png\",\"width\":765,\"height\":1024,\"caption\":\"baron-de-ley-blanco-sobre-lias.jpg\"},{\"@type\":\"BreadcrumbList\",\"@id\":\"https:\/\/monlacata.cetrexmarketing.com\/producto\/baron-de-ley-blanco-sobre-lias\/#breadcrumb\",\"itemListElement\":[{\"@type\":\"ListItem\",\"position\":1,\"name\":\"Home\",\"item\":\"https:\/\/monlacata.cetrexmarketing.com\/ca\/\"},{\"@type\":\"ListItem\",\"position\":2,\"name\":\"Tienda\",\"item\":\"https:\/\/monlacata.cetrexmarketing.com\/ca\/tienda-2\/\"},{\"@type\":\"ListItem\",\"position\":3,\"name\":\"Vi\",\"item\":\"https:\/\/monlacata.cetrexmarketing.com\/categoria-producto\/home-ca\/vi-ca\/\"},{\"@type\":\"ListItem\",\"position\":4,\"name\":\"Vi Blanc\",\"item\":\"https:\/\/monlacata.cetrexmarketing.com\/ca\/categoria-producto\/home-ca\/vi-ca\/vino-blanco-ca\/\"},{\"@type\":\"ListItem\",\"position\":5,\"name\":\"Bar\u00f3n de Ley Blanc sobre lies\"}]},{\"@type\":\"WebSite\",\"@id\":\"https:\/\/monlacata.cetrexmarketing.com\/#website\",\"url\":\"https:\/\/monlacata.cetrexmarketing.com\/\",\"name\":\"M\u00f3n La Cata\",\"description\":\"Tienda de vinos, licores, cervezas y gourmet\",\"publisher\":{\"@id\":\"https:\/\/monlacata.cetrexmarketing.com\/#organization\"},\"potentialAction\":[{\"@type\":\"SearchAction\",\"target\":{\"@type\":\"EntryPoint\",\"urlTemplate\":\"https:\/\/monlacata.cetrexmarketing.com\/?s={search_term_string}\"},\"query-input\":{\"@type\":\"PropertyValueSpecification\",\"valueRequired\":true,\"valueName\":\"search_term_string\"}}],\"inLanguage\":\"ca\"},{\"@type\":\"Organization\",\"@id\":\"https:\/\/monlacata.cetrexmarketing.com\/#organization\",\"name\":\"M\u00f3n La Cata\",\"url\":\"https:\/\/monlacata.cetrexmarketing.com\/\",\"logo\":{\"@type\":\"ImageObject\",\"inLanguage\":\"ca\",\"@id\":\"https:\/\/monlacata.cetrexmarketing.com\/#\/schema\/logo\/image\/\",\"url\":\"https:\/\/monlacata.cetrexmarketing.com\/wp-content\/uploads\/2024\/02\/monlacata-logo-blanc.png\",\"contentUrl\":\"https:\/\/monlacata.cetrexmarketing.com\/wp-content\/uploads\/2024\/02\/monlacata-logo-blanc.png\",\"width\":454,\"height\":193,\"caption\":\"M\u00f3n La Cata\"},\"image\":{\"@id\":\"https:\/\/monlacata.cetrexmarketing.com\/#\/schema\/logo\/image\/\"}}]}<\/script>\n<!-- \/ Yoast SEO Premium plugin. -->","yoast_head_json":{"title":"Bar\u00f3n de Ley Blanc sobre lies","description":"Comprar al millor preu el vi Bar\u00f3n de Ley Blanc sobre lies a M\u00f3n La Cata . Botiga especialitzada en vins, destil\u00b7lats, cerveses i alimentaci\u00f3 gurmet.","robots":{"index":"noindex","follow":"follow","max-snippet":"max-snippet:-1","max-image-preview":"max-image-preview:large","max-video-preview":"max-video-preview:-1"},"og_locale":"ca_ES","og_type":"article","og_title":"Bar\u00f3n de Ley Blanc sobre lies","og_description":"Comprar al millor preu el vi Bar\u00f3n de Ley Blanc sobre lies a M\u00f3n La Cata . Botiga especialitzada en vins, destil\u00b7lats, cerveses i alimentaci\u00f3 gurmet.","og_url":"https:\/\/monlacata.cetrexmarketing.com\/producto\/baron-de-ley-blanco-sobre-lias\/","og_site_name":"M\u00f3n La Cata","article_modified_time":"2025-08-22T09:29:45+00:00","og_image":[{"width":765,"height":1024,"url":"https:\/\/monlacata.cetrexmarketing.com\/wp-content\/uploads\/2025\/08\/baron-de-ley-blanco-sobre-lias.jpg.png","type":"image\/png"}],"twitter_card":"summary_large_image","twitter_misc":{"Temps estimat de lectura":"2 minuts"},"schema":{"@context":"https:\/\/schema.org","@graph":[{"@type":"WebPage","@id":"https:\/\/monlacata.cetrexmarketing.com\/producto\/baron-de-ley-blanco-sobre-lias\/","url":"https:\/\/monlacata.cetrexmarketing.com\/producto\/baron-de-ley-blanco-sobre-lias\/","name":"Bar\u00f3n de Ley Blanc sobre lies","isPartOf":{"@id":"https:\/\/monlacata.cetrexmarketing.com\/#website"},"primaryImageOfPage":{"@id":"https:\/\/monlacata.cetrexmarketing.com\/producto\/baron-de-ley-blanco-sobre-lias\/#primaryimage"},"image":{"@id":"https:\/\/monlacata.cetrexmarketing.com\/producto\/baron-de-ley-blanco-sobre-lias\/#primaryimage"},"thumbnailUrl":"https:\/\/monlacata.cetrexmarketing.com\/wp-content\/uploads\/2025\/08\/baron-de-ley-blanco-sobre-lias.jpg.png","datePublished":"2025-08-20T16:43:01+00:00","dateModified":"2025-08-22T09:29:45+00:00","description":"Comprar al millor preu el vi Bar\u00f3n de Ley Blanc sobre lies a M\u00f3n La Cata . Botiga especialitzada en vins, destil\u00b7lats, cerveses i alimentaci\u00f3 gurmet.","breadcrumb":{"@id":"https:\/\/monlacata.cetrexmarketing.com\/producto\/baron-de-ley-blanco-sobre-lias\/#breadcrumb"},"inLanguage":"ca","potentialAction":[{"@type":"ReadAction","target":["https:\/\/monlacata.cetrexmarketing.com\/producto\/baron-de-ley-blanco-sobre-lias\/"]}]},{"@type":"ImageObject","inLanguage":"ca","@id":"https:\/\/monlacata.cetrexmarketing.com\/producto\/baron-de-ley-blanco-sobre-lias\/#primaryimage","url":"https:\/\/monlacata.cetrexmarketing.com\/wp-content\/uploads\/2025\/08\/baron-de-ley-blanco-sobre-lias.jpg.png","contentUrl":"https:\/\/monlacata.cetrexmarketing.com\/wp-content\/uploads\/2025\/08\/baron-de-ley-blanco-sobre-lias.jpg.png","width":765,"height":1024,"caption":"baron-de-ley-blanco-sobre-lias.jpg"},{"@type":"BreadcrumbList","@id":"https:\/\/monlacata.cetrexmarketing.com\/producto\/baron-de-ley-blanco-sobre-lias\/#breadcrumb","itemListElement":[{"@type":"ListItem","position":1,"name":"Home","item":"https:\/\/monlacata.cetrexmarketing.com\/ca\/"},{"@type":"ListItem","position":2,"name":"Tienda","item":"https:\/\/monlacata.cetrexmarketing.com\/ca\/tienda-2\/"},{"@type":"ListItem","position":3,"name":"Vi","item":"https:\/\/monlacata.cetrexmarketing.com\/categoria-producto\/home-ca\/vi-ca\/"},{"@type":"ListItem","position":4,"name":"Vi Blanc","item":"https:\/\/monlacata.cetrexmarketing.com\/ca\/categoria-producto\/home-ca\/vi-ca\/vino-blanco-ca\/"},{"@type":"ListItem","position":5,"name":"Bar\u00f3n de Ley Blanc sobre lies"}]},{"@type":"WebSite","@id":"https:\/\/monlacata.cetrexmarketing.com\/#website","url":"https:\/\/monlacata.cetrexmarketing.com\/","name":"M\u00f3n La Cata","description":"Tienda de vinos, licores, cervezas y gourmet","publisher":{"@id":"https:\/\/monlacata.cetrexmarketing.com\/#organization"},"potentialAction":[{"@type":"SearchAction","target":{"@type":"EntryPoint","urlTemplate":"https:\/\/monlacata.cetrexmarketing.com\/?s={search_term_string}"},"query-input":{"@type":"PropertyValueSpecification","valueRequired":true,"valueName":"search_term_string"}}],"inLanguage":"ca"},{"@type":"Organization","@id":"https:\/\/monlacata.cetrexmarketing.com\/#organization","name":"M\u00f3n La Cata","url":"https:\/\/monlacata.cetrexmarketing.com\/","logo":{"@type":"ImageObject","inLanguage":"ca","@id":"https:\/\/monlacata.cetrexmarketing.com\/#\/schema\/logo\/image\/","url":"https:\/\/monlacata.cetrexmarketing.com\/wp-content\/uploads\/2024\/02\/monlacata-logo-blanc.png","contentUrl":"https:\/\/monlacata.cetrexmarketing.com\/wp-content\/uploads\/2024\/02\/monlacata-logo-blanc.png","width":454,"height":193,"caption":"M\u00f3n La Cata"},"image":{"@id":"https:\/\/monlacata.cetrexmarketing.com\/#\/schema\/logo\/image\/"}}]}},"brands":[{"id":48669,"name":"Bar\u00f3n de Ley","slug":"baron-de-ley"},{"id":52921,"name":"D.O.Ca Rioja","slug":"d-o-ca-rioja"}],"tiered_pricing_type":"fixed","tiered_pricing_fixed_rules":[],"tiered_pricing_product_settings":{"layout":"default","base_unit_name":{"singular":null,"plural":null},"default_variation":null},"tiered_pricing_minimum_quantity":null,"tiered_pricing_roles_data":[],"tiered_pricing_percentage_rules":[],"tiered_pricing_maximum_quantity":null,"tiered_pricing_quantity_step":null,"_links":{"self":[{"href":"https:\/\/monlacata.cetrexmarketing.com\/ca\/wp-json\/wp\/v2\/product\/87298","targetHints":{"allow":["GET"]}}],"collection":[{"href":"https:\/\/monlacata.cetrexmarketing.com\/ca\/wp-json\/wp\/v2\/product"}],"about":[{"href":"https:\/\/monlacata.cetrexmarketing.com\/ca\/wp-json\/wp\/v2\/types\/product"}],"replies":[{"embeddable":true,"href":"https:\/\/monlacata.cetrexmarketing.com\/ca\/wp-json\/wp\/v2\/comments?post=87298"}],"wp:featuredmedia":[{"embeddable":true,"href":"https:\/\/monlacata.cetrexmarketing.com\/ca\/wp-json\/wp\/v2\/media\/87313"}],"wp:attachment":[{"href":"https:\/\/monlacata.cetrexmarketing.com\/ca\/wp-json\/wp\/v2\/media?parent=87298"}],"wp:term":[{"taxonomy":"pwb-brand","embeddable":true,"href":"https:\/\/monlacata.cetrexmarketing.com\/ca\/wp-json\/wp\/v2\/pwb-brand?post=87298"},{"taxonomy":"product_cat","embeddable":true,"href":"https:\/\/monlacata.cetrexmarketing.com\/ca\/wp-json\/wp\/v2\/product_cat?post=87298"},{"taxonomy":"product_tag","embeddable":true,"href":"https:\/\/monlacata.cetrexmarketing.com\/ca\/wp-json\/wp\/v2\/product_tag?post=87298"}],"curies":[{"name":"wp","href":"https:\/\/api.w.org\/{rel}","templated":true}]}}