{"id":40614,"date":"2016-05-25T19:55:10","date_gmt":"2016-05-25T19:55:10","guid":{"rendered":"https:\/\/monlacata.cetrexmarketing.com\/producto\/bowmore-12-anos\/"},"modified":"2026-04-19T12:26:53","modified_gmt":"2026-04-19T12:26:53","slug":"bowmore-12-anos","status":"publish","type":"product","link":"https:\/\/monlacata.cetrexmarketing.com\/producto\/bowmore-12-anos\/","title":{"rendered":"Bowmore 12 a\u00f1os"},"content":{"rendered":"<p>La tradicional Bowmore, una de las destiler\u00edas m\u00e1s antiguas de Islay, hace uno de los whiskys turbados m\u00e1s suaves y amables de todo Islay. Siendo la capital de esta isla, est\u00e1 al lado de un lago marino, y tienen cierto recuerdo salino. Los une la tradici\u00f3n del saber hacer de los antiguos, por eso la gran Suntory la adquiri\u00f3, pero sin intervenir en ninguno de los procesos, para obtener en este 12 a\u00f1os un whisky perfecto para iniciarse en el mundo de los whiskys ahumados d&#8217;Islay.<\/p>\n<p><span class=\"VIiyi\" lang=\"es\" xml:lang=\"es\"><span class=\"JLqJ4b ChMk0b\">NOTA<\/span> <span class=\"JLqJ4b ChMk0b\">DE<\/span> <span class=\"JLqJ4b ChMk0b\">CATA: Color<\/span> <span class=\"JLqJ4b ChMk0b\">oro<\/span> <span class=\"JLqJ4b ChMk0b\">claro<\/span><span class=\"JLqJ4b ChMk0b\">,<\/span> <span class=\"JLqJ4b ChMk0b\">en<\/span> <span class=\"JLqJ4b ChMk0b\">nariz es<\/span> <span class=\"JLqJ4b ChMk0b\">perfumado y<\/span> <span class=\"JLqJ4b ChMk0b\">ahumado,<\/span> <span class=\"JLqJ4b ChMk0b\">con<\/span> <span class=\"JLqJ4b ChMk0b\">notas a<\/span> <span class=\"JLqJ4b ChMk0b\">naranja,<\/span> <span class=\"JLqJ4b ChMk0b\">caf\u00e9 y<\/span> <span class=\"JLqJ4b ChMk0b\">mucha<\/span> <span class=\"JLqJ4b ChMk0b\">malta<\/span><span class=\"JLqJ4b ChMk0b\">.<\/span> <span class=\"JLqJ4b ChMk0b\">De<\/span> <span class=\"JLqJ4b ChMk0b\">cuerpo<\/span> <span class=\"JLqJ4b ChMk0b\">medio y<\/span> <span class=\"JLqJ4b ChMk0b\">en<\/span> <span class=\"JLqJ4b ChMk0b\">paladar<\/span> <span class=\"JLqJ4b ChMk0b\">es redondo<\/span> <span class=\"JLqJ4b ChMk0b\">y suave<\/span><span class=\"JLqJ4b ChMk0b\">,<\/span> <span class=\"JLqJ4b ChMk0b\">seco<\/span> <span class=\"JLqJ4b ChMk0b\">por el turbo<\/span> <span class=\"JLqJ4b ChMk0b\">y final<\/span> <span class=\"JLqJ4b ChMk0b\">ahumado<\/span> <span class=\"JLqJ4b ChMk0b\">y<\/span> <span class=\"JLqJ4b ChMk0b\">floral<\/span><span class=\"JLqJ4b ChMk0b\">.<\/span><\/span><\/p>\n","protected":false},"excerpt":{"rendered":"<p>La tradicional Bowmore, hace uno de los whiskys turbados m\u00e1s suaves y amables de todo Islay. Est\u00e1 al lado de un lago marino, y tienen cierto recuerdo salino. Los une la tradici\u00f3n del saber hacer de los antiguos.<\/p>\n<p>Color oro claro, en nariz es perfumado y ahumado, con notas a naranja, caf\u00e9 y mucha malta. De cuerpo medio y en paladar es redondo y suave, seco por el turbo y final ahumado y floral.<\/p>\n","protected":false},"featured_media":70407,"comment_status":"closed","ping_status":"closed","template":"","meta":[],"product_brand":[],"product_cat":[33039,33737,33229,33243],"product_tag":[15279,38986,49584],"class_list":{"0":"post-40614","1":"product","2":"type-product","3":"status-publish","4":"has-post-thumbnail","6":"product_cat-destilados","7":"product_cat-islay-single-malt-scotch-whisky","8":"product_cat-whisky","9":"product_cat-whisky-escocia","10":"product_tag-bowmore-ca","11":"product_tag-escocia","12":"product_tag-whisky","13":"pa_ahumado-medio","14":"pa_destileria-morrisonbowmoredistilleryltd","15":"pa_do-islayigpescocia","16":"pa_envejecimiento-12anos","17":"pa_formatoenl-36167","18":"pa_formatoenml-38307","19":"pa_graduacion-40_0","20":"pa_pais-escocia","21":"pa_pesoengramos-38337","22":"pa_pesoenkg-38228","23":"pa_propietario-suntorydistilleryco","24":"pa_pueblociudad-bowmore","25":"pa_region-islas","26":"pa_tipodewhisky-scotchwhiskysinglemalt","27":"pa_variedades-islaysinglemalt","28":"entry","29":"has-media","31":"first","32":"outofstock","33":"taxable","34":"shipping-taxable","35":"purchasable","36":"product-type-simple"},"_links":{"self":[{"href":"https:\/\/monlacata.cetrexmarketing.com\/wp-json\/wp\/v2\/product\/40614","targetHints":{"allow":["GET"]}}],"collection":[{"href":"https:\/\/monlacata.cetrexmarketing.com\/wp-json\/wp\/v2\/product"}],"about":[{"href":"https:\/\/monlacata.cetrexmarketing.com\/wp-json\/wp\/v2\/types\/product"}],"replies":[{"embeddable":true,"href":"https:\/\/monlacata.cetrexmarketing.com\/wp-json\/wp\/v2\/comments?post=40614"}],"wp:featuredmedia":[{"embeddable":true,"href":"https:\/\/monlacata.cetrexmarketing.com\/wp-json\/wp\/v2\/media\/70407"}],"wp:attachment":[{"href":"https:\/\/monlacata.cetrexmarketing.com\/wp-json\/wp\/v2\/media?parent=40614"}],"wp:term":[{"taxonomy":"product_brand","embeddable":true,"href":"https:\/\/monlacata.cetrexmarketing.com\/wp-json\/wp\/v2\/product_brand?post=40614"},{"taxonomy":"product_cat","embeddable":true,"href":"https:\/\/monlacata.cetrexmarketing.com\/wp-json\/wp\/v2\/product_cat?post=40614"},{"taxonomy":"product_tag","embeddable":true,"href":"https:\/\/monlacata.cetrexmarketing.com\/wp-json\/wp\/v2\/product_tag?post=40614"}],"curies":[{"name":"wp","href":"https:\/\/api.w.org\/{rel}","templated":true}]}}