{"id":41906,"date":"2017-03-06T18:51:50","date_gmt":"2017-03-06T18:51:50","guid":{"rendered":"https:\/\/monlacata.cetrexmarketing.com\/producto\/eristoff-1l\/"},"modified":"2026-05-02T12:28:17","modified_gmt":"2026-05-02T12:28:17","slug":"eristoff-1l","status":"publish","type":"product","link":"https:\/\/monlacata.cetrexmarketing.com\/producto\/eristoff-1l\/","title":{"rendered":"Eristoff 1L"},"content":{"rendered":"<p><strong>Eristoff<\/strong> es un vodka de origen georgiano, conocido por su pureza y sabor limpio. Elaborado a partir de cereales de alta calidad y destilado tres veces, este vodka ofrece una suavidad excepcional y un perfil de sabor claro, con sutiles notas de grano. Disponible en formato de 1 litro, Eristoff es ideal para c\u00f3cteles, ya que su versatilidad permite combinarlo perfectamente con una amplia variedad de mezclas, desde cl\u00e1sicos como el vodka con lim\u00f3n hasta preparaciones m\u00e1s elaboradas. Es una opci\u00f3n excelente para cualquier ocasi\u00f3n, garantizando siempre una experiencia de calidad.<\/p>\n","protected":false},"excerpt":{"rendered":"<p>Uno de los vodkas m\u00e1s conocidos del mundo.<\/p>\n<p>La botella de Eristoff cl\u00e1sica, una vodka con 40% de alcohol que se obtiene con una triple destilaci\u00f3n del alcohol del grano y posteriormente es filtrado por carb\u00f3n.<\/p>\n<p>As\u00ed se mantiene la receta original del Pr\u00edncipe Eristoff y con el cual se siguen preparando fant\u00e1sticos combinados.<\/p>\n","protected":false},"featured_media":64635,"comment_status":"closed","ping_status":"closed","template":"","meta":[],"product_brand":[],"product_cat":[33039,33227],"product_tag":[48902,15592,48825,48898,15593,39409,15591],"class_list":{"0":"post-41906","1":"product","2":"type-product","3":"status-publish","4":"has-post-thumbnail","6":"product_cat-destilados","7":"product_cat-vodka","8":"product_tag-eristoff","9":"product_tag-eristoff-1l-ca","10":"product_tag-francia","11":"product_tag-vodka","12":"product_tag-vodka-1l-ca","13":"product_tag-vodka-litro","14":"product_tag-vodka-premium-ca","15":"pa_bodega-bacardi","16":"pa_formatoenl-36160","17":"pa_formatoenml-38308","18":"pa_graduacion-37_5","19":"pa_pais-francia","20":"pa_pesoengramos-38337","21":"pa_pesoenkg-38228","22":"entry","23":"has-media","25":"first","26":"instock","27":"taxable","28":"shipping-taxable","29":"purchasable","30":"product-type-simple"},"_links":{"self":[{"href":"https:\/\/monlacata.cetrexmarketing.com\/wp-json\/wp\/v2\/product\/41906","targetHints":{"allow":["GET"]}}],"collection":[{"href":"https:\/\/monlacata.cetrexmarketing.com\/wp-json\/wp\/v2\/product"}],"about":[{"href":"https:\/\/monlacata.cetrexmarketing.com\/wp-json\/wp\/v2\/types\/product"}],"replies":[{"embeddable":true,"href":"https:\/\/monlacata.cetrexmarketing.com\/wp-json\/wp\/v2\/comments?post=41906"}],"wp:featuredmedia":[{"embeddable":true,"href":"https:\/\/monlacata.cetrexmarketing.com\/wp-json\/wp\/v2\/media\/64635"}],"wp:attachment":[{"href":"https:\/\/monlacata.cetrexmarketing.com\/wp-json\/wp\/v2\/media?parent=41906"}],"wp:term":[{"taxonomy":"product_brand","embeddable":true,"href":"https:\/\/monlacata.cetrexmarketing.com\/wp-json\/wp\/v2\/product_brand?post=41906"},{"taxonomy":"product_cat","embeddable":true,"href":"https:\/\/monlacata.cetrexmarketing.com\/wp-json\/wp\/v2\/product_cat?post=41906"},{"taxonomy":"product_tag","embeddable":true,"href":"https:\/\/monlacata.cetrexmarketing.com\/wp-json\/wp\/v2\/product_tag?post=41906"}],"curies":[{"name":"wp","href":"https:\/\/api.w.org\/{rel}","templated":true}]}}