{"id":44532,"date":"2020-04-20T20:04:31","date_gmt":"2020-04-20T20:04:31","guid":{"rendered":"https:\/\/monlacata.cetrexmarketing.com\/producto\/onna\/"},"modified":"2026-04-11T18:16:25","modified_gmt":"2026-04-11T18:16:25","slug":"onna","status":"publish","type":"product","link":"https:\/\/monlacata.cetrexmarketing.com\/producto\/onna\/","title":{"rendered":"Onna Tinto Ecol\u00f3gico"},"content":{"rendered":"<h6 class=\"sr-only\"><span style=\"color: #000000; font-family: fost; font-weight: 400;\"><strong>Onna Tinto Ecol\u00f3gico\u00a0<\/strong> es un vino tinto joven y fresco, elaborado con las variedades Tempranillo (70%) y Syrah (30%) procedentes de vi\u00f1as viejas cultivadas bajo pr\u00e1cticas ecol\u00f3gicas en la D.O. Pened\u00e9s. La vinificaci\u00f3n incluye una maceraci\u00f3n con los hollejos durante dos semanas y una crianza de tres meses en barricas de roble franc\u00e9s de Allier, que aportan complejidad y suavidad al vino.<\/span><\/h6>\n<div class=\"text-base my-auto mx-auto py-5 [--thread-content-margin:--spacing(4)] @[37rem]:[--thread-content-margin:--spacing(6)] @[72rem]:[--thread-content-margin:--spacing(16)] px-(--thread-content-margin)\">\n<div class=\"[--thread-content-max-width:32rem] @[34rem]:[--thread-content-max-width:40rem] @[64rem]:[--thread-content-max-width:48rem] mx-auto flex max-w-(--thread-content-max-width) flex-1 text-base gap-4 md:gap-5 lg:gap-6 group\/turn-messages focus-visible:outline-hidden\" tabindex=\"-1\">\n<div class=\"group\/conversation-turn relative flex w-full min-w-0 flex-col agent-turn\">\n<div class=\"relative flex-col gap-1 md:gap-3\">\n<div class=\"flex max-w-full flex-col grow\">\n<div class=\"min-h-8 text-message relative flex w-full flex-col items-end gap-2 text-start break-words whitespace-normal [.text-message+&amp;]:mt-5\" dir=\"auto\" data-message-author-role=\"assistant\" data-message-id=\"78ec5024-5d50-4276-bcc3-e9c409ba6884\" data-message-model-slug=\"gpt-4o\">\n<div class=\"flex w-full flex-col gap-1 empty:hidden first:pt-[3px]\">\n<div class=\"markdown prose dark:prose-invert w-full break-words light\">\n<p data-start=\"551\" data-end=\"570\"><strong data-start=\"551\" data-end=\"568\">Notas de cata<\/strong><\/p>\n<ul data-start=\"571\" data-end=\"875\">\n<li data-start=\"571\" data-end=\"628\">\n<p data-start=\"573\" data-end=\"628\"><strong data-start=\"573\" data-end=\"583\">Vista:<\/strong> Color rojo intenso con reflejos viol\u00e1ceos.<\/p>\n<\/li>\n<li data-start=\"629\" data-end=\"756\">\n<p data-start=\"631\" data-end=\"756\"><strong data-start=\"631\" data-end=\"641\">Nariz:<\/strong> Aromas frescos y limpios de frutas rojas y negras maduras, con sutiles notas especiadas que aportan profundidad.<\/p>\n<\/li>\n<li data-start=\"757\" data-end=\"875\">\n<p data-start=\"759\" data-end=\"875\"><strong data-start=\"759\" data-end=\"768\">Boca:<\/strong> Entrada suave y equilibrada, con taninos suaves y un final largo y goloso que invita a seguir disfrutando.<\/p>\n<\/li>\n<\/ul>\n<p data-start=\"877\" data-end=\"1115\"><strong data-start=\"877\" data-end=\"889\">Maridaje<\/strong><br data-start=\"889\" data-end=\"892\" \/>Este vino es ideal para acompa\u00f1ar aperitivos, carnes a la brasa, arroces y pastas con carne, carnes blancas, embutidos y quesos. Su versatilidad lo hace perfecto para consumo diario o para compartir en ocasiones especiales.<\/p>\n<p data-start=\"1117\" data-end=\"1414\"><strong data-start=\"1117\" data-end=\"1131\">Conclusi\u00f3n<\/strong><br data-start=\"1131\" data-end=\"1134\" \/>Onna Tinto Ecol\u00f3gico es una excelente expresi\u00f3n de la viticultura ecol\u00f3gica del Pened\u00e9s, con un perfil arom\u00e1tico rico y una estructura equilibrada que lo hace accesible y agradable para una amplia gama de consumidores. Adem\u00e1s, es apto para veganos, ampliando su inclusividad.<\/p>\n<\/div>\n<\/div>\n<\/div>\n<\/div>\n<\/div>\n<\/div>\n<\/div>\n<\/div>\n","protected":false},"excerpt":{"rendered":"<p>Onna Tinto Ecol\u00f3gico es un vino joven y fresco elaborado con Tempranillo y Syrah de vi\u00f1edos ecol\u00f3gicos del Pened\u00e9s. Destaca por su intensidad en copa, aromas de fruta madura y especias suaves, y un paso suave y equilibrado en boca. Es un vino vers\u00e1til, ideal para acompa\u00f1ar carnes a la brasa, arroces y quesos, que refleja la calidad y el respeto por el medio ambiente de la viticultura ecol\u00f3gica.<\/p>\n","protected":false},"featured_media":70607,"comment_status":"closed","ping_status":"closed","template":"","meta":[],"product_brand":[],"product_cat":[33047,33019,33053],"product_tag":[38775,49232,40787,49646,16408,40836,49226,39681,15843,40309,40726,48606,48605],"class_list":{"0":"post-44532","1":"product","2":"type-product","3":"status-publish","4":"has-post-thumbnail","6":"product_cat-ecologico","7":"product_cat-vino","8":"product_cat-vinos-tintos","9":"product_tag-agricultura-ecologica","10":"product_tag-apto-para-veganos","11":"product_tag-castellvi-de-rosanes","12":"product_tag-do-penedes","13":"product_tag-onna-ca","14":"product_tag-organic-farming","15":"product_tag-penedes","16":"product_tag-producto-ecologico","17":"product_tag-ramon-canals-ca","18":"product_tag-tinto","19":"product_tag-tinto-ecologico","20":"product_tag-vino","21":"product_tag-vino-tinto","22":"pa_anada-36214","23":"pa_bodega-ramon-canals","24":"pa_certificado-ecologico_vegano","25":"pa_do-penedes-d-o","26":"pa_envejecimiento-joven","27":"pa_formatoenml-38306","28":"pa_fresco-negre-fresc-2","29":"pa_graduacion-13_5","30":"pa_maridaje-embotits-2","31":"pa_maridaje-midons-2","32":"pa_pais-espana","33":"pa_pesoengramos-38354","34":"pa_pesoenkg-38229","35":"pa_region-cataluna","36":"pa_tipodevino-vinotranquilo","37":"pa_variedades-tempranillo_syrah","38":"entry","39":"has-media","41":"first","42":"instock","43":"taxable","44":"shipping-taxable","45":"purchasable","46":"product-type-simple"},"_links":{"self":[{"href":"https:\/\/monlacata.cetrexmarketing.com\/wp-json\/wp\/v2\/product\/44532","targetHints":{"allow":["GET"]}}],"collection":[{"href":"https:\/\/monlacata.cetrexmarketing.com\/wp-json\/wp\/v2\/product"}],"about":[{"href":"https:\/\/monlacata.cetrexmarketing.com\/wp-json\/wp\/v2\/types\/product"}],"replies":[{"embeddable":true,"href":"https:\/\/monlacata.cetrexmarketing.com\/wp-json\/wp\/v2\/comments?post=44532"}],"wp:featuredmedia":[{"embeddable":true,"href":"https:\/\/monlacata.cetrexmarketing.com\/wp-json\/wp\/v2\/media\/70607"}],"wp:attachment":[{"href":"https:\/\/monlacata.cetrexmarketing.com\/wp-json\/wp\/v2\/media?parent=44532"}],"wp:term":[{"taxonomy":"product_brand","embeddable":true,"href":"https:\/\/monlacata.cetrexmarketing.com\/wp-json\/wp\/v2\/product_brand?post=44532"},{"taxonomy":"product_cat","embeddable":true,"href":"https:\/\/monlacata.cetrexmarketing.com\/wp-json\/wp\/v2\/product_cat?post=44532"},{"taxonomy":"product_tag","embeddable":true,"href":"https:\/\/monlacata.cetrexmarketing.com\/wp-json\/wp\/v2\/product_tag?post=44532"}],"curies":[{"name":"wp","href":"https:\/\/api.w.org\/{rel}","templated":true}]}}