{"id":62979,"date":"2024-04-12T09:30:55","date_gmt":"2024-04-12T09:30:55","guid":{"rendered":"https:\/\/monlacata.cetrexmarketing.com\/?post_type=product&#038;p=62979"},"modified":"2026-05-03T12:10:55","modified_gmt":"2026-05-03T12:10:55","slug":"tanqueray-alcohol-free-00","status":"publish","type":"product","link":"https:\/\/monlacata.cetrexmarketing.com\/producto\/tanqueray-alcohol-free-00\/","title":{"rendered":"Tanqueray Alcohol Free 0&#8217;0"},"content":{"rendered":"<p><strong>Tanqueray Alcohol Free 0.0<\/strong> es una ginebra sin alcohol que mantiene la esencia y el sabor caracter\u00edstico de la marca. Elaborada con la misma mezcla de bot\u00e1nicos premium que la versi\u00f3n tradicional, ofrece un perfil de sabor aut\u00e9ntico y equilibrado, con notas c\u00edtricas y especiadas. Ideal para aquellos que buscan disfrutar de un c\u00f3ctel sofisticado sin alcohol, esta ginebra es perfecta para combinar con t\u00f3nica o para utilizar en una variedad de c\u00f3cteles sin comprometer el sabor.<\/p>\n","protected":false},"excerpt":{"rendered":"<p>Tanqueray Alcohol Free 0.0 es una ginebra sin alcohol que mantiene la esencia y el sabor caracter\u00edstico de la marca. Elaborada con la misma mezcla de bot\u00e1nicos premium que la versi\u00f3n tradicional, ofrece un perfil de sabor aut\u00e9ntico y equilibrado, con notas c\u00edtricas y especiadas. Ideal para aquellos que buscan disfrutar de un c\u00f3ctel sofisticado&hellip;<\/p>\n","protected":false},"featured_media":63122,"comment_status":"closed","ping_status":"closed","template":"","meta":[],"product_brand":[],"product_cat":[33039,33163],"product_tag":[15313,38989,49581,49580],"class_list":{"0":"post-62979","1":"product","2":"type-product","3":"status-publish","4":"has-post-thumbnail","6":"product_cat-destilados","7":"product_cat-ginebra","8":"product_tag-alcohol-free-2","9":"product_tag-sin-alcohol","10":"product_tag-tanqueray","11":"product_tag-tanqueray-alcohol-free-00","12":"pa_formatoenml-38307","13":"pa_pais-granbretana","14":"entry","15":"has-media","17":"first","18":"instock","19":"taxable","20":"shipping-taxable","21":"purchasable","22":"product-type-simple"},"_links":{"self":[{"href":"https:\/\/monlacata.cetrexmarketing.com\/wp-json\/wp\/v2\/product\/62979","targetHints":{"allow":["GET"]}}],"collection":[{"href":"https:\/\/monlacata.cetrexmarketing.com\/wp-json\/wp\/v2\/product"}],"about":[{"href":"https:\/\/monlacata.cetrexmarketing.com\/wp-json\/wp\/v2\/types\/product"}],"replies":[{"embeddable":true,"href":"https:\/\/monlacata.cetrexmarketing.com\/wp-json\/wp\/v2\/comments?post=62979"}],"wp:featuredmedia":[{"embeddable":true,"href":"https:\/\/monlacata.cetrexmarketing.com\/wp-json\/wp\/v2\/media\/63122"}],"wp:attachment":[{"href":"https:\/\/monlacata.cetrexmarketing.com\/wp-json\/wp\/v2\/media?parent=62979"}],"wp:term":[{"taxonomy":"product_brand","embeddable":true,"href":"https:\/\/monlacata.cetrexmarketing.com\/wp-json\/wp\/v2\/product_brand?post=62979"},{"taxonomy":"product_cat","embeddable":true,"href":"https:\/\/monlacata.cetrexmarketing.com\/wp-json\/wp\/v2\/product_cat?post=62979"},{"taxonomy":"product_tag","embeddable":true,"href":"https:\/\/monlacata.cetrexmarketing.com\/wp-json\/wp\/v2\/product_tag?post=62979"}],"curies":[{"name":"wp","href":"https:\/\/api.w.org\/{rel}","templated":true}]}}